{"id":4062452,"date":"2026-05-02T01:12:48","date_gmt":"2026-05-01T23:12:48","guid":{"rendered":"https:\/\/streetmarkets.fr\/app\/produit\/pins-apero\/"},"modified":"2026-05-02T01:12:54","modified_gmt":"2026-05-01T23:12:54","slug":"pins-apero","status":"publish","type":"product","link":"https:\/\/streetmarkets.fr\/app\/produit\/pins-apero\/","title":{"rendered":"Pin&#8217;s Ap\u00e9ro"},"content":{"rendered":"<div class=\"rte-content\" id=\"product-description-short-41\">\n<strong><a title=\"Collection Coucou Suzette\" href=\"\/collections\/coucou-suzette\">Collection Coucou Suzette<\/a><\/strong>\u00a0<\/div>\n<div class=\"rte-content\"><\/div>\n<div class=\"rte-content\">\n<p dir=\"ltr\">\u201cVous avez quoi en rouge ?\u201d<\/p>\n<p dir=\"ltr\">Puis le ballet qui s&#8217;ensuit : le serveur nous d\u00e9balle une liste de noms interminable, on choisit le seul qu\u2019on conna\u00eet, on fait semblant de sentir les ar\u00f4mes et de faire virevolter le liquide pour l\u00e2cher son plus beau \u201ctr\u00e8s jolie robe\u201d. Tout \u00e7a pour finir la soir\u00e9e en cul sec. \u00c7a sent le v\u00e9cu ? Non, pas du tout.<\/p>\n<p dir=\"ltr\">Un duo de pin\u2019s Bouteille de rouge et son verre \u00e0 pied, \u00e0 mettre au col de sa chemise pour donner du peps \u00e0 un look un peu trop sage !<\/p>\n<p><span>Pin&#8217;s en laiton et couleurs cloisonn\u00e9es.<\/span><\/p>\n<p><span>Dimensions : environs 4 x 1,4 cm<\/span><\/p>\n<\/div>\n<div class=\"product-actions\">\n<div class=\"product-add-to-cart pt-3\">\n<div class=\"row extra-small-gutters product-quantity\">\n<div class=\"col col-12 col-sm-auto\">\n<div class=\"qty\">\n<div class=\"input-group bootstrap-touchspin\"><\/div>\n<\/div>\n<\/div>\n<\/div>\n<\/div>\n<\/div>\n","protected":false},"excerpt":{"rendered":"<p>Collection Coucou Suzette\u00a0 \u201cVous avez quoi en rouge ?\u201d Puis le ballet qui s&#8217;ensuit : le serveur nous d\u00e9balle une liste de noms interminable, on choisit le seul qu\u2019on conna\u00eet, on fait semblant de sentir les ar\u00f4mes et de faire virevolter le liquide pour l\u00e2cher son plus beau \u201ctr\u00e8s jolie robe\u201d. Tout \u00e7a pour finir [&hellip;]<\/p>\n","protected":false},"featured_media":4062453,"comment_status":"open","ping_status":"closed","template":"","meta":[],"product_brand":[],"product_cat":[],"product_tag":[],"acf":[],"_links":{"self":[{"href":"https:\/\/streetmarkets.fr\/app\/wp-json\/wp\/v2\/product\/4062452"}],"collection":[{"href":"https:\/\/streetmarkets.fr\/app\/wp-json\/wp\/v2\/product"}],"about":[{"href":"https:\/\/streetmarkets.fr\/app\/wp-json\/wp\/v2\/types\/product"}],"replies":[{"embeddable":true,"href":"https:\/\/streetmarkets.fr\/app\/wp-json\/wp\/v2\/comments?post=4062452"}],"wp:featuredmedia":[{"embeddable":true,"href":"https:\/\/streetmarkets.fr\/app\/wp-json\/wp\/v2\/media\/4062453"}],"wp:attachment":[{"href":"https:\/\/streetmarkets.fr\/app\/wp-json\/wp\/v2\/media?parent=4062452"}],"wp:term":[{"taxonomy":"product_brand","embeddable":true,"href":"https:\/\/streetmarkets.fr\/app\/wp-json\/wp\/v2\/product_brand?post=4062452"},{"taxonomy":"product_cat","embeddable":true,"href":"https:\/\/streetmarkets.fr\/app\/wp-json\/wp\/v2\/product_cat?post=4062452"},{"taxonomy":"product_tag","embeddable":true,"href":"https:\/\/streetmarkets.fr\/app\/wp-json\/wp\/v2\/product_tag?post=4062452"}],"curies":[{"name":"wp","href":"https:\/\/api.w.org\/{rel}","templated":true}]}}