{"id":4062406,"date":"2026-05-02T01:12:46","date_gmt":"2026-05-01T23:12:46","guid":{"rendered":"https:\/\/streetmarkets.fr\/app\/produit\/boucles-doreilles-hirondelle\/"},"modified":"2026-05-06T01:12:31","modified_gmt":"2026-05-05T23:12:31","slug":"boucles-doreilles-hirondelle","status":"publish","type":"product","link":"https:\/\/streetmarkets.fr\/app\/produit\/boucles-doreilles-hirondelle\/","title":{"rendered":"Boucles d&#8217;oreilles Hirondelle"},"content":{"rendered":"<div id=\"product-description-short-41\" class=\"rte-content\">\n<div id=\"product-description-short-123\" class=\"rte-content\">\n<p><strong><a href=\"\/collections\/coucou-suzette\" title=\"Collection Coucou Suzette\">Collection Coucou Suzette<\/a><\/strong><\/p>\n<p>Une\u00a0magnifique paire de boucles d\u2019oreilles Hirondelle plaqu\u00e9es or effet martel\u00e9 \u00e0 porter avec une coiffure haute pour bien mettre en valeur ces beaux oiseaux dor\u00e9s !<\/p>\n<p>Les tiges de ce petit bijou sont faites d&#8217;acier inoxydable, ce qui le rend hypoallerg\u00e9nique pour nos douces oreilles !<\/p>\n<p>Dimensions : environ 3,5 x 3 cm<\/p>\n<p><span>Acier Plaqu\u00e9 Or 3 microns<\/span><\/p>\n<\/div>\n<\/div>\n","protected":false},"excerpt":{"rendered":"<p>Collection Coucou Suzette Une\u00a0magnifique paire de boucles d\u2019oreilles Hirondelle plaqu\u00e9es or effet martel\u00e9 \u00e0 porter avec une coiffure haute pour bien mettre en valeur ces beaux oiseaux dor\u00e9s ! Les tiges de ce petit bijou sont faites d&#8217;acier inoxydable, ce qui le rend hypoallerg\u00e9nique pour nos douces oreilles ! Dimensions : environ 3,5 x 3 [&hellip;]<\/p>\n","protected":false},"featured_media":4062407,"comment_status":"open","ping_status":"closed","template":"","meta":[],"product_brand":[],"product_cat":[],"product_tag":[],"acf":[],"_links":{"self":[{"href":"https:\/\/streetmarkets.fr\/app\/wp-json\/wp\/v2\/product\/4062406"}],"collection":[{"href":"https:\/\/streetmarkets.fr\/app\/wp-json\/wp\/v2\/product"}],"about":[{"href":"https:\/\/streetmarkets.fr\/app\/wp-json\/wp\/v2\/types\/product"}],"replies":[{"embeddable":true,"href":"https:\/\/streetmarkets.fr\/app\/wp-json\/wp\/v2\/comments?post=4062406"}],"wp:featuredmedia":[{"embeddable":true,"href":"https:\/\/streetmarkets.fr\/app\/wp-json\/wp\/v2\/media\/4062407"}],"wp:attachment":[{"href":"https:\/\/streetmarkets.fr\/app\/wp-json\/wp\/v2\/media?parent=4062406"}],"wp:term":[{"taxonomy":"product_brand","embeddable":true,"href":"https:\/\/streetmarkets.fr\/app\/wp-json\/wp\/v2\/product_brand?post=4062406"},{"taxonomy":"product_cat","embeddable":true,"href":"https:\/\/streetmarkets.fr\/app\/wp-json\/wp\/v2\/product_cat?post=4062406"},{"taxonomy":"product_tag","embeddable":true,"href":"https:\/\/streetmarkets.fr\/app\/wp-json\/wp\/v2\/product_tag?post=4062406"}],"curies":[{"name":"wp","href":"https:\/\/api.w.org\/{rel}","templated":true}]}}