{"id":4062379,"date":"2026-05-02T01:12:44","date_gmt":"2026-05-01T23:12:44","guid":{"rendered":"https:\/\/streetmarkets.fr\/app\/produit\/sac-sauval-leopard\/"},"modified":"2026-05-06T01:12:31","modified_gmt":"2026-05-05T23:12:31","slug":"sac-sauval-leopard","status":"publish","type":"product","link":"https:\/\/streetmarkets.fr\/app\/produit\/sac-sauval-leopard\/","title":{"rendered":"Sac Sauval L\u00e9opard"},"content":{"rendered":"<p><strong><a href=\"\/collections\/rive-droite-paris\" title=\"Collection Rive Droite Paris\">Collection Rive Droite Paris<\/a><\/strong><\/p>\n<p><span>Pour la 1\u00e8re fois chez Rive Droite, l&#8217;imprim\u00e9 prend le dessus avec la collection Wild Tribe, une collection sauvage d\u00e9clin\u00e9e en motif\u00a0L\u00e9opard, r\u00e9alis\u00e9\u00a0par l&#8217;artiste fran\u00e7aise Natacha Paschal. <\/span><\/p>\n<p>D\u00e9couvrez d\u00e8s \u00e0 pr\u00e9sent les iconiques Rivedroite dans leur version Wild : des essentiels qui donneront le twist parfait \u00e0 tous vos looks de rentr\u00e9e.<\/p>\n<p><span>Sauval c&#8217;est le city bag qui vous accompagne partout, de la maison au bureau, en v\u00e9lo, en transports, ou en scooter. Il est petit mais peut facilement contenir tous vos essentiels de la journ\u00e9e : ordinateur 13 pouces, cahier, porte monnaie, petite trousse makeup. Il se porte aussi bien en bandouli\u00e8re qu&#8217;\u00e0 l&#8217;\u00e9paule avec sa anse r\u00e9glable, et \u00e0 la main ou sur l&#8217;avant-bras avec ses 2 petites anses.<\/span><br \/><span>Son plus: sa poche int\u00e9rieure zipp\u00e9e pour garder cl\u00e9s et t\u00e9l\u00e9phone \u00e0 proximit\u00e9.<\/span><\/p>\n<p><span>Les doublures de cette collection sont unies de couleur noires et toujours issues de fins de stocks de tissus de l&#8217;industrie textile.<\/span><\/p>\n<ul>\n<li>\n<strong>Composition<\/strong><span>\u00a0<\/span>:<span>\u00a0<\/span><span data-mce-fragment=\"1\">Coton recycl\u00e9 &#8211; 84% Coton &amp; 16% Polyester<\/span>\n<\/li>\n<li>\n<span><strong>Emballage :\u00a0<\/strong><\/span>Ce produit est emball\u00e9 avec soin dans un pochon en coton r\u00e9utilisable avec un lien coulissant<\/li>\n<li>\n<strong>Doublure<\/strong><span>\u00a0<\/span>:\u00a0100% polycoton upcycl\u00e9 issu de fins de stocks de tissus de l&#8217;industrie textile. Doublures unies, de la couleur ext\u00e9rieure du sac\u00a0 \u00a0<\/li>\n<li>\n<strong>Dimensions<\/strong><span>\u00a0<\/span>:<span>\u00a0<\/span><span data-mce-fragment=\"1\">L33xH24xP18 cm<\/span>\n<\/li>\n<li>\n<strong>Conseils d&#8217;entretien<\/strong><span>\u00a0<\/span>:<br \/>\n<span data-mce-fragment=\"1\">Lavage \u00e0 sec uniquement. Repasser sur l&#8217;envers.<\/span>\n<\/li>\n<\/ul>\n","protected":false},"excerpt":{"rendered":"<p>Collection Rive Droite Paris Pour la 1\u00e8re fois chez Rive Droite, l&#8217;imprim\u00e9 prend le dessus avec la collection Wild Tribe, une collection sauvage d\u00e9clin\u00e9e en motif\u00a0L\u00e9opard, r\u00e9alis\u00e9\u00a0par l&#8217;artiste fran\u00e7aise Natacha Paschal. D\u00e9couvrez d\u00e8s \u00e0 pr\u00e9sent les iconiques Rivedroite dans leur version Wild : des essentiels qui donneront le twist parfait \u00e0 tous vos looks de [&hellip;]<\/p>\n","protected":false},"featured_media":4062380,"comment_status":"open","ping_status":"closed","template":"","meta":[],"product_brand":[],"product_cat":[],"product_tag":[],"acf":[],"_links":{"self":[{"href":"https:\/\/streetmarkets.fr\/app\/wp-json\/wp\/v2\/product\/4062379"}],"collection":[{"href":"https:\/\/streetmarkets.fr\/app\/wp-json\/wp\/v2\/product"}],"about":[{"href":"https:\/\/streetmarkets.fr\/app\/wp-json\/wp\/v2\/types\/product"}],"replies":[{"embeddable":true,"href":"https:\/\/streetmarkets.fr\/app\/wp-json\/wp\/v2\/comments?post=4062379"}],"wp:featuredmedia":[{"embeddable":true,"href":"https:\/\/streetmarkets.fr\/app\/wp-json\/wp\/v2\/media\/4062380"}],"wp:attachment":[{"href":"https:\/\/streetmarkets.fr\/app\/wp-json\/wp\/v2\/media?parent=4062379"}],"wp:term":[{"taxonomy":"product_brand","embeddable":true,"href":"https:\/\/streetmarkets.fr\/app\/wp-json\/wp\/v2\/product_brand?post=4062379"},{"taxonomy":"product_cat","embeddable":true,"href":"https:\/\/streetmarkets.fr\/app\/wp-json\/wp\/v2\/product_cat?post=4062379"},{"taxonomy":"product_tag","embeddable":true,"href":"https:\/\/streetmarkets.fr\/app\/wp-json\/wp\/v2\/product_tag?post=4062379"}],"curies":[{"name":"wp","href":"https:\/\/api.w.org\/{rel}","templated":true}]}}