{"id":4062374,"date":"2026-05-02T01:12:44","date_gmt":"2026-05-01T23:12:44","guid":{"rendered":"https:\/\/streetmarkets.fr\/app\/produit\/sac-banane-custine-xl-leopard\/"},"modified":"2026-05-13T01:13:45","modified_gmt":"2026-05-12T23:13:45","slug":"sac-banane-custine-xl-leopard","status":"publish","type":"product","link":"https:\/\/streetmarkets.fr\/app\/produit\/sac-banane-custine-xl-leopard\/","title":{"rendered":"Sac Banane Custine XL L\u00e9opard"},"content":{"rendered":"<p class=\"p1\"><a href=\"\/collections\/rive-droite-paris\" title=\"Collection Rive Droite Paris\"><strong>Collection Rive Droite Paris<\/strong><\/a><\/p>\n<p>Pour la 1\u00e8re fois chez Rive Droite, l&#8217;imprim\u00e9 prend le dessus avec la collection Wild Tribe, une collection sauvage d\u00e9clin\u00e9e en 2 motifs, L\u00e9opard et Z\u00e8bre, tous deux r\u00e9alis\u00e9s par l&#8217;artiste fran\u00e7aise Natacha Paschal. <\/p>\n<p>D\u00e9couvrez d\u00e8s \u00e0 pr\u00e9sent les iconiques Rivedroite dans leur version Wild : des essentiels qui donneront le twist parfait \u00e0 tous vos looks de rentr\u00e9e.<\/p>\n<p><span>Custine le sac banane se d\u00e9cline d\u00e9sormais en version XL. Vous allez adorer sa forme arrondie et sa grande poche int\u00e9rieure zipp\u00e9e qui vous permettra de s\u00e9parer vos affaires \u00e0 l&#8217;int\u00e9rieur. Avec Custine XL, plus besoin de sac pour emporter portefeuille, chargeur, t\u00e9l\u00e9phone, lunettes, m\u00e9dicaments, masques etc. Sa taille s&#8217;ajuste hyper facilement gr\u00e2ce \u00e0 sa anse r\u00e9glable.<\/span><\/p>\n<p><span>Les doublures de cette collection sont unies de couleur noires et toujours issues de fins de stocks de tissus de l&#8217;industrie textile.<\/span><\/p>\n<ul data-mce-fragment=\"1\">\n<li data-mce-fragment=\"1\">\n<strong data-mce-fragment=\"1\">Composition<\/strong><span data-mce-fragment=\"1\">\u00a0<\/span>:\u00a0\u00a0<span data-mce-fragment=\"1\">Coton recycl\u00e9 &#8211; 84% Coton &amp; 16% Polyester<\/span>\n<\/li>\n<li data-mce-fragment=\"1\">\n<span data-mce-fragment=\"1\"><strong data-mce-fragment=\"1\">Emballage :\u00a0<\/strong><\/span>Ce produit est emball\u00e9 avec soin dans un pochon en coton r\u00e9utilisable avec un lien coulissant<\/li>\n<li data-mce-fragment=\"1\">\n<strong data-mce-fragment=\"1\">Doublure<\/strong><span data-mce-fragment=\"1\">\u00a0<\/span>:\u00a0100% polycoton upcycl\u00e9 issu de fins de stocks de tissus de l&#8217;industrie textile. Doublures unies, de la couleur ext\u00e9rieure du sac<br data-mce-fragment=\"1\">\n<\/li>\n<li data-mce-fragment=\"1\">\n<strong data-mce-fragment=\"1\">Dimensions<\/strong><span data-mce-fragment=\"1\">\u00a0<\/span>:\u00a0\u00a0Hx22 Px6,5 Lx32 cm<\/li>\n<li data-mce-fragment=\"1\">\n<strong data-mce-fragment=\"1\">Conseils d&#8217;entretien<\/strong><span data-mce-fragment=\"1\">\u00a0<\/span>:<br \/>\n<span data-mce-fragment=\"1\">Lavage \u00e0 sec uniquement. Repasser sur l&#8217;envers.<\/span>\n<\/li>\n<\/ul>\n","protected":false},"excerpt":{"rendered":"<p>Collection Rive Droite Paris Pour la 1\u00e8re fois chez Rive Droite, l&#8217;imprim\u00e9 prend le dessus avec la collection Wild Tribe, une collection sauvage d\u00e9clin\u00e9e en 2 motifs, L\u00e9opard et Z\u00e8bre, tous deux r\u00e9alis\u00e9s par l&#8217;artiste fran\u00e7aise Natacha Paschal. D\u00e9couvrez d\u00e8s \u00e0 pr\u00e9sent les iconiques Rivedroite dans leur version Wild : des essentiels qui donneront le [&hellip;]<\/p>\n","protected":false},"featured_media":4062375,"comment_status":"open","ping_status":"closed","template":"","meta":[],"product_brand":[],"product_cat":[],"product_tag":[],"acf":[],"_links":{"self":[{"href":"https:\/\/streetmarkets.fr\/app\/wp-json\/wp\/v2\/product\/4062374"}],"collection":[{"href":"https:\/\/streetmarkets.fr\/app\/wp-json\/wp\/v2\/product"}],"about":[{"href":"https:\/\/streetmarkets.fr\/app\/wp-json\/wp\/v2\/types\/product"}],"replies":[{"embeddable":true,"href":"https:\/\/streetmarkets.fr\/app\/wp-json\/wp\/v2\/comments?post=4062374"}],"wp:featuredmedia":[{"embeddable":true,"href":"https:\/\/streetmarkets.fr\/app\/wp-json\/wp\/v2\/media\/4062375"}],"wp:attachment":[{"href":"https:\/\/streetmarkets.fr\/app\/wp-json\/wp\/v2\/media?parent=4062374"}],"wp:term":[{"taxonomy":"product_brand","embeddable":true,"href":"https:\/\/streetmarkets.fr\/app\/wp-json\/wp\/v2\/product_brand?post=4062374"},{"taxonomy":"product_cat","embeddable":true,"href":"https:\/\/streetmarkets.fr\/app\/wp-json\/wp\/v2\/product_cat?post=4062374"},{"taxonomy":"product_tag","embeddable":true,"href":"https:\/\/streetmarkets.fr\/app\/wp-json\/wp\/v2\/product_tag?post=4062374"}],"curies":[{"name":"wp","href":"https:\/\/api.w.org\/{rel}","templated":true}]}}