{"id":4062350,"date":"2026-05-02T01:12:42","date_gmt":"2026-05-01T23:12:42","guid":{"rendered":"https:\/\/streetmarkets.fr\/app\/produit\/pince-a-cheveux-paon\/"},"modified":"2026-05-09T01:12:00","modified_gmt":"2026-05-08T23:12:00","slug":"pince-a-cheveux-paon","status":"publish","type":"product","link":"https:\/\/streetmarkets.fr\/app\/produit\/pince-a-cheveux-paon\/","title":{"rendered":"Pince \u00e0 cheveux Paon"},"content":{"rendered":"<div class=\"rte-content\" id=\"product-description-short-41\">\n <a title=\"Collection Coucou Suzette\" href=\"\/collections\/coucou-suzette\"><strong>Collection Coucou Suzette<\/strong><\/a>\n<\/div>\n<div class=\"rte-content\"><strong><\/strong><\/div>\n<div class=\"rte-content\"><strong><\/strong><\/div>\n<div class=\"rte-content\">\n<div class=\"rte-content\" id=\"product-description-short-123\">\n<p>\u00a0<\/p>\n<p>Une sublime pince \u00e0 cheveux color\u00e9e en forme de Paon, cet oiseau qui nous fascine quand il fait la roue pour impressionner sa cour&#8230; Dame Nature n\u2019a pas ch\u00f4m\u00e9 quand elle a imagin\u00e9 cet animal ! Dans les tons bleus roi et verts \u00e9meraude nacr\u00e9s, avec ses jolis d\u00e9tails \u00e0 l\u2019encre dor\u00e9e, que l\u2019on retrouve aussi bien \u00e0 l\u2019ext\u00e9rieur qu\u2019\u00e0 l&#8217;int\u00e9rieur.<\/p>\n<p>Une parade nuptiale en toute circonstance pour relever nos cheveux avec \u00e9l\u00e9gance et originalit\u00e9 !<\/p>\n<p><span>Pince\u00a0\u00e0 cheveux kitsch et rigolote faite \u00e0 partir d\u2019Ac\u00e9tate de Cellulose rouge iris\u00e9e recycl\u00e9e &amp; biod\u00e9gradable (Eco-Friendly).<\/span><\/p>\n<p>Dimensions : environ 8,3 cm x 5,5 \u00a0cm<\/p>\n<\/div>\n<\/div>\n","protected":false},"excerpt":{"rendered":"<p>Collection Coucou Suzette \u00a0 Une sublime pince \u00e0 cheveux color\u00e9e en forme de Paon, cet oiseau qui nous fascine quand il fait la roue pour impressionner sa cour&#8230; Dame Nature n\u2019a pas ch\u00f4m\u00e9 quand elle a imagin\u00e9 cet animal ! Dans les tons bleus roi et verts \u00e9meraude nacr\u00e9s, avec ses jolis d\u00e9tails \u00e0 l\u2019encre [&hellip;]<\/p>\n","protected":false},"featured_media":4062351,"comment_status":"open","ping_status":"closed","template":"","meta":[],"product_brand":[],"product_cat":[],"product_tag":[],"acf":[],"_links":{"self":[{"href":"https:\/\/streetmarkets.fr\/app\/wp-json\/wp\/v2\/product\/4062350"}],"collection":[{"href":"https:\/\/streetmarkets.fr\/app\/wp-json\/wp\/v2\/product"}],"about":[{"href":"https:\/\/streetmarkets.fr\/app\/wp-json\/wp\/v2\/types\/product"}],"replies":[{"embeddable":true,"href":"https:\/\/streetmarkets.fr\/app\/wp-json\/wp\/v2\/comments?post=4062350"}],"wp:featuredmedia":[{"embeddable":true,"href":"https:\/\/streetmarkets.fr\/app\/wp-json\/wp\/v2\/media\/4062351"}],"wp:attachment":[{"href":"https:\/\/streetmarkets.fr\/app\/wp-json\/wp\/v2\/media?parent=4062350"}],"wp:term":[{"taxonomy":"product_brand","embeddable":true,"href":"https:\/\/streetmarkets.fr\/app\/wp-json\/wp\/v2\/product_brand?post=4062350"},{"taxonomy":"product_cat","embeddable":true,"href":"https:\/\/streetmarkets.fr\/app\/wp-json\/wp\/v2\/product_cat?post=4062350"},{"taxonomy":"product_tag","embeddable":true,"href":"https:\/\/streetmarkets.fr\/app\/wp-json\/wp\/v2\/product_tag?post=4062350"}],"curies":[{"name":"wp","href":"https:\/\/api.w.org\/{rel}","templated":true}]}}