{"id":4062334,"date":"2026-05-02T01:12:42","date_gmt":"2026-05-01T23:12:42","guid":{"rendered":"https:\/\/streetmarkets.fr\/app\/produit\/barrette-colombe\/"},"modified":"2026-05-06T01:12:31","modified_gmt":"2026-05-05T23:12:31","slug":"barrette-colombe","status":"publish","type":"product","link":"https:\/\/streetmarkets.fr\/app\/produit\/barrette-colombe\/","title":{"rendered":"Barrette Colombe"},"content":{"rendered":"<div id=\"product-description-short-41\" class=\"rte-content\"><strong><a href=\"\/collections\/coucou-suzette\" title=\"Collection Coucou Suzette\">Collection Coucou Suzette<\/a><\/strong><\/div>\n<div class=\"rte-content\"><strong><\/strong><\/div>\n<div class=\"rte-content\"><strong><\/strong><\/div>\n<div class=\"rte-content\">\n<p data-mce-fragment=\"1\">\u00a0<\/p>\n<p><span>Une colombe en plein vol pour une barrette \u00e0 cheveux po\u00e9tique \u00e0 souhait. Un joli accessoire blanc nacr\u00e9 aux d\u00e9tails dor\u00e9s pour maintenir ses petits cheveux ou pour ajouter une touche finale adorable \u00e0 son chignon. On aime ce bel oiseau plein de symboles, toutes ailes d\u00e9ploy\u00e9es dans notre crini\u00e8re.<\/span><\/p>\n<p data-mce-fragment=\"1\">On vous laisse trancher pour savoir si vous la prenez pour vous ou pour le.la petit.e dernier.e de la famille, dans tous les cas on risque de lui piquer !<\/p>\n<p><span><\/span>Cette barrette est faite \u00e0 partir d&#8217;Acetate de Cellulose recycl\u00e9e &amp; biod\u00e9gradable (Eco-Friendly).<\/p>\n<\/div>\n<div class=\"rte-content\">\n<div id=\"product-description-short-123\" class=\"rte-content\">\n<p>Dimensions : environ 4,5 cm x 3,5 cm<\/p>\n<\/div>\n<\/div>\n","protected":false},"excerpt":{"rendered":"<p>Collection Coucou Suzette \u00a0 Une colombe en plein vol pour une barrette \u00e0 cheveux po\u00e9tique \u00e0 souhait. Un joli accessoire blanc nacr\u00e9 aux d\u00e9tails dor\u00e9s pour maintenir ses petits cheveux ou pour ajouter une touche finale adorable \u00e0 son chignon. On aime ce bel oiseau plein de symboles, toutes ailes d\u00e9ploy\u00e9es dans notre crini\u00e8re. On [&hellip;]<\/p>\n","protected":false},"featured_media":4062335,"comment_status":"open","ping_status":"closed","template":"","meta":[],"product_brand":[],"product_cat":[],"product_tag":[],"acf":[],"_links":{"self":[{"href":"https:\/\/streetmarkets.fr\/app\/wp-json\/wp\/v2\/product\/4062334"}],"collection":[{"href":"https:\/\/streetmarkets.fr\/app\/wp-json\/wp\/v2\/product"}],"about":[{"href":"https:\/\/streetmarkets.fr\/app\/wp-json\/wp\/v2\/types\/product"}],"replies":[{"embeddable":true,"href":"https:\/\/streetmarkets.fr\/app\/wp-json\/wp\/v2\/comments?post=4062334"}],"wp:featuredmedia":[{"embeddable":true,"href":"https:\/\/streetmarkets.fr\/app\/wp-json\/wp\/v2\/media\/4062335"}],"wp:attachment":[{"href":"https:\/\/streetmarkets.fr\/app\/wp-json\/wp\/v2\/media?parent=4062334"}],"wp:term":[{"taxonomy":"product_brand","embeddable":true,"href":"https:\/\/streetmarkets.fr\/app\/wp-json\/wp\/v2\/product_brand?post=4062334"},{"taxonomy":"product_cat","embeddable":true,"href":"https:\/\/streetmarkets.fr\/app\/wp-json\/wp\/v2\/product_cat?post=4062334"},{"taxonomy":"product_tag","embeddable":true,"href":"https:\/\/streetmarkets.fr\/app\/wp-json\/wp\/v2\/product_tag?post=4062334"}],"curies":[{"name":"wp","href":"https:\/\/api.w.org\/{rel}","templated":true}]}}