{"id":4062298,"date":"2026-05-02T01:12:32","date_gmt":"2026-05-01T23:12:32","guid":{"rendered":"https:\/\/streetmarkets.fr\/app\/produit\/pince-a-cheveux-pensee\/"},"modified":"2026-05-09T01:11:49","modified_gmt":"2026-05-08T23:11:49","slug":"pince-a-cheveux-pensee","status":"publish","type":"product","link":"https:\/\/streetmarkets.fr\/app\/produit\/pince-a-cheveux-pensee\/","title":{"rendered":"Pince \u00e0 cheveux Pens\u00e9e"},"content":{"rendered":"<div class=\"rte-content\" id=\"product-description-short-41\">\n <a title=\"Collection Coucou Suzette\" href=\"\/collections\/coucou-suzette\"><strong>Collection Coucou Suzette<\/strong><\/a>\n<\/div>\n<div class=\"rte-content\"><strong><\/strong><\/div>\n<div class=\"rte-content\"><strong><\/strong><\/div>\n<div class=\"rte-content\">\n<div class=\"rte-content\" id=\"product-description-short-123\">\n<p>\u00a0<\/p>\n<p><span data-mce-fragment=\"1\">Une nouvelle pince \u00e0 cheveux en forme de Pens\u00e9e mauve, tout en d\u00e9licatesse et en transparence, en clin d&#8217;\u0153il \u00e0 sa grande s\u0153ur \u00e0 trois fleurs qu\u2019on adorait d\u00e9j\u00e0. Assez grande pour attraper tous les cheveux en un gros bun, m\u00eame les crini\u00e8res \u00e9paisses, longues ou boucl\u00e9es ! On aime<\/span><span data-mce-fragment=\"1\">\u00a0cet accessoire bijou et de toutes ses nuances de violet nacr\u00e9, sans oublier ses jolis d\u00e9tails dor\u00e9s en guise de touche finale r\u00e9tro comme on aime.<\/span><\/p>\n<p>Pince\u00a0\u00e0 cheveux kitsch et rigolote faite \u00e0 partir d\u2019Ac\u00e9tate de Cellulose recycl\u00e9 &amp; biod\u00e9gradable (Eco-Friendly).<\/p>\n<p>Dimensions : environ 5 cm x 5,1 cm<\/p>\n<\/div>\n<\/div>\n","protected":false},"excerpt":{"rendered":"<p>Collection Coucou Suzette \u00a0 Une nouvelle pince \u00e0 cheveux en forme de Pens\u00e9e mauve, tout en d\u00e9licatesse et en transparence, en clin d&#8217;\u0153il \u00e0 sa grande s\u0153ur \u00e0 trois fleurs qu\u2019on adorait d\u00e9j\u00e0. Assez grande pour attraper tous les cheveux en un gros bun, m\u00eame les crini\u00e8res \u00e9paisses, longues ou boucl\u00e9es ! On aime\u00a0cet accessoire [&hellip;]<\/p>\n","protected":false},"featured_media":4062299,"comment_status":"open","ping_status":"closed","template":"","meta":[],"product_brand":[],"product_cat":[],"product_tag":[],"acf":[],"_links":{"self":[{"href":"https:\/\/streetmarkets.fr\/app\/wp-json\/wp\/v2\/product\/4062298"}],"collection":[{"href":"https:\/\/streetmarkets.fr\/app\/wp-json\/wp\/v2\/product"}],"about":[{"href":"https:\/\/streetmarkets.fr\/app\/wp-json\/wp\/v2\/types\/product"}],"replies":[{"embeddable":true,"href":"https:\/\/streetmarkets.fr\/app\/wp-json\/wp\/v2\/comments?post=4062298"}],"wp:featuredmedia":[{"embeddable":true,"href":"https:\/\/streetmarkets.fr\/app\/wp-json\/wp\/v2\/media\/4062299"}],"wp:attachment":[{"href":"https:\/\/streetmarkets.fr\/app\/wp-json\/wp\/v2\/media?parent=4062298"}],"wp:term":[{"taxonomy":"product_brand","embeddable":true,"href":"https:\/\/streetmarkets.fr\/app\/wp-json\/wp\/v2\/product_brand?post=4062298"},{"taxonomy":"product_cat","embeddable":true,"href":"https:\/\/streetmarkets.fr\/app\/wp-json\/wp\/v2\/product_cat?post=4062298"},{"taxonomy":"product_tag","embeddable":true,"href":"https:\/\/streetmarkets.fr\/app\/wp-json\/wp\/v2\/product_tag?post=4062298"}],"curies":[{"name":"wp","href":"https:\/\/api.w.org\/{rel}","templated":true}]}}