{"id":4062262,"date":"2026-05-02T01:12:31","date_gmt":"2026-05-01T23:12:31","guid":{"rendered":"https:\/\/streetmarkets.fr\/app\/produit\/chaussettes-transparentes-pasteques\/"},"modified":"2026-05-16T01:11:51","modified_gmt":"2026-05-15T23:11:51","slug":"chaussettes-transparentes-pasteques","status":"publish","type":"product","link":"https:\/\/streetmarkets.fr\/app\/produit\/chaussettes-transparentes-pasteques\/","title":{"rendered":"Chaussettes Transparentes Past\u00e8ques"},"content":{"rendered":"<p class=\"p1\"><a title=\"Collection Coucou Suzette\" href=\"\/collections\/coucou-suzette\"><strong>Collection Coucou Suzette<\/strong><\/a><\/p>\n<p class=\"p1\"><span data-mce-fragment=\"1\">De belles chaussettes transparentes \u00e0 motif past\u00e8que, ce fruit qui nous sauvent les jours de canicule ! Quel plaisir de croquer dans une belle tranche sucr\u00e9e et gorg\u00e9e d\u2019eau durant une belle journ\u00e9e d\u2019\u00e9t\u00e9\u2026 On en salive rien que d\u2019y penser !<\/span><\/p>\n<p class=\"p1\">Chaussettes transparentes \u00e0 motifs past\u00e8ques.<br \/>Taille Unique (35-40).<\/p>\n<p class=\"p1\">Laver\u00a0\u00e0 froid, s\u00e9cher\u00a0\u00e0 l&#8217;air libre, ne pas repasser.<br \/><span>Polyester 60%, Coton 39%, Elasthanne 1%<\/span><\/p>\n","protected":false},"excerpt":{"rendered":"<p>Collection Coucou Suzette De belles chaussettes transparentes \u00e0 motif past\u00e8que, ce fruit qui nous sauvent les jours de canicule ! Quel plaisir de croquer dans une belle tranche sucr\u00e9e et gorg\u00e9e d\u2019eau durant une belle journ\u00e9e d\u2019\u00e9t\u00e9\u2026 On en salive rien que d\u2019y penser ! Chaussettes transparentes \u00e0 motifs past\u00e8ques.Taille Unique (35-40). Laver\u00a0\u00e0 froid, s\u00e9cher\u00a0\u00e0 [&hellip;]<\/p>\n","protected":false},"featured_media":4062263,"comment_status":"open","ping_status":"closed","template":"","meta":[],"product_brand":[],"product_cat":[],"product_tag":[],"acf":[],"_links":{"self":[{"href":"https:\/\/streetmarkets.fr\/app\/wp-json\/wp\/v2\/product\/4062262"}],"collection":[{"href":"https:\/\/streetmarkets.fr\/app\/wp-json\/wp\/v2\/product"}],"about":[{"href":"https:\/\/streetmarkets.fr\/app\/wp-json\/wp\/v2\/types\/product"}],"replies":[{"embeddable":true,"href":"https:\/\/streetmarkets.fr\/app\/wp-json\/wp\/v2\/comments?post=4062262"}],"wp:featuredmedia":[{"embeddable":true,"href":"https:\/\/streetmarkets.fr\/app\/wp-json\/wp\/v2\/media\/4062263"}],"wp:attachment":[{"href":"https:\/\/streetmarkets.fr\/app\/wp-json\/wp\/v2\/media?parent=4062262"}],"wp:term":[{"taxonomy":"product_brand","embeddable":true,"href":"https:\/\/streetmarkets.fr\/app\/wp-json\/wp\/v2\/product_brand?post=4062262"},{"taxonomy":"product_cat","embeddable":true,"href":"https:\/\/streetmarkets.fr\/app\/wp-json\/wp\/v2\/product_cat?post=4062262"},{"taxonomy":"product_tag","embeddable":true,"href":"https:\/\/streetmarkets.fr\/app\/wp-json\/wp\/v2\/product_tag?post=4062262"}],"curies":[{"name":"wp","href":"https:\/\/api.w.org\/{rel}","templated":true}]}}