{"id":4062186,"date":"2026-05-02T01:12:28","date_gmt":"2026-05-01T23:12:28","guid":{"rendered":"https:\/\/streetmarkets.fr\/app\/produit\/boucles-doreilles-pensees\/"},"modified":"2026-05-13T01:13:35","modified_gmt":"2026-05-12T23:13:35","slug":"boucles-doreilles-pensees","status":"publish","type":"product","link":"https:\/\/streetmarkets.fr\/app\/produit\/boucles-doreilles-pensees\/","title":{"rendered":"Boucles d&#8217;oreilles Pens\u00e9es"},"content":{"rendered":"<div id=\"product-description-short-41\" class=\"rte-content\">\n<div id=\"product-description-short-123\" class=\"rte-content\">\n<p><strong><a href=\"\/collections\/coucou-suzette\" title=\"Collection Coucou Suzette\">Collection Coucou Suzette<\/a><\/strong><\/p>\n<p><span>Pr\u00e9sente dans presque tous les parcs et jardins, la pens\u00e9e est la chouchoute des fans de jardinage ! Ces jolies boucles d\u2019oreilles violettes apporteront \u00e0 coup s\u00fbr une touche de printemps et de couleur \u00e0 votre tenue du jour.<\/span><\/p>\n<p>La fleur est faite \u00e0 partir d&#8217;ac\u00e9tate de cellulose recycl\u00e9e &amp; biod\u00e9gradable (eco-friendly) et l\u2019anneau est en acier inoxydable recouvert d&#8217;une couche d&#8217;or de 0.3 microns.<\/p>\n<p>Dimensions : environ 3,8 x 2,5 cm<\/p>\n<p>Acier Plaqu\u00e9 Or 3 microns &amp; Ac\u00e9tate.<\/p>\n<\/div>\n<\/div>\n","protected":false},"excerpt":{"rendered":"<p>Collection Coucou Suzette Pr\u00e9sente dans presque tous les parcs et jardins, la pens\u00e9e est la chouchoute des fans de jardinage ! Ces jolies boucles d\u2019oreilles violettes apporteront \u00e0 coup s\u00fbr une touche de printemps et de couleur \u00e0 votre tenue du jour. La fleur est faite \u00e0 partir d&#8217;ac\u00e9tate de cellulose recycl\u00e9e &amp; biod\u00e9gradable (eco-friendly) [&hellip;]<\/p>\n","protected":false},"featured_media":4062187,"comment_status":"open","ping_status":"closed","template":"","meta":[],"product_brand":[],"product_cat":[],"product_tag":[],"acf":[],"_links":{"self":[{"href":"https:\/\/streetmarkets.fr\/app\/wp-json\/wp\/v2\/product\/4062186"}],"collection":[{"href":"https:\/\/streetmarkets.fr\/app\/wp-json\/wp\/v2\/product"}],"about":[{"href":"https:\/\/streetmarkets.fr\/app\/wp-json\/wp\/v2\/types\/product"}],"replies":[{"embeddable":true,"href":"https:\/\/streetmarkets.fr\/app\/wp-json\/wp\/v2\/comments?post=4062186"}],"wp:featuredmedia":[{"embeddable":true,"href":"https:\/\/streetmarkets.fr\/app\/wp-json\/wp\/v2\/media\/4062187"}],"wp:attachment":[{"href":"https:\/\/streetmarkets.fr\/app\/wp-json\/wp\/v2\/media?parent=4062186"}],"wp:term":[{"taxonomy":"product_brand","embeddable":true,"href":"https:\/\/streetmarkets.fr\/app\/wp-json\/wp\/v2\/product_brand?post=4062186"},{"taxonomy":"product_cat","embeddable":true,"href":"https:\/\/streetmarkets.fr\/app\/wp-json\/wp\/v2\/product_cat?post=4062186"},{"taxonomy":"product_tag","embeddable":true,"href":"https:\/\/streetmarkets.fr\/app\/wp-json\/wp\/v2\/product_tag?post=4062186"}],"curies":[{"name":"wp","href":"https:\/\/api.w.org\/{rel}","templated":true}]}}