{"id":4062156,"date":"2026-05-02T01:12:26","date_gmt":"2026-05-01T23:12:26","guid":{"rendered":"https:\/\/streetmarkets.fr\/app\/produit\/bague-mamy\/"},"modified":"2026-05-13T01:13:35","modified_gmt":"2026-05-12T23:13:35","slug":"bague-mamy","status":"publish","type":"product","link":"https:\/\/streetmarkets.fr\/app\/produit\/bague-mamy\/","title":{"rendered":"Bague MAMY"},"content":{"rendered":"<p data-mce-fragment=\"1\"><a href=\"https:\/\/frenchtouche.com\/collections\/mea-ayaya\" title=\"Collection MEA AYAYA\"><span style=\"text-decoration: underline\"><strong>Collection\u00a0MEA AYAYA<\/strong><\/span><\/a><\/p>\n<p data-mce-fragment=\"1\">Anneau Pibiones MAMY &#8211; Argent 925\/1000 plaqu\u00e9 or.<\/p>\n<p class=\"p1\" data-mce-fragment=\"1\">Technique ancestrale :\u00a0granulation<i data-mce-fragment=\"1\">.<br \/><\/i><span>R\u00e9alis\u00e9e artisanalement par trois orf\u00e8vres en Sardaigne, avec la technique de fonte \u00e0\u00a0cire perdue &#8211; assemblage et finissage \u00e0 la main.<\/span><\/p>\n<p class=\"p1\" data-mce-fragment=\"1\"><span>Dimensions\u00a0approximatives : 10 mm.<\/span><\/p>\n<p class=\"p1\" data-mce-fragment=\"1\"><em>:: D\u00e9j\u00e0 utilis\u00e9 par les \u00c9trusques au IXe si\u00e8cle avant notre \u00e8re, l&#8217;art du filigrane est un des joyaux du patrimoine culturel m\u00e9diterran\u00e9en. Apparent\u00e9 \u00e0 une broderie de m\u00e9tal, ses ornements sont compos\u00e9s de fils d\u2019or savamment entrelac\u00e9s.\u00a0Les diff\u00e9rents motifs form\u00e9s par les grains de filigrane\u00a0nid d\u2019abeille\u00a0rappellent les grains de bl\u00e9 et assurent une fonction symbolique\u00a0: v\u0153ux d\u2019abondance, de prosp\u00e9rit\u00e9, et d\u2019amour. ::<\/em><\/p>\n<p data-mce-fragment=\"1\"><span style=\"text-decoration: underline\">Conseil d&#8217;entretien :<\/span><br data-mce-fragment=\"1\"><\/p>\n<p>Les bijoux MEA AYAYA en\u00a0argent plaqu\u00e9 or<span>\u00a0sont recouverts artisanalement d\u2019une couche d\u2019or 18 carats.<\/span>\u00a0La couleur\u00a0dor\u00e9e peut donc varier d&#8217;un bijou \u00e0 l&#8217;autre.\u00a0<\/p>\n<p><span>Votre bijou MEA AYAYA est destin\u00e9 \u00e0 vous accompagner chaque jour, cependant, son \u00e9clat peut sembler moins vif apr\u00e8s avoir \u00e9t\u00e9 port\u00e9 quotidiennement. En effet,<\/span>\u00a0le contact permanent d\u2019un bijou avec la peau, la pollution environnante et les \u00e9ventuels\u00a0chocs ext\u00e9rieurs exigent soin et attention.<\/p>\n<p>C&#8217;est pourquoi nous vous invitons \u00e0\u00a0:<\/p>\n<ul>\n<ul>\n<li>\u00c9viter au maximum le contact avec l\u2019eau, le savon, le parfum, le chlore, les produits chimiques et les cosm\u00e9tiques<\/li>\n<li>\u00d4ter si possible vos bijoux avant d\u2019exercer une activit\u00e9 qui risquerait de l\u2019endommager (activit\u00e9 sportive, cuisine&#8230;)<\/li>\n<li>Retirer vos bijoux au moment de vous coucher<\/li>\n<li>Enfin, si vous souhaitez raviver l&#8217;\u00e9clat du dor\u00e9 et du bruni qui se patine l\u00e9g\u00e8rement avec le temps, nous vous recommandons de nettoyer vos bijoux en argent uniquement avec un chiffon doux et sec.<\/li>\n<\/ul>\n<\/ul>\n","protected":false},"excerpt":{"rendered":"<p>Collection\u00a0MEA AYAYA Anneau Pibiones MAMY &#8211; Argent 925\/1000 plaqu\u00e9 or. Technique ancestrale :\u00a0granulation.R\u00e9alis\u00e9e artisanalement par trois orf\u00e8vres en Sardaigne, avec la technique de fonte \u00e0\u00a0cire perdue &#8211; assemblage et finissage \u00e0 la main. Dimensions\u00a0approximatives : 10 mm. :: D\u00e9j\u00e0 utilis\u00e9 par les \u00c9trusques au IXe si\u00e8cle avant notre \u00e8re, l&#8217;art du filigrane est un des [&hellip;]<\/p>\n","protected":false},"featured_media":4062157,"comment_status":"open","ping_status":"closed","template":"","meta":[],"product_brand":[],"product_cat":[],"product_tag":[],"acf":[],"_links":{"self":[{"href":"https:\/\/streetmarkets.fr\/app\/wp-json\/wp\/v2\/product\/4062156"}],"collection":[{"href":"https:\/\/streetmarkets.fr\/app\/wp-json\/wp\/v2\/product"}],"about":[{"href":"https:\/\/streetmarkets.fr\/app\/wp-json\/wp\/v2\/types\/product"}],"replies":[{"embeddable":true,"href":"https:\/\/streetmarkets.fr\/app\/wp-json\/wp\/v2\/comments?post=4062156"}],"wp:featuredmedia":[{"embeddable":true,"href":"https:\/\/streetmarkets.fr\/app\/wp-json\/wp\/v2\/media\/4062157"}],"wp:attachment":[{"href":"https:\/\/streetmarkets.fr\/app\/wp-json\/wp\/v2\/media?parent=4062156"}],"wp:term":[{"taxonomy":"product_brand","embeddable":true,"href":"https:\/\/streetmarkets.fr\/app\/wp-json\/wp\/v2\/product_brand?post=4062156"},{"taxonomy":"product_cat","embeddable":true,"href":"https:\/\/streetmarkets.fr\/app\/wp-json\/wp\/v2\/product_cat?post=4062156"},{"taxonomy":"product_tag","embeddable":true,"href":"https:\/\/streetmarkets.fr\/app\/wp-json\/wp\/v2\/product_tag?post=4062156"}],"curies":[{"name":"wp","href":"https:\/\/api.w.org\/{rel}","templated":true}]}}