{"id":4062133,"date":"2026-05-02T01:12:24","date_gmt":"2026-05-01T23:12:24","guid":{"rendered":"https:\/\/streetmarkets.fr\/app\/produit\/chaussettes-transparentes-coeurs\/"},"modified":"2026-05-06T01:12:17","modified_gmt":"2026-05-05T23:12:17","slug":"chaussettes-transparentes-coeurs","status":"publish","type":"product","link":"https:\/\/streetmarkets.fr\/app\/produit\/chaussettes-transparentes-coeurs\/","title":{"rendered":"Chaussettes Transparentes Coeurs"},"content":{"rendered":"<p class=\"p1\"><a href=\"\/collections\/coucou-suzette\" title=\"Collection Coucou Suzette\"><strong>Collection Coucou Suzette<\/strong><\/a><\/p>\n<p>De belles chaussettes transparentes dans les tons blancs et rouges, couvertes de jolis c\u0153urs, pour \u00eatre confortable et au chaud dans ses baskets tout en assumant son c\u00f4t\u00e9 romantique.<\/p>\n<p>Le d\u00e9tail qu\u2019on adore : le gros c\u0153ur \u00e0 l\u2019arri\u00e8re de la cheville, \u00e0 laisser d\u00e9passer de ses souliers pour donner des id\u00e9es \u00e0 son crush&#8230;<\/p>\n<p class=\"p1\">Chaussettes transparentes \u00e0 motifs\u00a0coeurs.<br \/>Taille Unique (35-40).<\/p>\n<p class=\"p1\">Laver\u00a0\u00e0 froid, s\u00e9cher\u00a0\u00e0 l&#8217;air libre, ne pas repasser.<br \/><span>Polyester 60%, Coton 39%, Elasthanne 1%<\/span><\/p>\n","protected":false},"excerpt":{"rendered":"<p>Collection Coucou Suzette De belles chaussettes transparentes dans les tons blancs et rouges, couvertes de jolis c\u0153urs, pour \u00eatre confortable et au chaud dans ses baskets tout en assumant son c\u00f4t\u00e9 romantique. Le d\u00e9tail qu\u2019on adore : le gros c\u0153ur \u00e0 l\u2019arri\u00e8re de la cheville, \u00e0 laisser d\u00e9passer de ses souliers pour donner des id\u00e9es [&hellip;]<\/p>\n","protected":false},"featured_media":4062134,"comment_status":"open","ping_status":"closed","template":"","meta":[],"product_brand":[],"product_cat":[],"product_tag":[],"acf":[],"_links":{"self":[{"href":"https:\/\/streetmarkets.fr\/app\/wp-json\/wp\/v2\/product\/4062133"}],"collection":[{"href":"https:\/\/streetmarkets.fr\/app\/wp-json\/wp\/v2\/product"}],"about":[{"href":"https:\/\/streetmarkets.fr\/app\/wp-json\/wp\/v2\/types\/product"}],"replies":[{"embeddable":true,"href":"https:\/\/streetmarkets.fr\/app\/wp-json\/wp\/v2\/comments?post=4062133"}],"wp:featuredmedia":[{"embeddable":true,"href":"https:\/\/streetmarkets.fr\/app\/wp-json\/wp\/v2\/media\/4062134"}],"wp:attachment":[{"href":"https:\/\/streetmarkets.fr\/app\/wp-json\/wp\/v2\/media?parent=4062133"}],"wp:term":[{"taxonomy":"product_brand","embeddable":true,"href":"https:\/\/streetmarkets.fr\/app\/wp-json\/wp\/v2\/product_brand?post=4062133"},{"taxonomy":"product_cat","embeddable":true,"href":"https:\/\/streetmarkets.fr\/app\/wp-json\/wp\/v2\/product_cat?post=4062133"},{"taxonomy":"product_tag","embeddable":true,"href":"https:\/\/streetmarkets.fr\/app\/wp-json\/wp\/v2\/product_tag?post=4062133"}],"curies":[{"name":"wp","href":"https:\/\/api.w.org\/{rel}","templated":true}]}}