{"id":4062112,"date":"2026-05-02T01:12:23","date_gmt":"2026-05-01T23:12:23","guid":{"rendered":"https:\/\/streetmarkets.fr\/app\/produit\/broche-bouteille-de-champagne\/"},"modified":"2026-05-13T01:13:25","modified_gmt":"2026-05-12T23:13:25","slug":"broche-bouteille-de-champagne","status":"publish","type":"product","link":"https:\/\/streetmarkets.fr\/app\/produit\/broche-bouteille-de-champagne\/","title":{"rendered":"Broche Bouteille de Champagne"},"content":{"rendered":"<p>\u00a0<\/p>\n<p><a title=\"Collection Macon &amp; Lesquoy\" href=\"\/collections\/macon-lesquoy\"><strong>Collection Macon &amp; Lesquoy<\/strong><\/a><\/p>\n<p><span data-mce-fragment=\"1\">Champagne !<\/span><\/p>\n<p><span data-mce-fragment=\"1\">Taille de la broche : environ 4,3 x 2,2 cm<\/span><\/p>\n<p><span>Dessin\u00e9es et brod\u00e9es avec soin,\u00a0<\/span><span>les\u00a0<\/span><span>broches Macon &amp; Lesquoy sont l&#8217;accessoire indispensable de l\u2019\u00e9l\u00e9gance&#8230; Jusque dans leur coffret en carton et velours ! Porteuses de messages et d\u2019attention, elles savent s\u00e9duire en toute occasion.<\/span><\/p>\n<p><span>Les broderies sont enti\u00e8rement r\u00e9alis\u00e9es \u00e0 la main, en fil de cannetille, selon une technique indo-pakistanaise tr\u00e8s ancienne.<\/span><\/p>\n","protected":false},"excerpt":{"rendered":"<p>\u00a0 Collection Macon &amp; Lesquoy Champagne ! Taille de la broche : environ 4,3 x 2,2 cm Dessin\u00e9es et brod\u00e9es avec soin,\u00a0les\u00a0broches Macon &amp; Lesquoy sont l&#8217;accessoire indispensable de l\u2019\u00e9l\u00e9gance&#8230; Jusque dans leur coffret en carton et velours ! Porteuses de messages et d\u2019attention, elles savent s\u00e9duire en toute occasion. Les broderies sont enti\u00e8rement r\u00e9alis\u00e9es [&hellip;]<\/p>\n","protected":false},"featured_media":4062113,"comment_status":"open","ping_status":"closed","template":"","meta":[],"product_brand":[],"product_cat":[],"product_tag":[],"acf":[],"_links":{"self":[{"href":"https:\/\/streetmarkets.fr\/app\/wp-json\/wp\/v2\/product\/4062112"}],"collection":[{"href":"https:\/\/streetmarkets.fr\/app\/wp-json\/wp\/v2\/product"}],"about":[{"href":"https:\/\/streetmarkets.fr\/app\/wp-json\/wp\/v2\/types\/product"}],"replies":[{"embeddable":true,"href":"https:\/\/streetmarkets.fr\/app\/wp-json\/wp\/v2\/comments?post=4062112"}],"wp:featuredmedia":[{"embeddable":true,"href":"https:\/\/streetmarkets.fr\/app\/wp-json\/wp\/v2\/media\/4062113"}],"wp:attachment":[{"href":"https:\/\/streetmarkets.fr\/app\/wp-json\/wp\/v2\/media?parent=4062112"}],"wp:term":[{"taxonomy":"product_brand","embeddable":true,"href":"https:\/\/streetmarkets.fr\/app\/wp-json\/wp\/v2\/product_brand?post=4062112"},{"taxonomy":"product_cat","embeddable":true,"href":"https:\/\/streetmarkets.fr\/app\/wp-json\/wp\/v2\/product_cat?post=4062112"},{"taxonomy":"product_tag","embeddable":true,"href":"https:\/\/streetmarkets.fr\/app\/wp-json\/wp\/v2\/product_tag?post=4062112"}],"curies":[{"name":"wp","href":"https:\/\/api.w.org\/{rel}","templated":true}]}}