{"id":4062105,"date":"2026-05-02T01:12:22","date_gmt":"2026-05-01T23:12:22","guid":{"rendered":"https:\/\/streetmarkets.fr\/app\/produit\/chaussettes-transparentes-fraises\/"},"modified":"2026-05-13T01:13:25","modified_gmt":"2026-05-12T23:13:25","slug":"chaussettes-transparentes-fraises","status":"publish","type":"product","link":"https:\/\/streetmarkets.fr\/app\/produit\/chaussettes-transparentes-fraises\/","title":{"rendered":"Chaussettes Transparentes Fraises"},"content":{"rendered":"<p class=\"p1\"><a title=\"Collection Coucou Suzette\" href=\"\/collections\/coucou-suzette\"><strong>Collection Coucou Suzette<\/strong><\/a><\/p>\n<p class=\"p1\"><span data-mce-fragment=\"1\">Des chaussettes transparentes gourmandes et sucr\u00e9es, orn\u00e9es de petites fraises rouge vif \u00e0 croquer, en clin d&#8217;\u0153il \u00e0 notre dessert pr\u00e9f\u00e9r\u00e9 des beaux jours.<\/span><\/p>\n<p class=\"p1\">Chaussettes transparentes \u00e0 motifs\u00a0fraises<br \/>Taille Unique (35-40).<\/p>\n<p class=\"p1\">Laver\u00a0\u00e0 froid, s\u00e9cher\u00a0\u00e0 l&#8217;air libre, ne pas repasser.<br \/><span>Polyester 60%, Coton 39%, Elasthanne 1%<\/span><\/p>\n","protected":false},"excerpt":{"rendered":"<p>Collection Coucou Suzette Des chaussettes transparentes gourmandes et sucr\u00e9es, orn\u00e9es de petites fraises rouge vif \u00e0 croquer, en clin d&#8217;\u0153il \u00e0 notre dessert pr\u00e9f\u00e9r\u00e9 des beaux jours. Chaussettes transparentes \u00e0 motifs\u00a0fraisesTaille Unique (35-40). Laver\u00a0\u00e0 froid, s\u00e9cher\u00a0\u00e0 l&#8217;air libre, ne pas repasser.Polyester 60%, Coton 39%, Elasthanne 1%<\/p>\n","protected":false},"featured_media":4062106,"comment_status":"open","ping_status":"closed","template":"","meta":[],"product_brand":[],"product_cat":[],"product_tag":[],"acf":[],"_links":{"self":[{"href":"https:\/\/streetmarkets.fr\/app\/wp-json\/wp\/v2\/product\/4062105"}],"collection":[{"href":"https:\/\/streetmarkets.fr\/app\/wp-json\/wp\/v2\/product"}],"about":[{"href":"https:\/\/streetmarkets.fr\/app\/wp-json\/wp\/v2\/types\/product"}],"replies":[{"embeddable":true,"href":"https:\/\/streetmarkets.fr\/app\/wp-json\/wp\/v2\/comments?post=4062105"}],"wp:featuredmedia":[{"embeddable":true,"href":"https:\/\/streetmarkets.fr\/app\/wp-json\/wp\/v2\/media\/4062106"}],"wp:attachment":[{"href":"https:\/\/streetmarkets.fr\/app\/wp-json\/wp\/v2\/media?parent=4062105"}],"wp:term":[{"taxonomy":"product_brand","embeddable":true,"href":"https:\/\/streetmarkets.fr\/app\/wp-json\/wp\/v2\/product_brand?post=4062105"},{"taxonomy":"product_cat","embeddable":true,"href":"https:\/\/streetmarkets.fr\/app\/wp-json\/wp\/v2\/product_cat?post=4062105"},{"taxonomy":"product_tag","embeddable":true,"href":"https:\/\/streetmarkets.fr\/app\/wp-json\/wp\/v2\/product_tag?post=4062105"}],"curies":[{"name":"wp","href":"https:\/\/api.w.org\/{rel}","templated":true}]}}