{"id":4062078,"date":"2026-05-02T01:12:11","date_gmt":"2026-05-01T23:12:11","guid":{"rendered":"https:\/\/streetmarkets.fr\/app\/produit\/grande-pince-a-cheveux-paquerette\/"},"modified":"2026-05-09T01:11:39","modified_gmt":"2026-05-08T23:11:39","slug":"grande-pince-a-cheveux-paquerette","status":"publish","type":"product","link":"https:\/\/streetmarkets.fr\/app\/produit\/grande-pince-a-cheveux-paquerette\/","title":{"rendered":"Grande Pince \u00e0 cheveux P\u00e2querette"},"content":{"rendered":"<div class=\"rte-content\" id=\"product-description-short-41\">\n <a title=\"Collection Coucou Suzette\" href=\"\/collections\/coucou-suzette\"><strong>Collection Coucou Suzette<\/strong><\/a>\n<\/div>\n<div class=\"rte-content\"><strong><\/strong><\/div>\n<div class=\"rte-content\"><strong><\/strong><\/div>\n<div class=\"rte-content\">\n<div class=\"rte-content\" id=\"product-description-short-123\">\n<p>\u00a0<\/p>\n<p><span data-mce-fragment=\"1\">Une grosse pince \u00e0 cheveux compos\u00e9e de trois\u00a0jolies p\u00e2querettes nacr\u00e9es au pistil jaune vif pour\u00a0sublimer votre chignon.<\/span><\/p>\n<p><span>Pince \u00e0 cheveux fleurie de\u00a0blanche et jaune faite \u00e0 partir d&#8217;ac\u00e9tate de cellulose recycl\u00e9e &amp; biod\u00e9gradable (eco-friendly).<\/span><\/p>\n<p>Dimensions : environ 9,5 cm x 4,5 cm<\/p>\n<\/div>\n<\/div>\n","protected":false},"excerpt":{"rendered":"<p>Collection Coucou Suzette \u00a0 Une grosse pince \u00e0 cheveux compos\u00e9e de trois\u00a0jolies p\u00e2querettes nacr\u00e9es au pistil jaune vif pour\u00a0sublimer votre chignon. Pince \u00e0 cheveux fleurie de\u00a0blanche et jaune faite \u00e0 partir d&#8217;ac\u00e9tate de cellulose recycl\u00e9e &amp; biod\u00e9gradable (eco-friendly). Dimensions : environ 9,5 cm x 4,5 cm<\/p>\n","protected":false},"featured_media":4062079,"comment_status":"open","ping_status":"closed","template":"","meta":[],"product_brand":[],"product_cat":[],"product_tag":[],"acf":[],"_links":{"self":[{"href":"https:\/\/streetmarkets.fr\/app\/wp-json\/wp\/v2\/product\/4062078"}],"collection":[{"href":"https:\/\/streetmarkets.fr\/app\/wp-json\/wp\/v2\/product"}],"about":[{"href":"https:\/\/streetmarkets.fr\/app\/wp-json\/wp\/v2\/types\/product"}],"replies":[{"embeddable":true,"href":"https:\/\/streetmarkets.fr\/app\/wp-json\/wp\/v2\/comments?post=4062078"}],"wp:featuredmedia":[{"embeddable":true,"href":"https:\/\/streetmarkets.fr\/app\/wp-json\/wp\/v2\/media\/4062079"}],"wp:attachment":[{"href":"https:\/\/streetmarkets.fr\/app\/wp-json\/wp\/v2\/media?parent=4062078"}],"wp:term":[{"taxonomy":"product_brand","embeddable":true,"href":"https:\/\/streetmarkets.fr\/app\/wp-json\/wp\/v2\/product_brand?post=4062078"},{"taxonomy":"product_cat","embeddable":true,"href":"https:\/\/streetmarkets.fr\/app\/wp-json\/wp\/v2\/product_cat?post=4062078"},{"taxonomy":"product_tag","embeddable":true,"href":"https:\/\/streetmarkets.fr\/app\/wp-json\/wp\/v2\/product_tag?post=4062078"}],"curies":[{"name":"wp","href":"https:\/\/api.w.org\/{rel}","templated":true}]}}