{"id":4062060,"date":"2026-05-02T01:12:10","date_gmt":"2026-05-01T23:12:10","guid":{"rendered":"https:\/\/streetmarkets.fr\/app\/produit\/pins-citron\/"},"modified":"2026-05-11T01:11:46","modified_gmt":"2026-05-10T23:11:46","slug":"pins-citron","status":"publish","type":"product","link":"https:\/\/streetmarkets.fr\/app\/produit\/pins-citron\/","title":{"rendered":"Pin&#8217;s Citron"},"content":{"rendered":"<div class=\"rte-content\" id=\"product-description-short-41\">\n<strong><a title=\"Collection Coucou Suzette\" href=\"\/collections\/coucou-suzette\">Collection Coucou Suzette<\/a><\/strong>\u00a0<\/div>\n<div class=\"rte-content\"><\/div>\n<div class=\"rte-content\"><\/div>\n<div class=\"rte-content\"><\/div>\n<div class=\"rte-content\"><\/div>\n<div class=\"rte-content\">\n<p><span data-mce-fragment=\"1\">On adore le citron pour son acidit\u00e9 qui r\u00e9hausse toutes les saveurs en un zeste et ajoute du peps \u00e0 nos plats un poil fades !<\/span><\/p>\n<p>Environ 2,5 x 1,5 cm\u00a0<br \/><span><\/span><\/p>\n<p><span>Pin&#8217;s en laiton et couleurs cloisonn\u00e9e<\/span><\/p>\n<\/div>\n<div class=\"product-actions\">\n<div class=\"product-add-to-cart pt-3\">\n<div class=\"row extra-small-gutters product-quantity\">\n<div class=\"col col-12 col-sm-auto\">\n<div class=\"qty\">\n<div class=\"input-group bootstrap-touchspin\"><\/div>\n<\/div>\n<\/div>\n<\/div>\n<\/div>\n<\/div>\n","protected":false},"excerpt":{"rendered":"<p>Collection Coucou Suzette\u00a0 On adore le citron pour son acidit\u00e9 qui r\u00e9hausse toutes les saveurs en un zeste et ajoute du peps \u00e0 nos plats un poil fades ! Environ 2,5 x 1,5 cm\u00a0 Pin&#8217;s en laiton et couleurs cloisonn\u00e9e<\/p>\n","protected":false},"featured_media":4062061,"comment_status":"open","ping_status":"closed","template":"","meta":[],"product_brand":[],"product_cat":[],"product_tag":[],"acf":[],"_links":{"self":[{"href":"https:\/\/streetmarkets.fr\/app\/wp-json\/wp\/v2\/product\/4062060"}],"collection":[{"href":"https:\/\/streetmarkets.fr\/app\/wp-json\/wp\/v2\/product"}],"about":[{"href":"https:\/\/streetmarkets.fr\/app\/wp-json\/wp\/v2\/types\/product"}],"replies":[{"embeddable":true,"href":"https:\/\/streetmarkets.fr\/app\/wp-json\/wp\/v2\/comments?post=4062060"}],"wp:featuredmedia":[{"embeddable":true,"href":"https:\/\/streetmarkets.fr\/app\/wp-json\/wp\/v2\/media\/4062061"}],"wp:attachment":[{"href":"https:\/\/streetmarkets.fr\/app\/wp-json\/wp\/v2\/media?parent=4062060"}],"wp:term":[{"taxonomy":"product_brand","embeddable":true,"href":"https:\/\/streetmarkets.fr\/app\/wp-json\/wp\/v2\/product_brand?post=4062060"},{"taxonomy":"product_cat","embeddable":true,"href":"https:\/\/streetmarkets.fr\/app\/wp-json\/wp\/v2\/product_cat?post=4062060"},{"taxonomy":"product_tag","embeddable":true,"href":"https:\/\/streetmarkets.fr\/app\/wp-json\/wp\/v2\/product_tag?post=4062060"}],"curies":[{"name":"wp","href":"https:\/\/api.w.org\/{rel}","templated":true}]}}