{"id":4062047,"date":"2026-05-02T01:12:09","date_gmt":"2026-05-01T23:12:09","guid":{"rendered":"https:\/\/streetmarkets.fr\/app\/produit\/boucles-doreilles-citrons\/"},"modified":"2026-05-06T01:12:05","modified_gmt":"2026-05-05T23:12:05","slug":"boucles-doreilles-citrons","status":"publish","type":"product","link":"https:\/\/streetmarkets.fr\/app\/produit\/boucles-doreilles-citrons\/","title":{"rendered":"Boucles d&#8217;oreilles Citrons"},"content":{"rendered":"<div class=\"rte-content\" id=\"product-description-short-41\">\n<div class=\"rte-content\" id=\"product-description-short-123\">\n<p><strong><a title=\"Collection Coucou Suzette\" href=\"\/collections\/coucou-suzette\">Collection Coucou Suzette<\/a><\/strong><\/p>\n<p><span>Un zeste ou plus si affinit\u00e9s\u2026 Deux jolis petits citrons d\u00e9pareill\u00e9s suspendus \u00e0 d&#8217;intemporels anneaux plaqu\u00e9s or : un citron entier d\u2019un c\u00f4t\u00e9, un petit quartier (en clin d&#8217;\u0153il \u00e0 nos cocktails pr\u00e9f\u00e9r\u00e9s) de l\u2019autre. De belles boucles d\u2019oreilles acidul\u00e9es ultra l\u00e9g\u00e8res \u00e0 porter et qui nous donnent des airs de Sofia Loren pour cr\u00e2ner tout l\u2019\u00e9t\u00e9.<\/span><\/p>\n<p>Le fruit est fait \u00e0 partir d&#8217;ac\u00e9tate de cellulose recycl\u00e9e &amp; biod\u00e9gradable (eco-friendly) et l\u2019anneau est en acier inoxydable recouvert d&#8217;une couche d&#8217;or de 0.3 microns.<\/p>\n<p>Dimensions : environ 3,9 x 3,9 cm<\/p>\n<p>Acier Plaqu\u00e9 Or 3 microns &amp; Ac\u00e9tate.<\/p>\n<\/div>\n<\/div>\n","protected":false},"excerpt":{"rendered":"<p>Collection Coucou Suzette Un zeste ou plus si affinit\u00e9s\u2026 Deux jolis petits citrons d\u00e9pareill\u00e9s suspendus \u00e0 d&#8217;intemporels anneaux plaqu\u00e9s or : un citron entier d\u2019un c\u00f4t\u00e9, un petit quartier (en clin d&#8217;\u0153il \u00e0 nos cocktails pr\u00e9f\u00e9r\u00e9s) de l\u2019autre. De belles boucles d\u2019oreilles acidul\u00e9es ultra l\u00e9g\u00e8res \u00e0 porter et qui nous donnent des airs de Sofia [&hellip;]<\/p>\n","protected":false},"featured_media":4062048,"comment_status":"open","ping_status":"closed","template":"","meta":[],"product_brand":[],"product_cat":[],"product_tag":[],"acf":[],"_links":{"self":[{"href":"https:\/\/streetmarkets.fr\/app\/wp-json\/wp\/v2\/product\/4062047"}],"collection":[{"href":"https:\/\/streetmarkets.fr\/app\/wp-json\/wp\/v2\/product"}],"about":[{"href":"https:\/\/streetmarkets.fr\/app\/wp-json\/wp\/v2\/types\/product"}],"replies":[{"embeddable":true,"href":"https:\/\/streetmarkets.fr\/app\/wp-json\/wp\/v2\/comments?post=4062047"}],"wp:featuredmedia":[{"embeddable":true,"href":"https:\/\/streetmarkets.fr\/app\/wp-json\/wp\/v2\/media\/4062048"}],"wp:attachment":[{"href":"https:\/\/streetmarkets.fr\/app\/wp-json\/wp\/v2\/media?parent=4062047"}],"wp:term":[{"taxonomy":"product_brand","embeddable":true,"href":"https:\/\/streetmarkets.fr\/app\/wp-json\/wp\/v2\/product_brand?post=4062047"},{"taxonomy":"product_cat","embeddable":true,"href":"https:\/\/streetmarkets.fr\/app\/wp-json\/wp\/v2\/product_cat?post=4062047"},{"taxonomy":"product_tag","embeddable":true,"href":"https:\/\/streetmarkets.fr\/app\/wp-json\/wp\/v2\/product_tag?post=4062047"}],"curies":[{"name":"wp","href":"https:\/\/api.w.org\/{rel}","templated":true}]}}