{"id":4062041,"date":"2026-05-02T01:12:09","date_gmt":"2026-05-01T23:12:09","guid":{"rendered":"https:\/\/streetmarkets.fr\/app\/produit\/barrette-citron\/"},"modified":"2026-05-16T01:11:40","modified_gmt":"2026-05-15T23:11:40","slug":"barrette-citron","status":"publish","type":"product","link":"https:\/\/streetmarkets.fr\/app\/produit\/barrette-citron\/","title":{"rendered":"Barrette Citron"},"content":{"rendered":"<div id=\"product-description-short-41\" class=\"rte-content\"><strong><a href=\"\/collections\/coucou-suzette\" title=\"Collection Coucou Suzette\">Collection Coucou Suzette<\/a><\/strong><\/div>\n<div class=\"rte-content\"><strong><\/strong><\/div>\n<div class=\"rte-content\">\n<p data-mce-fragment=\"1\">\u00a0<\/p>\n<p><span data-mce-fragment=\"1\">Une adorable petite barrette \u00e0 cheveux en forme de quartier de citron jaune vif. Un accessoire tr\u00e8s pratique pour maintenir les \u00e9pis effront\u00e9s qui ne tiennent pas en place, ou pour pimper une queue de cheval un peu trop discr\u00e8te !<\/span><\/p>\n<p><span><\/span>Cette barrette est faite \u00e0 partir d&#8217;Acetate de Cellulose recycl\u00e9e &amp; biod\u00e9gradable (Eco-Friendly).<\/p>\n<\/div>\n<div class=\"rte-content\">\n<div id=\"product-description-short-123\" class=\"rte-content\">\n<p>Dimensions : environ 3,5 cm x 2 cm<\/p>\n<\/div>\n<\/div>\n","protected":false},"excerpt":{"rendered":"<p>Collection Coucou Suzette \u00a0 Une adorable petite barrette \u00e0 cheveux en forme de quartier de citron jaune vif. Un accessoire tr\u00e8s pratique pour maintenir les \u00e9pis effront\u00e9s qui ne tiennent pas en place, ou pour pimper une queue de cheval un peu trop discr\u00e8te ! Cette barrette est faite \u00e0 partir d&#8217;Acetate de Cellulose recycl\u00e9e [&hellip;]<\/p>\n","protected":false},"featured_media":4062042,"comment_status":"open","ping_status":"closed","template":"","meta":[],"product_brand":[],"product_cat":[],"product_tag":[],"acf":[],"_links":{"self":[{"href":"https:\/\/streetmarkets.fr\/app\/wp-json\/wp\/v2\/product\/4062041"}],"collection":[{"href":"https:\/\/streetmarkets.fr\/app\/wp-json\/wp\/v2\/product"}],"about":[{"href":"https:\/\/streetmarkets.fr\/app\/wp-json\/wp\/v2\/types\/product"}],"replies":[{"embeddable":true,"href":"https:\/\/streetmarkets.fr\/app\/wp-json\/wp\/v2\/comments?post=4062041"}],"wp:featuredmedia":[{"embeddable":true,"href":"https:\/\/streetmarkets.fr\/app\/wp-json\/wp\/v2\/media\/4062042"}],"wp:attachment":[{"href":"https:\/\/streetmarkets.fr\/app\/wp-json\/wp\/v2\/media?parent=4062041"}],"wp:term":[{"taxonomy":"product_brand","embeddable":true,"href":"https:\/\/streetmarkets.fr\/app\/wp-json\/wp\/v2\/product_brand?post=4062041"},{"taxonomy":"product_cat","embeddable":true,"href":"https:\/\/streetmarkets.fr\/app\/wp-json\/wp\/v2\/product_cat?post=4062041"},{"taxonomy":"product_tag","embeddable":true,"href":"https:\/\/streetmarkets.fr\/app\/wp-json\/wp\/v2\/product_tag?post=4062041"}],"curies":[{"name":"wp","href":"https:\/\/api.w.org\/{rel}","templated":true}]}}