{"id":4062016,"date":"2026-05-02T01:12:08","date_gmt":"2026-05-01T23:12:08","guid":{"rendered":"https:\/\/streetmarkets.fr\/app\/produit\/grandes-creoles-nomades\/"},"modified":"2026-05-11T01:11:46","modified_gmt":"2026-05-10T23:11:46","slug":"grandes-creoles-nomades","status":"publish","type":"product","link":"https:\/\/streetmarkets.fr\/app\/produit\/grandes-creoles-nomades\/","title":{"rendered":"Grandes Cr\u00e9oles Nomades"},"content":{"rendered":"<p><span style=\"text-decoration: underline\"><strong><a title=\"Collection BDM Studio\" href=\"https:\/\/frenchtouche.com\/collections\/bdm-studio\">Collection BDM Studio<\/a><\/strong><\/span><\/p>\n<div class=\"description\">\n<div class=\"description\">\n<p><span data-mce-fragment=\"1\">Boucles d\u2019oreilles cr\u00e9oles dor\u00e9es \u00e0 l&#8217;or fin.<\/span><br data-mce-fragment=\"1\"><span data-mce-fragment=\"1\">Diam\u00e8tre 5 cm.<\/span><\/p>\n<\/div>\n<\/div>\n<p><span data-mce-fragment=\"1\">Les bijoux BDM Studio sont plaqu\u00e9s or 24K pour leur assurer une longue dur\u00e9e de vie.<br \/> Ils ne contiennent aucun m\u00e9tal allerg\u00e8ne, seulement du laiton, du cuivre, et de l&#8217;or.<br \/>Evitez de les mettre en contact de produits chimiques, cosm\u00e9tiques, ou parfums. <br \/>Ne les portez pas pendant vos bains de mer ou pendant votre s\u00e9ance de sport, et rangez-les dans dans leur petit pochon en coton Bio. <br \/>Pour nettoyer un bijou, un simple chiffon doux et sec permettra de raviver son \u00e9clat.<\/span><\/p>\n<p>:: Fabriqu\u00e9 \u00e0 la main dans l&#8217;atelier des cr\u00e9ateurs \u00e0 Paris ::<\/p>\n","protected":false},"excerpt":{"rendered":"<p>Collection BDM Studio Boucles d\u2019oreilles cr\u00e9oles dor\u00e9es \u00e0 l&#8217;or fin.Diam\u00e8tre 5 cm. Les bijoux BDM Studio sont plaqu\u00e9s or 24K pour leur assurer une longue dur\u00e9e de vie. Ils ne contiennent aucun m\u00e9tal allerg\u00e8ne, seulement du laiton, du cuivre, et de l&#8217;or.Evitez de les mettre en contact de produits chimiques, cosm\u00e9tiques, ou parfums. Ne les [&hellip;]<\/p>\n","protected":false},"featured_media":4062017,"comment_status":"open","ping_status":"closed","template":"","meta":[],"product_brand":[],"product_cat":[],"product_tag":[],"acf":[],"_links":{"self":[{"href":"https:\/\/streetmarkets.fr\/app\/wp-json\/wp\/v2\/product\/4062016"}],"collection":[{"href":"https:\/\/streetmarkets.fr\/app\/wp-json\/wp\/v2\/product"}],"about":[{"href":"https:\/\/streetmarkets.fr\/app\/wp-json\/wp\/v2\/types\/product"}],"replies":[{"embeddable":true,"href":"https:\/\/streetmarkets.fr\/app\/wp-json\/wp\/v2\/comments?post=4062016"}],"wp:featuredmedia":[{"embeddable":true,"href":"https:\/\/streetmarkets.fr\/app\/wp-json\/wp\/v2\/media\/4062017"}],"wp:attachment":[{"href":"https:\/\/streetmarkets.fr\/app\/wp-json\/wp\/v2\/media?parent=4062016"}],"wp:term":[{"taxonomy":"product_brand","embeddable":true,"href":"https:\/\/streetmarkets.fr\/app\/wp-json\/wp\/v2\/product_brand?post=4062016"},{"taxonomy":"product_cat","embeddable":true,"href":"https:\/\/streetmarkets.fr\/app\/wp-json\/wp\/v2\/product_cat?post=4062016"},{"taxonomy":"product_tag","embeddable":true,"href":"https:\/\/streetmarkets.fr\/app\/wp-json\/wp\/v2\/product_tag?post=4062016"}],"curies":[{"name":"wp","href":"https:\/\/api.w.org\/{rel}","templated":true}]}}