{"id":4061963,"date":"2026-05-02T01:12:02","date_gmt":"2026-05-01T23:12:02","guid":{"rendered":"https:\/\/streetmarkets.fr\/app\/produit\/t-shirt-les-amours\/"},"modified":"2026-05-02T01:12:14","modified_gmt":"2026-05-01T23:12:14","slug":"t-shirt-les-amours","status":"publish","type":"product","link":"https:\/\/streetmarkets.fr\/app\/produit\/t-shirt-les-amours\/","title":{"rendered":"T-Shirt Les Amours"},"content":{"rendered":"<p><span><strong><a href=\"https:\/\/french-touche-paris.myshopify.com\/collections\/lamer-superieur\" title=\"Collection L'Amer Sup\u00e9rieur\">Collection L&#8217;Amer Sup\u00e9rieur<\/a><\/strong><\/span><\/p>\n<p>T-shirt mixte.<br \/>Brod\u00e9 \u00e0 Nancy.<\/p>\n<p>:: 100% coton bio ::<\/p>\n<p>Lavage en machine \u00e0 30\u00b0 sur l&#8217;envers.<br \/>S\u00e8che-linge d\u00e9conseill\u00e9.<\/p>\n","protected":false},"excerpt":{"rendered":"<p>Collection L&#8217;Amer Sup\u00e9rieur T-shirt mixte.Brod\u00e9 \u00e0 Nancy. :: 100% coton bio :: Lavage en machine \u00e0 30\u00b0 sur l&#8217;envers.S\u00e8che-linge d\u00e9conseill\u00e9.<\/p>\n","protected":false},"featured_media":4061964,"comment_status":"open","ping_status":"closed","template":"","meta":[],"product_brand":[],"product_cat":[],"product_tag":[],"acf":[],"_links":{"self":[{"href":"https:\/\/streetmarkets.fr\/app\/wp-json\/wp\/v2\/product\/4061963"}],"collection":[{"href":"https:\/\/streetmarkets.fr\/app\/wp-json\/wp\/v2\/product"}],"about":[{"href":"https:\/\/streetmarkets.fr\/app\/wp-json\/wp\/v2\/types\/product"}],"replies":[{"embeddable":true,"href":"https:\/\/streetmarkets.fr\/app\/wp-json\/wp\/v2\/comments?post=4061963"}],"wp:featuredmedia":[{"embeddable":true,"href":"https:\/\/streetmarkets.fr\/app\/wp-json\/wp\/v2\/media\/4061964"}],"wp:attachment":[{"href":"https:\/\/streetmarkets.fr\/app\/wp-json\/wp\/v2\/media?parent=4061963"}],"wp:term":[{"taxonomy":"product_brand","embeddable":true,"href":"https:\/\/streetmarkets.fr\/app\/wp-json\/wp\/v2\/product_brand?post=4061963"},{"taxonomy":"product_cat","embeddable":true,"href":"https:\/\/streetmarkets.fr\/app\/wp-json\/wp\/v2\/product_cat?post=4061963"},{"taxonomy":"product_tag","embeddable":true,"href":"https:\/\/streetmarkets.fr\/app\/wp-json\/wp\/v2\/product_tag?post=4061963"}],"curies":[{"name":"wp","href":"https:\/\/api.w.org\/{rel}","templated":true}]}}