{"id":4061871,"date":"2026-05-02T01:11:49","date_gmt":"2026-05-01T23:11:49","guid":{"rendered":"https:\/\/streetmarkets.fr\/app\/produit\/miroir-coussinet\/"},"modified":"2026-05-02T01:11:53","modified_gmt":"2026-05-01T23:11:53","slug":"miroir-coussinet","status":"publish","type":"product","link":"https:\/\/streetmarkets.fr\/app\/produit\/miroir-coussinet\/","title":{"rendered":"Miroir Coussinet"},"content":{"rendered":"<p class=\"p1\"><span><strong><a href=\"\/collections\/coucou-suzette\" title=\"Collection Coucou Suzette\">Collection Coucou Suzette<\/a><\/strong><\/span><\/p>\n<p><span>Un miroir en forme de petite patte de chat trop mignonne avec ses coussinets roses. Id\u00e9al pour checker sa frimousse !<\/span><\/p>\n<p><span>Ac\u00e9tate de Cellulose Recycl\u00e9e &amp; Biod\u00e9gradable (Eco-Friendly)<\/span><\/p>\n","protected":false},"excerpt":{"rendered":"<p>Collection Coucou Suzette Un miroir en forme de petite patte de chat trop mignonne avec ses coussinets roses. Id\u00e9al pour checker sa frimousse ! Ac\u00e9tate de Cellulose Recycl\u00e9e &amp; Biod\u00e9gradable (Eco-Friendly)<\/p>\n","protected":false},"featured_media":4061872,"comment_status":"open","ping_status":"closed","template":"","meta":[],"product_brand":[],"product_cat":[],"product_tag":[],"acf":[],"_links":{"self":[{"href":"https:\/\/streetmarkets.fr\/app\/wp-json\/wp\/v2\/product\/4061871"}],"collection":[{"href":"https:\/\/streetmarkets.fr\/app\/wp-json\/wp\/v2\/product"}],"about":[{"href":"https:\/\/streetmarkets.fr\/app\/wp-json\/wp\/v2\/types\/product"}],"replies":[{"embeddable":true,"href":"https:\/\/streetmarkets.fr\/app\/wp-json\/wp\/v2\/comments?post=4061871"}],"wp:featuredmedia":[{"embeddable":true,"href":"https:\/\/streetmarkets.fr\/app\/wp-json\/wp\/v2\/media\/4061872"}],"wp:attachment":[{"href":"https:\/\/streetmarkets.fr\/app\/wp-json\/wp\/v2\/media?parent=4061871"}],"wp:term":[{"taxonomy":"product_brand","embeddable":true,"href":"https:\/\/streetmarkets.fr\/app\/wp-json\/wp\/v2\/product_brand?post=4061871"},{"taxonomy":"product_cat","embeddable":true,"href":"https:\/\/streetmarkets.fr\/app\/wp-json\/wp\/v2\/product_cat?post=4061871"},{"taxonomy":"product_tag","embeddable":true,"href":"https:\/\/streetmarkets.fr\/app\/wp-json\/wp\/v2\/product_tag?post=4061871"}],"curies":[{"name":"wp","href":"https:\/\/api.w.org\/{rel}","templated":true}]}}