{"id":4061793,"date":"2026-05-02T01:11:45","date_gmt":"2026-05-01T23:11:45","guid":{"rendered":"https:\/\/streetmarkets.fr\/app\/produit\/collier-jeanne\/"},"modified":"2026-05-09T01:11:27","modified_gmt":"2026-05-08T23:11:27","slug":"collier-jeanne","status":"publish","type":"product","link":"https:\/\/streetmarkets.fr\/app\/produit\/collier-jeanne\/","title":{"rendered":"Collier Jeanne"},"content":{"rendered":"<div>\n <a href=\"\/collections\/alix-d-reynis\" title=\"Collection Alix D. Reynis\"><strong>Collection Alix D. Reynis<\/strong><\/a>\n<\/div>\n<div>\n<strong><\/strong>\n<\/div>\n<div>Collier en vermeil (argent plaqu\u00e9 or 5 microns) et p\u00e9ridot.\n<\/div>\n<div><\/div>\n<div>Longueur de la cha\u00eene : 60 cm.<\/div>\n<div>Dimensions\u00a0du pendentif :\u00a0\u00a02 x 1.5 cm<\/div>\n<div><\/div>\n<p class=\"\">Les bijoux Alix D. Reynis sont livr\u00e9s dans une jolie boite et accompagn\u00e9s d&#8217;un certificat d&#8217;authenticit\u00e9 qui t\u00e9moigne de la teneur en m\u00e9taux pr\u00e9cieux et de la d\u00e9nomination des pierres utilis\u00e9es.<\/p>\n<p>:: Conseils d&#8217;entretien de vos bijoux en vermeil ::<\/p>\n<p><span><em>&#8220;Afin de conserver vos bijoux en vermeil en parfait \u00e9tat, il est d\u00e9conseill\u00e9 de les porter lorsque vous dormez, vous baignez ou faites du sport. La patine peut venir \u00e0 s&#8217;estomper avec le temps, et est consid\u00e9r\u00e9e comme de l\u2019usure naturelle. La rapidit\u00e9 avec laquelle celle-ci dispara\u00eet d\u00e9pend de la fa\u00e7on dont le bijou est entretenu.<\/em><br \/><em>Nous vous conseillons de les ranger \u00e0 l\u2019abri de l\u2019humidit\u00e9, et de ne pas utiliser de produit nettoyant ou solvant.&#8221;<\/em><br \/><\/span><\/p>\n","protected":false},"excerpt":{"rendered":"<p>Collection Alix D. Reynis Collier en vermeil (argent plaqu\u00e9 or 5 microns) et p\u00e9ridot. Longueur de la cha\u00eene : 60 cm. Dimensions\u00a0du pendentif :\u00a0\u00a02 x 1.5 cm Les bijoux Alix D. Reynis sont livr\u00e9s dans une jolie boite et accompagn\u00e9s d&#8217;un certificat d&#8217;authenticit\u00e9 qui t\u00e9moigne de la teneur en m\u00e9taux pr\u00e9cieux et de la d\u00e9nomination [&hellip;]<\/p>\n","protected":false},"featured_media":4061794,"comment_status":"open","ping_status":"closed","template":"","meta":[],"product_brand":[],"product_cat":[],"product_tag":[],"acf":[],"_links":{"self":[{"href":"https:\/\/streetmarkets.fr\/app\/wp-json\/wp\/v2\/product\/4061793"}],"collection":[{"href":"https:\/\/streetmarkets.fr\/app\/wp-json\/wp\/v2\/product"}],"about":[{"href":"https:\/\/streetmarkets.fr\/app\/wp-json\/wp\/v2\/types\/product"}],"replies":[{"embeddable":true,"href":"https:\/\/streetmarkets.fr\/app\/wp-json\/wp\/v2\/comments?post=4061793"}],"wp:featuredmedia":[{"embeddable":true,"href":"https:\/\/streetmarkets.fr\/app\/wp-json\/wp\/v2\/media\/4061794"}],"wp:attachment":[{"href":"https:\/\/streetmarkets.fr\/app\/wp-json\/wp\/v2\/media?parent=4061793"}],"wp:term":[{"taxonomy":"product_brand","embeddable":true,"href":"https:\/\/streetmarkets.fr\/app\/wp-json\/wp\/v2\/product_brand?post=4061793"},{"taxonomy":"product_cat","embeddable":true,"href":"https:\/\/streetmarkets.fr\/app\/wp-json\/wp\/v2\/product_cat?post=4061793"},{"taxonomy":"product_tag","embeddable":true,"href":"https:\/\/streetmarkets.fr\/app\/wp-json\/wp\/v2\/product_tag?post=4061793"}],"curies":[{"name":"wp","href":"https:\/\/api.w.org\/{rel}","templated":true}]}}