{"id":4061758,"date":"2026-05-02T01:11:42","date_gmt":"2026-05-01T23:11:42","guid":{"rendered":"https:\/\/streetmarkets.fr\/app\/produit\/pochette-barbette-ete-2021\/"},"modified":"2026-05-11T01:11:34","modified_gmt":"2026-05-10T23:11:34","slug":"pochette-barbette-ete-2021","status":"publish","type":"product","link":"https:\/\/streetmarkets.fr\/app\/produit\/pochette-barbette-ete-2021\/","title":{"rendered":"Pochette Barbette &#8211; \u00c9t\u00e9 2021"},"content":{"rendered":"<p class=\"p1\"><a href=\"\/collections\/rive-droite-paris\" title=\"Collection Rive Droite Paris\"><strong>Collection Rive Droite Paris<\/strong><\/a><\/p>\n<p class=\"p1\">Fabriqu\u00e9e \u00e0 partir de coton recycl\u00e9, Barbette la pochette existe en 2 tailles. Elle se glisse aussi bien dans un sac \u00e0 main, un sac week-end, un briefcase. E<span>lle peut m\u00eame remplacer votre sac \u00e0 main !<\/span><\/p>\n<p class=\"p1\"><span>La doublure int\u00e9rieure\u00a0<\/span><span>de la collection \u00c9t\u00e9 est en polycoton s\u00e9rigraphi\u00e9 aux couleurs des pi\u00e8ces.<\/span><\/p>\n<table class=\"table-data-sheet\">\n<tbody>\n<tr class=\"odd\">\n<td>Composition<\/td>\n<td>Coton recycl\u00e9 &#8211; 67% Coton &amp; 33% Polyester<\/td>\n<\/tr>\n<tr class=\"even\">\n<td>Doublure<\/td>\n<td>100% Polycoton<\/td>\n<\/tr>\n<tr class=\"odd\">\n<td>Conseils d&#8217;entretien<\/td>\n<td>Lavage en machine \u00e0 froid, sur l&#8217;envers, avec des couleurs similaires &#8211; Repasser sur l&#8217;envers<\/td>\n<\/tr>\n<tr class=\"even\">\n<td>Emballage<\/td>\n<td>Ce produit est emball\u00e9 avec soin dans une pochette en coton avec un lien coulissant<\/td>\n<\/tr>\n<tr class=\"odd\">\n<td>Fabrication artisanale<\/td>\n<td>Ce produit a \u00e9t\u00e9 confectionn\u00e9 de fa\u00e7on artisanale, \u00e0 partir de mati\u00e8res upcycl\u00e9es ou recycl\u00e9es. Les teintes et les mati\u00e8res peuvent l\u00e9g\u00e8rement varier d&#8217;un produit \u00e0 l&#8217;autre, ce qui rend chaque pi\u00e8ce unique.<\/td>\n<\/tr>\n<\/tbody>\n<\/table>\n","protected":false},"excerpt":{"rendered":"<p>Collection Rive Droite Paris Fabriqu\u00e9e \u00e0 partir de coton recycl\u00e9, Barbette la pochette existe en 2 tailles. Elle se glisse aussi bien dans un sac \u00e0 main, un sac week-end, un briefcase. Elle peut m\u00eame remplacer votre sac \u00e0 main ! La doublure int\u00e9rieure\u00a0de la collection \u00c9t\u00e9 est en polycoton s\u00e9rigraphi\u00e9 aux couleurs des pi\u00e8ces. [&hellip;]<\/p>\n","protected":false},"featured_media":4061759,"comment_status":"open","ping_status":"closed","template":"","meta":[],"product_brand":[],"product_cat":[],"product_tag":[],"acf":[],"_links":{"self":[{"href":"https:\/\/streetmarkets.fr\/app\/wp-json\/wp\/v2\/product\/4061758"}],"collection":[{"href":"https:\/\/streetmarkets.fr\/app\/wp-json\/wp\/v2\/product"}],"about":[{"href":"https:\/\/streetmarkets.fr\/app\/wp-json\/wp\/v2\/types\/product"}],"replies":[{"embeddable":true,"href":"https:\/\/streetmarkets.fr\/app\/wp-json\/wp\/v2\/comments?post=4061758"}],"wp:featuredmedia":[{"embeddable":true,"href":"https:\/\/streetmarkets.fr\/app\/wp-json\/wp\/v2\/media\/4061759"}],"wp:attachment":[{"href":"https:\/\/streetmarkets.fr\/app\/wp-json\/wp\/v2\/media?parent=4061758"}],"wp:term":[{"taxonomy":"product_brand","embeddable":true,"href":"https:\/\/streetmarkets.fr\/app\/wp-json\/wp\/v2\/product_brand?post=4061758"},{"taxonomy":"product_cat","embeddable":true,"href":"https:\/\/streetmarkets.fr\/app\/wp-json\/wp\/v2\/product_cat?post=4061758"},{"taxonomy":"product_tag","embeddable":true,"href":"https:\/\/streetmarkets.fr\/app\/wp-json\/wp\/v2\/product_tag?post=4061758"}],"curies":[{"name":"wp","href":"https:\/\/api.w.org\/{rel}","templated":true}]}}