{"id":4061741,"date":"2026-05-02T01:11:41","date_gmt":"2026-05-01T23:11:41","guid":{"rendered":"https:\/\/streetmarkets.fr\/app\/produit\/pochette-barbette-hiver-2021\/"},"modified":"2026-05-06T01:11:53","modified_gmt":"2026-05-05T23:11:53","slug":"pochette-barbette-hiver-2021","status":"publish","type":"product","link":"https:\/\/streetmarkets.fr\/app\/produit\/pochette-barbette-hiver-2021\/","title":{"rendered":"Pochette Barbette &#8211; Hiver 2021"},"content":{"rendered":"<p>\u00a0<\/p>\n<p class=\"p1\"><a href=\"\/collections\/rive-droite-paris\" title=\"Collection Rive Droite Paris\"><strong>Collection Rive Droite Paris<\/strong><\/a><\/p>\n<p class=\"p1\">Fabriqu\u00e9e \u00e0 partir de coton recycl\u00e9, Barbette la pochette existe en 2 tailles. Elle se glisse aussi bien dans un sac \u00e0 main, un sac week-end, un briefcase. E<span>lle peut m\u00eame remplacer votre sac \u00e0 main !<\/span><\/p>\n<\/p>\n<table class=\"table-data-sheet\" data-mce-fragment=\"1\">\n<tbody data-mce-fragment=\"1\">\n<tr class=\"odd\" data-mce-fragment=\"1\">\n<td data-mce-fragment=\"1\">Composition<\/td>\n<td data-mce-fragment=\"1\">Coton recycl\u00e9 &#8211; 67% Coton &amp; 33% Polyester<\/td>\n<\/tr>\n<tr class=\"even\" data-mce-fragment=\"1\">\n<td data-mce-fragment=\"1\">Doublure<\/td>\n<td data-mce-fragment=\"1\">100% Polycoton<\/td>\n<\/tr>\n<tr class=\"odd\" data-mce-fragment=\"1\">\n<td data-mce-fragment=\"1\">Conseils d&#8217;entretien<\/td>\n<td data-mce-fragment=\"1\">Lavage seul en machine \u00e0 froid, programme fragile. Repasser sur l&#8217;envers.<\/td>\n<\/tr>\n<tr class=\"even\" data-mce-fragment=\"1\">\n<td data-mce-fragment=\"1\">Emballage<\/td>\n<td data-mce-fragment=\"1\">Ce produit est emball\u00e9 avec soin dans une pochette en coton avec un lien coulissant<\/td>\n<\/tr>\n<tr class=\"odd\" data-mce-fragment=\"1\">\n<td data-mce-fragment=\"1\">Fabrication artisanale<\/td>\n<td data-mce-fragment=\"1\">Ce produit a \u00e9t\u00e9 confectionn\u00e9 de fa\u00e7on artisanale, \u00e0 partir de mati\u00e8res upcycl\u00e9es ou recycl\u00e9es. Les teintes et les mati\u00e8res peuvent l\u00e9g\u00e8rement varier d&#8217;un produit \u00e0 l&#8217;autre, ce qui rend chaque pi\u00e8ce unique.<\/td>\n<\/tr>\n<\/tbody>\n<\/table>\n","protected":false},"excerpt":{"rendered":"<p>\u00a0 Collection Rive Droite Paris Fabriqu\u00e9e \u00e0 partir de coton recycl\u00e9, Barbette la pochette existe en 2 tailles. Elle se glisse aussi bien dans un sac \u00e0 main, un sac week-end, un briefcase. Elle peut m\u00eame remplacer votre sac \u00e0 main ! Composition Coton recycl\u00e9 &#8211; 67% Coton &amp; 33% Polyester Doublure 100% Polycoton Conseils [&hellip;]<\/p>\n","protected":false},"featured_media":4061742,"comment_status":"open","ping_status":"closed","template":"","meta":[],"product_brand":[],"product_cat":[],"product_tag":[],"acf":[],"_links":{"self":[{"href":"https:\/\/streetmarkets.fr\/app\/wp-json\/wp\/v2\/product\/4061741"}],"collection":[{"href":"https:\/\/streetmarkets.fr\/app\/wp-json\/wp\/v2\/product"}],"about":[{"href":"https:\/\/streetmarkets.fr\/app\/wp-json\/wp\/v2\/types\/product"}],"replies":[{"embeddable":true,"href":"https:\/\/streetmarkets.fr\/app\/wp-json\/wp\/v2\/comments?post=4061741"}],"wp:featuredmedia":[{"embeddable":true,"href":"https:\/\/streetmarkets.fr\/app\/wp-json\/wp\/v2\/media\/4061742"}],"wp:attachment":[{"href":"https:\/\/streetmarkets.fr\/app\/wp-json\/wp\/v2\/media?parent=4061741"}],"wp:term":[{"taxonomy":"product_brand","embeddable":true,"href":"https:\/\/streetmarkets.fr\/app\/wp-json\/wp\/v2\/product_brand?post=4061741"},{"taxonomy":"product_cat","embeddable":true,"href":"https:\/\/streetmarkets.fr\/app\/wp-json\/wp\/v2\/product_cat?post=4061741"},{"taxonomy":"product_tag","embeddable":true,"href":"https:\/\/streetmarkets.fr\/app\/wp-json\/wp\/v2\/product_tag?post=4061741"}],"curies":[{"name":"wp","href":"https:\/\/api.w.org\/{rel}","templated":true}]}}