{"id":4061717,"date":"2026-05-02T01:11:40","date_gmt":"2026-05-01T23:11:40","guid":{"rendered":"https:\/\/streetmarkets.fr\/app\/produit\/miroir-huitre\/"},"modified":"2026-05-09T01:11:27","modified_gmt":"2026-05-08T23:11:27","slug":"miroir-huitre","status":"publish","type":"product","link":"https:\/\/streetmarkets.fr\/app\/produit\/miroir-huitre\/","title":{"rendered":"Miroir Hu\u00eetre"},"content":{"rendered":"<p class=\"p1\"><span><strong><a title=\"Collection Coucou Suzette\" href=\"\/collections\/coucou-suzette\">Collection Coucou Suzette<\/a><\/strong><\/span><\/p>\n<p style=\"font-weight: 400\">\u201cMiroir mon beau miroir\u2026 Dis moi qui est la plus styl\u00e9e?\u201d\u00a0<\/p>\n<p style=\"font-weight: 400\">Miroir de poche kitsch en forme d\u2019hu\u00eetre avec sa petite perle qui s\u2019ouvre en un claquement de doigt.<\/p>\n<p style=\"font-weight: 400\">Cet accessoire est r\u00e9alis\u00e9 \u00e0 partir d&#8217;Acetate de Cellulose recycl\u00e9e &amp; biod\u00e9gradable (Eco-Friendly)<\/p>\n<p style=\"font-weight: 400\">Environ 5 x 8.5cm<\/p>\n<p dir=\"ltr\">\u00a0<\/p>\n","protected":false},"excerpt":{"rendered":"<p>Collection Coucou Suzette \u201cMiroir mon beau miroir\u2026 Dis moi qui est la plus styl\u00e9e?\u201d\u00a0 Miroir de poche kitsch en forme d\u2019hu\u00eetre avec sa petite perle qui s\u2019ouvre en un claquement de doigt. Cet accessoire est r\u00e9alis\u00e9 \u00e0 partir d&#8217;Acetate de Cellulose recycl\u00e9e &amp; biod\u00e9gradable (Eco-Friendly) Environ 5 x 8.5cm \u00a0<\/p>\n","protected":false},"featured_media":4061718,"comment_status":"open","ping_status":"closed","template":"","meta":[],"product_brand":[],"product_cat":[],"product_tag":[],"acf":[],"_links":{"self":[{"href":"https:\/\/streetmarkets.fr\/app\/wp-json\/wp\/v2\/product\/4061717"}],"collection":[{"href":"https:\/\/streetmarkets.fr\/app\/wp-json\/wp\/v2\/product"}],"about":[{"href":"https:\/\/streetmarkets.fr\/app\/wp-json\/wp\/v2\/types\/product"}],"replies":[{"embeddable":true,"href":"https:\/\/streetmarkets.fr\/app\/wp-json\/wp\/v2\/comments?post=4061717"}],"wp:featuredmedia":[{"embeddable":true,"href":"https:\/\/streetmarkets.fr\/app\/wp-json\/wp\/v2\/media\/4061718"}],"wp:attachment":[{"href":"https:\/\/streetmarkets.fr\/app\/wp-json\/wp\/v2\/media?parent=4061717"}],"wp:term":[{"taxonomy":"product_brand","embeddable":true,"href":"https:\/\/streetmarkets.fr\/app\/wp-json\/wp\/v2\/product_brand?post=4061717"},{"taxonomy":"product_cat","embeddable":true,"href":"https:\/\/streetmarkets.fr\/app\/wp-json\/wp\/v2\/product_cat?post=4061717"},{"taxonomy":"product_tag","embeddable":true,"href":"https:\/\/streetmarkets.fr\/app\/wp-json\/wp\/v2\/product_tag?post=4061717"}],"curies":[{"name":"wp","href":"https:\/\/api.w.org\/{rel}","templated":true}]}}