{"id":4061679,"date":"2026-05-02T01:11:30","date_gmt":"2026-05-01T23:11:30","guid":{"rendered":"https:\/\/streetmarkets.fr\/app\/produit\/duo-de-pins-blm\/"},"modified":"2026-05-13T01:13:02","modified_gmt":"2026-05-12T23:13:02","slug":"duo-de-pins-blm","status":"publish","type":"product","link":"https:\/\/streetmarkets.fr\/app\/produit\/duo-de-pins-blm\/","title":{"rendered":"Duo de Pin&#8217;s BLM"},"content":{"rendered":"<p>\u00a0<\/p>\n<h4><a href=\"\/collections\/all-the-ways-to-say\" title=\"Collection All The Ways To Say\"><strong>Collection\u00a0All The Ways To Say<\/strong><\/a><\/h4>\n<p><em>Black Lives Matter<\/em><\/p>\n<p><span><\/span>Pin&#8217;s en laiton dor\u00e9 et \u00e9maill\u00e9.<br \/><span><span class=\"goog-text-highlight\">17 mm x 18 mm pour chaque main.<\/span><\/span><\/p>\n","protected":false},"excerpt":{"rendered":"<p>\u00a0 Collection\u00a0All The Ways To Say Black Lives Matter Pin&#8217;s en laiton dor\u00e9 et \u00e9maill\u00e9.17 mm x 18 mm pour chaque main.<\/p>\n","protected":false},"featured_media":4061680,"comment_status":"open","ping_status":"closed","template":"","meta":[],"product_brand":[],"product_cat":[],"product_tag":[],"acf":[],"_links":{"self":[{"href":"https:\/\/streetmarkets.fr\/app\/wp-json\/wp\/v2\/product\/4061679"}],"collection":[{"href":"https:\/\/streetmarkets.fr\/app\/wp-json\/wp\/v2\/product"}],"about":[{"href":"https:\/\/streetmarkets.fr\/app\/wp-json\/wp\/v2\/types\/product"}],"replies":[{"embeddable":true,"href":"https:\/\/streetmarkets.fr\/app\/wp-json\/wp\/v2\/comments?post=4061679"}],"wp:featuredmedia":[{"embeddable":true,"href":"https:\/\/streetmarkets.fr\/app\/wp-json\/wp\/v2\/media\/4061680"}],"wp:attachment":[{"href":"https:\/\/streetmarkets.fr\/app\/wp-json\/wp\/v2\/media?parent=4061679"}],"wp:term":[{"taxonomy":"product_brand","embeddable":true,"href":"https:\/\/streetmarkets.fr\/app\/wp-json\/wp\/v2\/product_brand?post=4061679"},{"taxonomy":"product_cat","embeddable":true,"href":"https:\/\/streetmarkets.fr\/app\/wp-json\/wp\/v2\/product_cat?post=4061679"},{"taxonomy":"product_tag","embeddable":true,"href":"https:\/\/streetmarkets.fr\/app\/wp-json\/wp\/v2\/product_tag?post=4061679"}],"curies":[{"name":"wp","href":"https:\/\/api.w.org\/{rel}","templated":true}]}}