{"id":4061606,"date":"2026-05-02T01:11:24","date_gmt":"2026-05-01T23:11:24","guid":{"rendered":"https:\/\/streetmarkets.fr\/app\/produit\/duo-ecussons-cameleon\/"},"modified":"2026-05-02T01:11:34","modified_gmt":"2026-05-01T23:11:34","slug":"duo-ecussons-cameleon","status":"publish","type":"product","link":"https:\/\/streetmarkets.fr\/app\/produit\/duo-ecussons-cameleon\/","title":{"rendered":"Duo Ecussons Cam\u00e9l\u00e9on"},"content":{"rendered":"<p><a title=\"Collection Macon &amp; Lesquoy\" href=\"\/collections\/macon-lesquoy\"><strong>Collection Macon &amp; Lesquoy<\/strong><\/a><\/p>\n<p><span>Il annonce la couleur !<\/span><br \/><span>Taille de l&#8217;\u00e9cusson : environ 35 x 25mm<\/span><\/p>\n<p><span>Dessin\u00e9s et fabriqu\u00e9s comme des bijoux, les \u00e9cussons M&amp;L sont dr\u00f4les et pratiques. El\u00e9gantes parades aux petits accrocs et autres t\u00e2ches, ils charmeront aussi les nostalgiques des d\u00e9calcomanies et les amoureux du petit d\u00e9tail.<\/span><\/p>\n<p><span>Brod\u00e9s \u00e0 la machine au Portugal, dans un atelier auquel M&amp;L confient cette belle mission depuis plus de 10 ans.<\/span><\/p>\n<p><span>Pr\u00e9sent\u00e9s sur une carte-mode d&#8217;emploi. Pour les thermocoller, c&#8217;est un jeu d&#8217;enfant !<br \/>On pr\u00e9f\u00e9rera les coudre sur des textiles fragiles.<\/span><\/p>\n","protected":false},"excerpt":{"rendered":"<p>Collection Macon &amp; Lesquoy Il annonce la couleur !Taille de l&#8217;\u00e9cusson : environ 35 x 25mm Dessin\u00e9s et fabriqu\u00e9s comme des bijoux, les \u00e9cussons M&amp;L sont dr\u00f4les et pratiques. El\u00e9gantes parades aux petits accrocs et autres t\u00e2ches, ils charmeront aussi les nostalgiques des d\u00e9calcomanies et les amoureux du petit d\u00e9tail. Brod\u00e9s \u00e0 la machine au [&hellip;]<\/p>\n","protected":false},"featured_media":4061607,"comment_status":"open","ping_status":"closed","template":"","meta":[],"product_brand":[],"product_cat":[],"product_tag":[],"acf":[],"_links":{"self":[{"href":"https:\/\/streetmarkets.fr\/app\/wp-json\/wp\/v2\/product\/4061606"}],"collection":[{"href":"https:\/\/streetmarkets.fr\/app\/wp-json\/wp\/v2\/product"}],"about":[{"href":"https:\/\/streetmarkets.fr\/app\/wp-json\/wp\/v2\/types\/product"}],"replies":[{"embeddable":true,"href":"https:\/\/streetmarkets.fr\/app\/wp-json\/wp\/v2\/comments?post=4061606"}],"wp:featuredmedia":[{"embeddable":true,"href":"https:\/\/streetmarkets.fr\/app\/wp-json\/wp\/v2\/media\/4061607"}],"wp:attachment":[{"href":"https:\/\/streetmarkets.fr\/app\/wp-json\/wp\/v2\/media?parent=4061606"}],"wp:term":[{"taxonomy":"product_brand","embeddable":true,"href":"https:\/\/streetmarkets.fr\/app\/wp-json\/wp\/v2\/product_brand?post=4061606"},{"taxonomy":"product_cat","embeddable":true,"href":"https:\/\/streetmarkets.fr\/app\/wp-json\/wp\/v2\/product_cat?post=4061606"},{"taxonomy":"product_tag","embeddable":true,"href":"https:\/\/streetmarkets.fr\/app\/wp-json\/wp\/v2\/product_tag?post=4061606"}],"curies":[{"name":"wp","href":"https:\/\/api.w.org\/{rel}","templated":true}]}}