{"id":4061574,"date":"2026-05-02T01:11:20","date_gmt":"2026-05-01T23:11:20","guid":{"rendered":"https:\/\/streetmarkets.fr\/app\/produit\/t-shirt-le-gondry\/"},"modified":"2026-05-09T01:11:16","modified_gmt":"2026-05-08T23:11:16","slug":"t-shirt-le-gondry","status":"publish","type":"product","link":"https:\/\/streetmarkets.fr\/app\/produit\/t-shirt-le-gondry\/","title":{"rendered":"T-Shirt Le Gondry"},"content":{"rendered":"<p><span><a href=\"https:\/\/french-touche-paris.myshopify.com\/collections\/lamer-superieur\" title=\"Collection L'Amer Sup\u00e9rieur\"><strong>Collection L&#8217;Amer Sup\u00e9rieur<\/strong><\/a><\/span><\/p>\n<p>Eternal Sunshine of the Spotless Mind.<\/p>\n<p>Joel et Clementine, dans la neige pour toujours.<br \/>&#8220;Would you erase me?&#8221;<\/p>\n<p>T-shirt mixte.<br \/>Brod\u00e9 \u00e0 Nancy.<\/p>\n<p>:: 100% coton bio ::<\/p>\n<p>Lavage en machine \u00e0 30\u00b0 sur l&#8217;envers.<br \/>S\u00e8che-linge d\u00e9conseill\u00e9.<\/p>\n","protected":false},"excerpt":{"rendered":"<p>Collection L&#8217;Amer Sup\u00e9rieur Eternal Sunshine of the Spotless Mind. Joel et Clementine, dans la neige pour toujours.&#8220;Would you erase me?&#8221; T-shirt mixte.Brod\u00e9 \u00e0 Nancy. :: 100% coton bio :: Lavage en machine \u00e0 30\u00b0 sur l&#8217;envers.S\u00e8che-linge d\u00e9conseill\u00e9.<\/p>\n","protected":false},"featured_media":4061575,"comment_status":"open","ping_status":"closed","template":"","meta":[],"product_brand":[],"product_cat":[],"product_tag":[],"acf":[],"_links":{"self":[{"href":"https:\/\/streetmarkets.fr\/app\/wp-json\/wp\/v2\/product\/4061574"}],"collection":[{"href":"https:\/\/streetmarkets.fr\/app\/wp-json\/wp\/v2\/product"}],"about":[{"href":"https:\/\/streetmarkets.fr\/app\/wp-json\/wp\/v2\/types\/product"}],"replies":[{"embeddable":true,"href":"https:\/\/streetmarkets.fr\/app\/wp-json\/wp\/v2\/comments?post=4061574"}],"wp:featuredmedia":[{"embeddable":true,"href":"https:\/\/streetmarkets.fr\/app\/wp-json\/wp\/v2\/media\/4061575"}],"wp:attachment":[{"href":"https:\/\/streetmarkets.fr\/app\/wp-json\/wp\/v2\/media?parent=4061574"}],"wp:term":[{"taxonomy":"product_brand","embeddable":true,"href":"https:\/\/streetmarkets.fr\/app\/wp-json\/wp\/v2\/product_brand?post=4061574"},{"taxonomy":"product_cat","embeddable":true,"href":"https:\/\/streetmarkets.fr\/app\/wp-json\/wp\/v2\/product_cat?post=4061574"},{"taxonomy":"product_tag","embeddable":true,"href":"https:\/\/streetmarkets.fr\/app\/wp-json\/wp\/v2\/product_tag?post=4061574"}],"curies":[{"name":"wp","href":"https:\/\/api.w.org\/{rel}","templated":true}]}}