{"id":4061565,"date":"2026-05-02T01:11:20","date_gmt":"2026-05-01T23:11:20","guid":{"rendered":"https:\/\/streetmarkets.fr\/app\/produit\/t-shirt-le-melies-blanc\/"},"modified":"2026-05-06T01:11:43","modified_gmt":"2026-05-05T23:11:43","slug":"t-shirt-le-melies-blanc","status":"publish","type":"product","link":"https:\/\/streetmarkets.fr\/app\/produit\/t-shirt-le-melies-blanc\/","title":{"rendered":"T-Shirt Le M\u00e9li\u00e8s Blanc"},"content":{"rendered":"<p><span><a href=\"https:\/\/french-touche-paris.myshopify.com\/collections\/lamer-superieur\" title=\"Collection L'Amer Sup\u00e9rieur\"><strong>Collection L&#8217;Amer Sup\u00e9rieur<\/strong><\/a><\/span><\/p>\n<p><span>1902, le petit Georges invente la Science-fiction au Cin\u00e9ma avec Le Voyage dans la Lune, chef-d&#8217;\u0153uvre d&#8217;illusions photographiques et d&#8217;innovations techniques, d&#8217;une longueur exceptionnelle de 16 minutes. <\/span><\/p>\n<p><span>Plus d&#8217;un si\u00e8cle plus tard, l\u2019image de cette navette spatiale \u00e9cras\u00e9e sur la lune est toujours l\u00e0, \u00e0 jamais dans notre imaginaire collectif.<\/span><\/p>\n<p>T-shirt mixte.<br \/>Existe aussi en gris chin\u00e9.<br \/>Brod\u00e9 \u00e0 Nancy.<\/p>\n<p>:: 100% coton bio ::<\/p>\n<p>Lavage en machine \u00e0 30\u00b0 sur l&#8217;envers.<br \/>S\u00e8che-linge d\u00e9conseill\u00e9.<\/p>\n","protected":false},"excerpt":{"rendered":"<p>Collection L&#8217;Amer Sup\u00e9rieur 1902, le petit Georges invente la Science-fiction au Cin\u00e9ma avec Le Voyage dans la Lune, chef-d&#8217;\u0153uvre d&#8217;illusions photographiques et d&#8217;innovations techniques, d&#8217;une longueur exceptionnelle de 16 minutes. Plus d&#8217;un si\u00e8cle plus tard, l\u2019image de cette navette spatiale \u00e9cras\u00e9e sur la lune est toujours l\u00e0, \u00e0 jamais dans notre imaginaire collectif. T-shirt mixte.Existe [&hellip;]<\/p>\n","protected":false},"featured_media":4061566,"comment_status":"open","ping_status":"closed","template":"","meta":[],"product_brand":[],"product_cat":[],"product_tag":[],"acf":[],"_links":{"self":[{"href":"https:\/\/streetmarkets.fr\/app\/wp-json\/wp\/v2\/product\/4061565"}],"collection":[{"href":"https:\/\/streetmarkets.fr\/app\/wp-json\/wp\/v2\/product"}],"about":[{"href":"https:\/\/streetmarkets.fr\/app\/wp-json\/wp\/v2\/types\/product"}],"replies":[{"embeddable":true,"href":"https:\/\/streetmarkets.fr\/app\/wp-json\/wp\/v2\/comments?post=4061565"}],"wp:featuredmedia":[{"embeddable":true,"href":"https:\/\/streetmarkets.fr\/app\/wp-json\/wp\/v2\/media\/4061566"}],"wp:attachment":[{"href":"https:\/\/streetmarkets.fr\/app\/wp-json\/wp\/v2\/media?parent=4061565"}],"wp:term":[{"taxonomy":"product_brand","embeddable":true,"href":"https:\/\/streetmarkets.fr\/app\/wp-json\/wp\/v2\/product_brand?post=4061565"},{"taxonomy":"product_cat","embeddable":true,"href":"https:\/\/streetmarkets.fr\/app\/wp-json\/wp\/v2\/product_cat?post=4061565"},{"taxonomy":"product_tag","embeddable":true,"href":"https:\/\/streetmarkets.fr\/app\/wp-json\/wp\/v2\/product_tag?post=4061565"}],"curies":[{"name":"wp","href":"https:\/\/api.w.org\/{rel}","templated":true}]}}