{"id":4061522,"date":"2026-05-02T01:11:17","date_gmt":"2026-05-01T23:11:17","guid":{"rendered":"https:\/\/streetmarkets.fr\/app\/produit\/portefeuille-porte-monnaie-cuir\/"},"modified":"2026-05-16T01:11:17","modified_gmt":"2026-05-15T23:11:17","slug":"portefeuille-porte-monnaie-cuir","status":"publish","type":"product","link":"https:\/\/streetmarkets.fr\/app\/produit\/portefeuille-porte-monnaie-cuir\/","title":{"rendered":"Portefeuille Porte-monnaie Cuir"},"content":{"rendered":"<h4><strong><a href=\"\/collections\/carre-royal\" title=\"Collection Carr\u00e9 Royal\">Collection\u00a0Carr\u00e9 Royal<\/a><\/strong><\/h4>\n<p>Portefeuille porte-cartes et porte-monnaie, ferm\u00e9 par un \u00e9lastique bicolore &#8211; LA901<\/p>\n<p>Confectionn\u00e9 dans un cuir naturel de taurillon pleine fleur, au toucher dense et souple.<\/p>\n<p>&#8211; 4 fentes pour cartes de cr\u00e9dit<br \/>&#8211; 1 poche multi-fonctionnelle pouvant notamment contenir une carte d\u2019Identit\u00e9<br \/>&#8211; 1 poche \u00e0 billets<br \/>&#8211; 1 poche \u00e0 monnaie ferm\u00e9e par une pression<br \/>&#8211; Taille : 11.5 cm x 8.5 cm<\/p>\n<p>:: Fabriqu\u00e9 en France dans le Tarn ::<\/p>\n<p><em>Les origines de la marque Carr\u00e9 Royal remontent aux ann\u00e9es 1950 avec la fondation d\u2019un premier atelier.\u00a0Conservant la sobri\u00e9t\u00e9 des lignes, et la qualit\u00e9 irr\u00e9prochable qui en font un objet durable qui va se patiner avec le temps, les collections se sont modernis\u00e9es en offrant une large palette de couleurs.<\/em><\/p>\n","protected":false},"excerpt":{"rendered":"<p>Collection\u00a0Carr\u00e9 Royal Portefeuille porte-cartes et porte-monnaie, ferm\u00e9 par un \u00e9lastique bicolore &#8211; LA901 Confectionn\u00e9 dans un cuir naturel de taurillon pleine fleur, au toucher dense et souple. &#8211; 4 fentes pour cartes de cr\u00e9dit&#8211; 1 poche multi-fonctionnelle pouvant notamment contenir une carte d\u2019Identit\u00e9&#8211; 1 poche \u00e0 billets&#8211; 1 poche \u00e0 monnaie ferm\u00e9e par une pression&#8211; [&hellip;]<\/p>\n","protected":false},"featured_media":4061523,"comment_status":"open","ping_status":"closed","template":"","meta":[],"product_brand":[],"product_cat":[],"product_tag":[],"acf":[],"_links":{"self":[{"href":"https:\/\/streetmarkets.fr\/app\/wp-json\/wp\/v2\/product\/4061522"}],"collection":[{"href":"https:\/\/streetmarkets.fr\/app\/wp-json\/wp\/v2\/product"}],"about":[{"href":"https:\/\/streetmarkets.fr\/app\/wp-json\/wp\/v2\/types\/product"}],"replies":[{"embeddable":true,"href":"https:\/\/streetmarkets.fr\/app\/wp-json\/wp\/v2\/comments?post=4061522"}],"wp:featuredmedia":[{"embeddable":true,"href":"https:\/\/streetmarkets.fr\/app\/wp-json\/wp\/v2\/media\/4061523"}],"wp:attachment":[{"href":"https:\/\/streetmarkets.fr\/app\/wp-json\/wp\/v2\/media?parent=4061522"}],"wp:term":[{"taxonomy":"product_brand","embeddable":true,"href":"https:\/\/streetmarkets.fr\/app\/wp-json\/wp\/v2\/product_brand?post=4061522"},{"taxonomy":"product_cat","embeddable":true,"href":"https:\/\/streetmarkets.fr\/app\/wp-json\/wp\/v2\/product_cat?post=4061522"},{"taxonomy":"product_tag","embeddable":true,"href":"https:\/\/streetmarkets.fr\/app\/wp-json\/wp\/v2\/product_tag?post=4061522"}],"curies":[{"name":"wp","href":"https:\/\/api.w.org\/{rel}","templated":true}]}}