{"id":4061483,"date":"2026-05-02T01:11:07","date_gmt":"2026-05-01T23:11:07","guid":{"rendered":"https:\/\/streetmarkets.fr\/app\/produit\/broche-ancre-doree\/"},"modified":"2026-05-11T01:11:02","modified_gmt":"2026-05-10T23:11:02","slug":"broche-ancre-doree","status":"publish","type":"product","link":"https:\/\/streetmarkets.fr\/app\/produit\/broche-ancre-doree\/","title":{"rendered":"Broche Ancre Dor\u00e9e"},"content":{"rendered":"<p><span><a href=\"\/collections\/macon-lesquoy\" title=\"Collection Macon &amp; Lesquoy\"><strong>Collection Macon &amp; Lesquoy<\/strong><\/a><\/span><\/p>\n<p><span>\u00c0 l&#8217;abordage, pour les marins bling-bling !<\/p>\n<p>Taille de la broche : environ 38 x 30 mm<br \/><\/span><br \/><span>Dessin\u00e9es et brod\u00e9es avec soin,\u00a0<\/span><span>les\u00a0<\/span><span>broches Macon &amp; Lesquoy sont l&#8217;accessoire indispensable de l\u2019\u00e9l\u00e9gance&#8230; Jusque dans leur coffret en carton et velours ! Porteuses de messages et d\u2019attention, elles savent s\u00e9duire en toute occasion.<\/span><\/p>\n<p><span>Les broderies sont enti\u00e8rement r\u00e9alis\u00e9es \u00e0 la main, en fil de cannetille, selon une technique indo-pakistanaise tr\u00e8s ancienne.<\/span><\/p>\n","protected":false},"excerpt":{"rendered":"<p>Collection Macon &amp; Lesquoy \u00c0 l&#8217;abordage, pour les marins bling-bling ! Taille de la broche : environ 38 x 30 mmDessin\u00e9es et brod\u00e9es avec soin,\u00a0les\u00a0broches Macon &amp; Lesquoy sont l&#8217;accessoire indispensable de l\u2019\u00e9l\u00e9gance&#8230; Jusque dans leur coffret en carton et velours ! Porteuses de messages et d\u2019attention, elles savent s\u00e9duire en toute occasion. Les broderies [&hellip;]<\/p>\n","protected":false},"featured_media":4061484,"comment_status":"open","ping_status":"closed","template":"","meta":[],"product_brand":[],"product_cat":[],"product_tag":[],"acf":[],"_links":{"self":[{"href":"https:\/\/streetmarkets.fr\/app\/wp-json\/wp\/v2\/product\/4061483"}],"collection":[{"href":"https:\/\/streetmarkets.fr\/app\/wp-json\/wp\/v2\/product"}],"about":[{"href":"https:\/\/streetmarkets.fr\/app\/wp-json\/wp\/v2\/types\/product"}],"replies":[{"embeddable":true,"href":"https:\/\/streetmarkets.fr\/app\/wp-json\/wp\/v2\/comments?post=4061483"}],"wp:featuredmedia":[{"embeddable":true,"href":"https:\/\/streetmarkets.fr\/app\/wp-json\/wp\/v2\/media\/4061484"}],"wp:attachment":[{"href":"https:\/\/streetmarkets.fr\/app\/wp-json\/wp\/v2\/media?parent=4061483"}],"wp:term":[{"taxonomy":"product_brand","embeddable":true,"href":"https:\/\/streetmarkets.fr\/app\/wp-json\/wp\/v2\/product_brand?post=4061483"},{"taxonomy":"product_cat","embeddable":true,"href":"https:\/\/streetmarkets.fr\/app\/wp-json\/wp\/v2\/product_cat?post=4061483"},{"taxonomy":"product_tag","embeddable":true,"href":"https:\/\/streetmarkets.fr\/app\/wp-json\/wp\/v2\/product_tag?post=4061483"}],"curies":[{"name":"wp","href":"https:\/\/api.w.org\/{rel}","templated":true}]}}