{"id":4061443,"date":"2026-05-02T01:11:04","date_gmt":"2026-05-01T23:11:04","guid":{"rendered":"https:\/\/streetmarkets.fr\/app\/produit\/chaussettes-tetons-2\/"},"modified":"2026-05-16T01:11:00","modified_gmt":"2026-05-15T23:11:00","slug":"chaussettes-tetons-2","status":"publish","type":"product","link":"https:\/\/streetmarkets.fr\/app\/produit\/chaussettes-tetons-2\/","title":{"rendered":"Chaussettes T\u00e9tons"},"content":{"rendered":"<p><a href=\"\/collections\/coucou-suzette\" title=\"Collection Coucou Suzette\"><strong>Collection Coucou Suzette<\/strong><\/a><\/p>\n<p>Mains qui pincent d\u00e9licatement le petit t\u00e9ton de\u00a0leur voisine, et ainsi de suite&#8230; une bien jolie cha\u00eene humaine !<\/p>\n<p class=\"p1\">Chaussettes en coton douillet rose<span>\u00a0<\/span><\/p>\n<p><span>Taille Unique\u00a0<\/span>(convient du 35 au 44)<br \/><span>Elles peuvent \u00e9galement aller aux hommes !<\/span><\/p>\n<p><span>Laver \u00e0 l&#8217;envers.<br \/>Coton 72%, Polyamide 27%, Elasthanne 1%<br \/><\/span><\/p>\n<p><span>:: Con\u00e7ues et fabriqu\u00e9es en France ::<\/span><\/p>\n","protected":false},"excerpt":{"rendered":"<p>Collection Coucou Suzette Mains qui pincent d\u00e9licatement le petit t\u00e9ton de\u00a0leur voisine, et ainsi de suite&#8230; une bien jolie cha\u00eene humaine ! Chaussettes en coton douillet rose\u00a0 Taille Unique\u00a0(convient du 35 au 44)Elles peuvent \u00e9galement aller aux hommes ! Laver \u00e0 l&#8217;envers.Coton 72%, Polyamide 27%, Elasthanne 1% :: Con\u00e7ues et fabriqu\u00e9es en France ::<\/p>\n","protected":false},"featured_media":4061444,"comment_status":"open","ping_status":"closed","template":"","meta":[],"product_brand":[],"product_cat":[],"product_tag":[],"acf":[],"_links":{"self":[{"href":"https:\/\/streetmarkets.fr\/app\/wp-json\/wp\/v2\/product\/4061443"}],"collection":[{"href":"https:\/\/streetmarkets.fr\/app\/wp-json\/wp\/v2\/product"}],"about":[{"href":"https:\/\/streetmarkets.fr\/app\/wp-json\/wp\/v2\/types\/product"}],"replies":[{"embeddable":true,"href":"https:\/\/streetmarkets.fr\/app\/wp-json\/wp\/v2\/comments?post=4061443"}],"wp:featuredmedia":[{"embeddable":true,"href":"https:\/\/streetmarkets.fr\/app\/wp-json\/wp\/v2\/media\/4061444"}],"wp:attachment":[{"href":"https:\/\/streetmarkets.fr\/app\/wp-json\/wp\/v2\/media?parent=4061443"}],"wp:term":[{"taxonomy":"product_brand","embeddable":true,"href":"https:\/\/streetmarkets.fr\/app\/wp-json\/wp\/v2\/product_brand?post=4061443"},{"taxonomy":"product_cat","embeddable":true,"href":"https:\/\/streetmarkets.fr\/app\/wp-json\/wp\/v2\/product_cat?post=4061443"},{"taxonomy":"product_tag","embeddable":true,"href":"https:\/\/streetmarkets.fr\/app\/wp-json\/wp\/v2\/product_tag?post=4061443"}],"curies":[{"name":"wp","href":"https:\/\/api.w.org\/{rel}","templated":true}]}}