{"id":4061268,"date":"2026-05-02T01:10:52","date_gmt":"2026-05-01T23:10:52","guid":{"rendered":"https:\/\/streetmarkets.fr\/app\/produit\/sac-a-langer-darcy\/"},"modified":"2026-05-06T01:11:27","modified_gmt":"2026-05-05T23:11:27","slug":"sac-a-langer-darcy","status":"publish","type":"product","link":"https:\/\/streetmarkets.fr\/app\/produit\/sac-a-langer-darcy\/","title":{"rendered":"Sac \u00e0 langer Darcy"},"content":{"rendered":"<p><a href=\"\/collections\/rive-droite-paris\" title=\"Collection Rive Droite Paris\"><strong>Collection Rive Droite Paris<\/strong><\/a><\/p>\n<p>Darcy a la forme et le style d\u2019un sac Rive Droite avec tous les atouts techniques du sac \u00e0 langer !<\/p>\n<p>Fabriqu\u00e9 en coton recycl\u00e9 ou chutes de denim. Ses doublures, issues de fin de stocks de tissus de l&#8217;industrie textile, jouent le c\u00f4t\u00e9 graphique avec de fines rayures, pour rester \u00e9l\u00e9gant, m\u00eame \u00e0 l&#8217;int\u00e9rieur.<\/p>\n<p>Ultra pratique, Darcy dispose de plusieurs poches pour tout bien ranger : poche ext\u00e9rieure plaqu\u00e9e sur le devant du sac pour glisser son t\u00e9l\u00e9phone, poche int\u00e9rieure plaqu\u00e9e pour les couches, et une poche resserr\u00e9e par une \u00e9lastique pour le biberon ; et une grande pochette amovible qui s&#8217;attache et se d\u00e9tache du sac en un tour de main.<\/p>\n<p>Darcy a aussi un passant discret au dos du sac pour se glisser facilement sur une valise et un syst\u00e8me d&#8217;attaches qui permet de l&#8217;accrocher sur toutes les poussettes.\u00a0<\/p>\n<p>Avec sa grande anse r\u00e9glable, vous pouvez le porter \u00e0 l&#8217;\u00e9paule ou en bandouli\u00e8re, selon les envies.<\/p>\n<p>\u00a0Enfin, Darcy est l\u00e9g\u00e8rement rembourr\u00e9 afin de lui assurer une bonne tenue.<\/p>\n<table class=\"table-data-sheet\">\n<tbody>\n<tr class=\"odd\">\n<td>Composition<\/td>\n<td>Composition : 67% coton &amp; 33% Polyester<\/td>\n<\/tr>\n<tr class=\"even\">\n<td>Doublure<\/td>\n<td>Doublure 100% polycoton<\/td>\n<\/tr>\n<tr class=\"odd\">\n<td>Dimensions<\/td>\n<td>L42xH33xP20 cm<\/td>\n<\/tr>\n<tr class=\"even\">\n<td>Conseils d&#8217;entretien<\/td>\n<td>Lavage en machine \u00e0 froid avec des couleurs similaires. Pour les taches persistantes, frottez avant lavage avec du savon de Marseille.<\/td>\n<\/tr>\n<tr class=\"odd\">\n<td>Emballage<\/td>\n<td>Ce produit est emball\u00e9 avec soin dans une pochette en coton avec un lien coulissant<\/td>\n<\/tr>\n<tr class=\"even\">\n<td>Fabrication artisanale<\/td>\n<td>Ce produit a \u00e9t\u00e9 confectionn\u00e9 de fa\u00e7on artisanale, \u00e0 partir de mati\u00e8res upcycl\u00e9es ou recycl\u00e9es. Les teintes et les mati\u00e8res peuvent l\u00e9g\u00e8rement varier d&#8217;un produit \u00e0 l&#8217;autre, ce qui rend chaque pi\u00e8ce unique.<\/td>\n<\/tr>\n<\/tbody>\n<\/table>\n","protected":false},"excerpt":{"rendered":"<p>Collection Rive Droite Paris Darcy a la forme et le style d\u2019un sac Rive Droite avec tous les atouts techniques du sac \u00e0 langer ! Fabriqu\u00e9 en coton recycl\u00e9 ou chutes de denim. Ses doublures, issues de fin de stocks de tissus de l&#8217;industrie textile, jouent le c\u00f4t\u00e9 graphique avec de fines rayures, pour rester [&hellip;]<\/p>\n","protected":false},"featured_media":4061269,"comment_status":"open","ping_status":"closed","template":"","meta":[],"product_brand":[],"product_cat":[],"product_tag":[],"acf":[],"_links":{"self":[{"href":"https:\/\/streetmarkets.fr\/app\/wp-json\/wp\/v2\/product\/4061268"}],"collection":[{"href":"https:\/\/streetmarkets.fr\/app\/wp-json\/wp\/v2\/product"}],"about":[{"href":"https:\/\/streetmarkets.fr\/app\/wp-json\/wp\/v2\/types\/product"}],"replies":[{"embeddable":true,"href":"https:\/\/streetmarkets.fr\/app\/wp-json\/wp\/v2\/comments?post=4061268"}],"wp:featuredmedia":[{"embeddable":true,"href":"https:\/\/streetmarkets.fr\/app\/wp-json\/wp\/v2\/media\/4061269"}],"wp:attachment":[{"href":"https:\/\/streetmarkets.fr\/app\/wp-json\/wp\/v2\/media?parent=4061268"}],"wp:term":[{"taxonomy":"product_brand","embeddable":true,"href":"https:\/\/streetmarkets.fr\/app\/wp-json\/wp\/v2\/product_brand?post=4061268"},{"taxonomy":"product_cat","embeddable":true,"href":"https:\/\/streetmarkets.fr\/app\/wp-json\/wp\/v2\/product_cat?post=4061268"},{"taxonomy":"product_tag","embeddable":true,"href":"https:\/\/streetmarkets.fr\/app\/wp-json\/wp\/v2\/product_tag?post=4061268"}],"curies":[{"name":"wp","href":"https:\/\/api.w.org\/{rel}","templated":true}]}}