{"id":4061205,"date":"2026-05-02T00:56:19","date_gmt":"2026-05-01T22:56:19","guid":{"rendered":"https:\/\/streetmarkets.fr\/app\/produit\/extrait-de-parfum-croissant-cafe\/"},"modified":"2026-05-09T00:56:18","modified_gmt":"2026-05-08T22:56:18","slug":"extrait-de-parfum-croissant-cafe","status":"publish","type":"product","link":"https:\/\/streetmarkets.fr\/app\/produit\/extrait-de-parfum-croissant-cafe\/","title":{"rendered":"Extrait de parfum &#8211; Croissant caf\u00e9"},"content":{"rendered":"<p data-mce-fragment=\"1\"><span data-mce-fragment=\"1\">L\u2019extrait de parfum croissant caf\u00e9 vous plongera dans une ambiance gourmande et r\u00e9confortante. Vous retrouverez de d\u00e9licates notes de noisette, de caf\u00e9, de caramel, de vanille ou encore de noix de p\u00e9can. Un m\u00e9lange beurr\u00e9 et onctueux aux notes rondes et grill\u00e9es qui vous rappellera les senteurs d\u2019un petit-d\u00e9jeuner ultra app\u00e9tissant.\u00a0<\/span><\/p>\n<p data-mce-fragment=\"1\"><i data-mce-fragment=\"1\"><span data-mce-fragment=\"1\">Notes de t\u00eate : beurre, noisette, santal, noix de p\u00e9can<\/span><\/i><\/p>\n<p data-mce-fragment=\"1\"><i data-mce-fragment=\"1\"><span data-mce-fragment=\"1\">Notes de coeur : amand\u00e9, floral, ros\u00e9, foin\u00a0<\/span><\/i><\/p>\n<p data-mce-fragment=\"1\"><i data-mce-fragment=\"1\"><span data-mce-fragment=\"1\">Notes de fond : torr\u00e9fi\u00e9, \u00e9pic\u00e9, ambr\u00e9, caf\u00e9, chocolat, vanille, caramel, m\u00fbre<\/span><\/i><\/p>\n<p data-mce-fragment=\"1\"><span data-mce-fragment=\"1\">Les extraits de parfum de la marque Versatile Paris sont unisexes.\u00a0<\/span><\/p>\n<p data-mce-fragment=\"1\"><span data-mce-fragment=\"1\">Des parfums naturels et concentr\u00e9s, qui gr\u00e2ce \u00e0 leurs senteurs originales, attireront tous les regards.<\/span><\/p>\n<p data-mce-fragment=\"1\"><span data-mce-fragment=\"1\">Fabrication fran\u00e7aise.\u00a0<\/span><\/p>\n<p data-mce-fragment=\"1\"><span data-mce-fragment=\"1\">LE CONSEIL D&#8217;ASTRID<\/span><\/p>\n<p data-mce-fragment=\"1\"><span data-mce-fragment=\"1\">Hydratez votre peau avec une cr\u00e8me sans odeur, puis appliquez votre parfum sur quelques points de pression (la nuque, les poignets, le d\u00e9collet\u00e9..) Votre parfum aura alors une plus longue tenue.\u00a0<\/span><\/p>\n<p data-mce-fragment=\"1\"><span data-mce-fragment=\"1\">Versatile Paris propose des extraits de parfums odorants qui n\u00e9cessitent donc tr\u00e8s peu d&#8217;application.<\/span><\/p>\n<p data-mce-fragment=\"1\"><span data-mce-fragment=\"1\">COMPOSITION<\/span><\/p>\n<p data-mce-fragment=\"1\"><span data-mce-fragment=\"1\">Contenance: 15 ml, concentr\u00e9 \u00e0 32%<\/span><\/p>\n<p><span>Parfum vegan<\/span><\/p>\n<p><span>Dur\u00e9e d\u2019utilisation de 4 \u00e0 6 mois *\u00a0<\/span><\/p>\n<p><span>*sur une base de une \u00e0 deux applications \/ jour<\/span><\/p>\n<p><span>Liste INCI*: Prunus Amygdalus Dulcis Oil, Parfum (Fragrance), Triticum Vulgare Germ Oil, Tocopherol, Coumarin, D-Limonene, Isoeugenol.\u00a0<\/span><\/p>\n<p><b>Prunus Amygdalus Dulcis Oil<\/b><span> (Espagne) : Huile v\u00e9g\u00e9tale d&#8217;Amande douce, r\u00e9put\u00e9e pour ses propri\u00e9t\u00e9s hydratantes et apaisantes.<\/span><\/p>\n<p><b>Parfum &#8211; Fragrance <\/b><span>(Grasse) : L&#8217;appellation qui regroupe tout mais qui ne se d\u00e9voile jamais ! Notre parfum contient 21 ingr\u00e9dients naturels et synth\u00e9tiques<\/span><\/p>\n<p><b>Triticum Vulgare Germ Oil <\/b><span>(Italie) : Huile v\u00e9g\u00e9tale de germes de bl\u00e9, r\u00e9put\u00e9e pour ses propri\u00e9t\u00e9s nourrissantes et adoucissantes.<\/span><\/p>\n<p><b>Tocopherol<\/b><span> (Espagne) : Antioxydant issu de la Vitamine E qui sert \u00e0 \u00e9viter le rancissement de la base huileuse.<\/span><\/p>\n<p><b>3 allerg\u00e8nes en petite quantit\u00e9<\/b><span> (moins de 0,1%). Ils sont pr\u00e9sents dans des naturels ou sont utilis\u00e9s seuls, comme notes synth\u00e9tiques.<\/span><\/p>\n<p><i><span>*<\/span><\/i><i><span>nomenclature internationale des ingr\u00e9dients cosm\u00e9tiques<\/span><\/i><\/p>\n<p><span>LA MARQUE<\/span><\/p>\n<p><span>&#8211; Des extraits de parfums nomades et engag\u00e9s &#8211;<\/span><\/p>\n<p><span>Versatile Paris propose de petits parfums concentr\u00e9s, aux senteurs puissantes, sans alcool, et unisexes. La marque s&#8217;engage vers une parfumerie transparente et authentique en cr\u00e9ant des extraits de parfums singuliers, dans de petits flacons sous forme de roll-on, pour une utilisation \u00e0 la fois nomade et d\u00e9licate.\u00a0<\/span><\/p>\n","protected":false},"excerpt":{"rendered":"<p>L\u2019extrait de parfum croissant caf\u00e9 vous plongera dans une ambiance gourmande et r\u00e9confortante. Vous retrouverez de d\u00e9licates notes de noisette, de caf\u00e9, de caramel, de vanille ou encore de noix de p\u00e9can. Un m\u00e9lange beurr\u00e9 et onctueux aux notes rondes et grill\u00e9es qui vous rappellera les senteurs d\u2019un petit-d\u00e9jeuner ultra app\u00e9tissant.\u00a0 Notes de t\u00eate : [&hellip;]<\/p>\n","protected":false},"featured_media":4061206,"comment_status":"open","ping_status":"closed","template":"","meta":[],"product_brand":[],"product_cat":[],"product_tag":[],"acf":[],"_links":{"self":[{"href":"https:\/\/streetmarkets.fr\/app\/wp-json\/wp\/v2\/product\/4061205"}],"collection":[{"href":"https:\/\/streetmarkets.fr\/app\/wp-json\/wp\/v2\/product"}],"about":[{"href":"https:\/\/streetmarkets.fr\/app\/wp-json\/wp\/v2\/types\/product"}],"replies":[{"embeddable":true,"href":"https:\/\/streetmarkets.fr\/app\/wp-json\/wp\/v2\/comments?post=4061205"}],"wp:featuredmedia":[{"embeddable":true,"href":"https:\/\/streetmarkets.fr\/app\/wp-json\/wp\/v2\/media\/4061206"}],"wp:attachment":[{"href":"https:\/\/streetmarkets.fr\/app\/wp-json\/wp\/v2\/media?parent=4061205"}],"wp:term":[{"taxonomy":"product_brand","embeddable":true,"href":"https:\/\/streetmarkets.fr\/app\/wp-json\/wp\/v2\/product_brand?post=4061205"},{"taxonomy":"product_cat","embeddable":true,"href":"https:\/\/streetmarkets.fr\/app\/wp-json\/wp\/v2\/product_cat?post=4061205"},{"taxonomy":"product_tag","embeddable":true,"href":"https:\/\/streetmarkets.fr\/app\/wp-json\/wp\/v2\/product_tag?post=4061205"}],"curies":[{"name":"wp","href":"https:\/\/api.w.org\/{rel}","templated":true}]}}