{"id":4061193,"date":"2026-05-02T00:50:19","date_gmt":"2026-05-01T22:50:19","guid":{"rendered":"https:\/\/streetmarkets.fr\/app\/produit\/assos-maillot-equipe-rsr-s11-almond-milk\/"},"modified":"2026-05-09T00:50:34","modified_gmt":"2026-05-08T22:50:34","slug":"assos-maillot-equipe-rsr-s11-almond-milk","status":"publish","type":"product","link":"https:\/\/streetmarkets.fr\/app\/produit\/assos-maillot-equipe-rsr-s11-almond-milk\/","title":{"rendered":"Assos Maillot \u00c9quipe RSR S11 Almond Milk"},"content":{"rendered":"<p><span>Pens\u00e9 pour la performance pure, ce maillot ultra l\u00e9ger offre une sensation seconde peau et une a\u00e9ration maximale pour rouler vite m\u00eame sous forte chaleur. Sa coupe racingFit et son a\u00e9rodynamisme optimis\u00e9 en font un alli\u00e9 id\u00e9al pour les sorties longues et les efforts intenses. Les poches renforc\u00e9es permettent d\u2019emporter l\u2019essentiel sans compromis sur la stabilit\u00e9.<\/span><\/p>\n<p><span>Le\u00a0maillot RSR S11 incroyablement l\u00e9ger remplace le RSR SUPERL\u00c9GER S9. Le tissu principal ultra rafra\u00eechissant ne change pas. En revanche, une nouvelle maille enveloppante plus l\u00e9g\u00e8re sur les manches recouvre le haut du bras d\u2019un maintien bidirectionnel pour une sensation seconde peau a\u00e9rodynamique. <\/span><\/p>\n<p><span>La g\u00e9n\u00e9ration S11 permet des sorties plus longues gr\u00e2ce \u00e0 un ensemble de poches Triple Ramp pour des performances longue distance avec le cuissard RSR S11. La longueur raccourcie am\u00e9liore la coupe pour les positions de course agressives et r\u00e9duit les plis sur le ventre. Le col revisit\u00e9 assure une excellente respirabilit\u00e9 durant les sorties ultra intenses.<\/span><\/p>\n","protected":false},"excerpt":{"rendered":"<p>Pens\u00e9 pour la performance pure, ce maillot ultra l\u00e9ger offre une sensation seconde peau et une a\u00e9ration maximale pour rouler vite m\u00eame sous forte chaleur. Sa coupe racingFit et son a\u00e9rodynamisme optimis\u00e9 en font un alli\u00e9 id\u00e9al pour les sorties longues et les efforts intenses. Les poches renforc\u00e9es permettent d\u2019emporter l\u2019essentiel sans compromis sur la [&hellip;]<\/p>\n","protected":false},"featured_media":4061194,"comment_status":"open","ping_status":"closed","template":"","meta":[],"product_brand":[],"product_cat":[],"product_tag":[],"acf":[],"_links":{"self":[{"href":"https:\/\/streetmarkets.fr\/app\/wp-json\/wp\/v2\/product\/4061193"}],"collection":[{"href":"https:\/\/streetmarkets.fr\/app\/wp-json\/wp\/v2\/product"}],"about":[{"href":"https:\/\/streetmarkets.fr\/app\/wp-json\/wp\/v2\/types\/product"}],"replies":[{"embeddable":true,"href":"https:\/\/streetmarkets.fr\/app\/wp-json\/wp\/v2\/comments?post=4061193"}],"wp:featuredmedia":[{"embeddable":true,"href":"https:\/\/streetmarkets.fr\/app\/wp-json\/wp\/v2\/media\/4061194"}],"wp:attachment":[{"href":"https:\/\/streetmarkets.fr\/app\/wp-json\/wp\/v2\/media?parent=4061193"}],"wp:term":[{"taxonomy":"product_brand","embeddable":true,"href":"https:\/\/streetmarkets.fr\/app\/wp-json\/wp\/v2\/product_brand?post=4061193"},{"taxonomy":"product_cat","embeddable":true,"href":"https:\/\/streetmarkets.fr\/app\/wp-json\/wp\/v2\/product_cat?post=4061193"},{"taxonomy":"product_tag","embeddable":true,"href":"https:\/\/streetmarkets.fr\/app\/wp-json\/wp\/v2\/product_tag?post=4061193"}],"curies":[{"name":"wp","href":"https:\/\/api.w.org\/{rel}","templated":true}]}}