{"id":4061181,"date":"2026-05-02T00:50:18","date_gmt":"2026-05-01T22:50:18","guid":{"rendered":"https:\/\/streetmarkets.fr\/app\/produit\/assos-maillot-femme-uma-gt-s11-evo-blossom-pink\/"},"modified":"2026-05-06T00:50:04","modified_gmt":"2026-05-05T22:50:04","slug":"assos-maillot-femme-uma-gt-s11-evo-blossom-pink","status":"publish","type":"product","link":"https:\/\/streetmarkets.fr\/app\/produit\/assos-maillot-femme-uma-gt-s11-evo-blossom-pink\/","title":{"rendered":"Assos Maillot Femme Uma GT S11 Evo Blossom Pink"},"content":{"rendered":"<p data-start=\"214\" data-end=\"645\">Pens\u00e9 pour les sorties r\u00e9guli\u00e8res, le Assos Maillot Femme Uma GT S11 Evo Blossom Pink allie l\u00e9g\u00e8ret\u00e9 et respirabilit\u00e9 pour rester au frais m\u00eame sous la chaleur. Sa coupe confortable et ses tissus AirCell ultra a\u00e9r\u00e9s assurent une \u00e9vacuation efficace de l\u2019humidit\u00e9, tandis que les manches seconde peau am\u00e9liorent le maintien et l\u2019a\u00e9rodynamisme. Id\u00e9al pour les cyclistes qui veulent encha\u00eener les kilom\u00e8tres avec confort et fiabilit\u00e9. <span class=\"\" data-state=\"closed\"><\/span><\/p>\n<p data-start=\"511\" data-end=\"941\">Sa construction de poches simplifi\u00e9e conserve le syst\u00e8me cargo s\u00e9curis\u00e9 embl\u00e9matique, tout en adoptant des lignes plus \u00e9pur\u00e9es et des coutures r\u00e9duites pour un confort optimal. Avec sa nouvelle palette de couleurs et son logo ASSOS revisit\u00e9, inspir\u00e9 de la s\u00e9rie Racing, ce mod\u00e8le allie modernit\u00e9 et performance. Extr\u00eamement l\u00e9ger, il est recommand\u00e9 d\u2019appliquer une protection solaire sous le maillot lors des sorties ensoleill\u00e9es.<\/p>\n","protected":false},"excerpt":{"rendered":"<p>Pens\u00e9 pour les sorties r\u00e9guli\u00e8res, le Assos Maillot Femme Uma GT S11 Evo Blossom Pink allie l\u00e9g\u00e8ret\u00e9 et respirabilit\u00e9 pour rester au frais m\u00eame sous la chaleur. Sa coupe confortable et ses tissus AirCell ultra a\u00e9r\u00e9s assurent une \u00e9vacuation efficace de l\u2019humidit\u00e9, tandis que les manches seconde peau am\u00e9liorent le maintien et l\u2019a\u00e9rodynamisme. Id\u00e9al pour [&hellip;]<\/p>\n","protected":false},"featured_media":4061182,"comment_status":"open","ping_status":"closed","template":"","meta":[],"product_brand":[],"product_cat":[],"product_tag":[],"acf":[],"_links":{"self":[{"href":"https:\/\/streetmarkets.fr\/app\/wp-json\/wp\/v2\/product\/4061181"}],"collection":[{"href":"https:\/\/streetmarkets.fr\/app\/wp-json\/wp\/v2\/product"}],"about":[{"href":"https:\/\/streetmarkets.fr\/app\/wp-json\/wp\/v2\/types\/product"}],"replies":[{"embeddable":true,"href":"https:\/\/streetmarkets.fr\/app\/wp-json\/wp\/v2\/comments?post=4061181"}],"wp:featuredmedia":[{"embeddable":true,"href":"https:\/\/streetmarkets.fr\/app\/wp-json\/wp\/v2\/media\/4061182"}],"wp:attachment":[{"href":"https:\/\/streetmarkets.fr\/app\/wp-json\/wp\/v2\/media?parent=4061181"}],"wp:term":[{"taxonomy":"product_brand","embeddable":true,"href":"https:\/\/streetmarkets.fr\/app\/wp-json\/wp\/v2\/product_brand?post=4061181"},{"taxonomy":"product_cat","embeddable":true,"href":"https:\/\/streetmarkets.fr\/app\/wp-json\/wp\/v2\/product_cat?post=4061181"},{"taxonomy":"product_tag","embeddable":true,"href":"https:\/\/streetmarkets.fr\/app\/wp-json\/wp\/v2\/product_tag?post=4061181"}],"curies":[{"name":"wp","href":"https:\/\/api.w.org\/{rel}","templated":true}]}}