{"id":4061092,"date":"2026-05-01T02:47:53","date_gmt":"2026-05-01T00:47:53","guid":{"rendered":"https:\/\/streetmarkets.fr\/app\/produit\/t-shirt-a-manches-courtes-vinx-252-m-pirate\/"},"modified":"2026-05-07T02:47:04","modified_gmt":"2026-05-07T00:47:04","slug":"t-shirt-a-manches-courtes-vinx-252-m-pirate","status":"publish","type":"product","link":"https:\/\/streetmarkets.fr\/app\/produit\/t-shirt-a-manches-courtes-vinx-252-m-pirate\/","title":{"rendered":"T-shirt \u00e0 manches courtes Vinx (252 \/ M \/ PIRATE)"},"content":{"rendered":"<p>T-shirt classique \u00e0 manches courtes en jersey de coton gris fonc\u00e9 vintage.<\/p>\n<ul>\n<li>Coupe classique<\/li>\n<li>Manches courtes<\/li>\n<li>Encolure ras du cou c\u00f4tel\u00e9e<\/li>\n<li>Jersey de coton l\u00e9ger, 120 g\/m\u00b2<\/li>\n<\/ul>\n","protected":false},"excerpt":{"rendered":"<p>T-shirt classique \u00e0 manches courtes en jersey de coton gris fonc\u00e9 vintage. Coupe classique Manches courtes Encolure ras du cou c\u00f4tel\u00e9e Jersey de coton l\u00e9ger, 120 g\/m\u00b2<\/p>\n","protected":false},"featured_media":4097377,"comment_status":"open","ping_status":"closed","template":"","meta":[],"product_brand":[2529],"product_cat":[],"product_tag":[],"acf":[],"_links":{"self":[{"href":"https:\/\/streetmarkets.fr\/app\/wp-json\/wp\/v2\/product\/4061092"}],"collection":[{"href":"https:\/\/streetmarkets.fr\/app\/wp-json\/wp\/v2\/product"}],"about":[{"href":"https:\/\/streetmarkets.fr\/app\/wp-json\/wp\/v2\/types\/product"}],"replies":[{"embeddable":true,"href":"https:\/\/streetmarkets.fr\/app\/wp-json\/wp\/v2\/comments?post=4061092"}],"wp:featuredmedia":[{"embeddable":true,"href":"https:\/\/streetmarkets.fr\/app\/wp-json\/wp\/v2\/media\/4097377"}],"wp:attachment":[{"href":"https:\/\/streetmarkets.fr\/app\/wp-json\/wp\/v2\/media?parent=4061092"}],"wp:term":[{"taxonomy":"product_brand","embeddable":true,"href":"https:\/\/streetmarkets.fr\/app\/wp-json\/wp\/v2\/product_brand?post=4061092"},{"taxonomy":"product_cat","embeddable":true,"href":"https:\/\/streetmarkets.fr\/app\/wp-json\/wp\/v2\/product_cat?post=4061092"},{"taxonomy":"product_tag","embeddable":true,"href":"https:\/\/streetmarkets.fr\/app\/wp-json\/wp\/v2\/product_tag?post=4061092"}],"curies":[{"name":"wp","href":"https:\/\/api.w.org\/{rel}","templated":true}]}}