{"id":4055220,"date":"2026-05-01T01:01:30","date_gmt":"2026-04-30T23:01:30","guid":{"rendered":"https:\/\/streetmarkets.fr\/app\/produit\/carre-piranesi-turquoise\/"},"modified":"2026-05-05T01:01:00","modified_gmt":"2026-05-04T23:01:00","slug":"carre-piranesi-turquoise","status":"publish","type":"product","link":"https:\/\/streetmarkets.fr\/app\/produit\/carre-piranesi-turquoise\/","title":{"rendered":"Carr\u00e9 Piranesi Turquoise"},"content":{"rendered":"<p>Carr\u00e9 Piranesi Turquoise : Le carr\u00e9 qui transforme la tenue en paysage textile !\u00a0<\/p>\n<p>Le d\u00e9tail qui fait la diff\u00e9rence : Ce d\u00e9cor foisonnant o\u00f9 palais antiques, lions, panth\u00e8res, palmiers et v\u00e9g\u00e9tation composent un paysage imaginaire \u00e0 explorer, comme grav\u00e9e dans le tissu. La r\u00e9alisation de ce dessin \u00e0 demand\u00e9 de nombreuses heures de travail \u00e0 l&#8217;atelier de cr\u00e9ation situ\u00e9 en baie de Somme.<\/p>\n<p>Un foulard que l&#8217;on noue autour du cou, que l&#8217;on porte en jupe improvis\u00e9e ou en top cache-c\u0153ur quand la silhouette demande une pi\u00e8ce plus expressive. Ce grand carr\u00e9 d\u00e9voile un d\u00e9cor foisonnant inspir\u00e9 des gravures anciennes : palais aux airs d\u2019architecture romaine ou grecque, animaux qui traversent la sc\u00e8ne et v\u00e9g\u00e9tation qui reprend ses droits. Sur fond turquoise, les dessins rouille et \u00e9cru se m\u00ealent aux palmiers et aux feuillages bleu. Un motif si riche qu\u2019on pourrait s\u2019y perdre et d\u00e9couvrir de nouveaux d\u00e9tails \u00e0 chaque regard.<\/p>\n<p>Pourquoi on l\u2019adore :<\/p>\n<p>&#8211; Son m\u00e9lange soie et modal, doux, fluide et tr\u00e8s agr\u00e9able \u00e0 porter.<br data-start=\"721\" data-end=\"724\">&#8211; Son grand format 130 x 130 cm qui permet de le nouer autour du cou, en jupe ou en top.<br data-start=\"810\" data-end=\"813\">&#8211; Son motif inspir\u00e9 des gravures anciennes, m\u00ealant architecture et faune dans un d\u00e9cor spectaculaire.<br data-start=\"912\" data-end=\"915\">&#8211; Sa fabrication en Inde dans un atelier expert du tissage traditionnel.<\/p>\n<p>C\u00f4t\u00e9 mati\u00e8re \/ fabrication :<br data-start=\"1019\" data-end=\"1022\">52 % soie, 48 % modal. Ce carr\u00e9 est fabriqu\u00e9 en Inde dans un atelier reconnu pour son savoir-faire textile et la finesse de ses impressions.<\/p>\n<p><\/p>\n","protected":false},"excerpt":{"rendered":"<p>Carr\u00e9 Piranesi Turquoise : Le carr\u00e9 qui transforme la tenue en paysage textile !\u00a0 Le d\u00e9tail qui fait la diff\u00e9rence : Ce d\u00e9cor foisonnant o\u00f9 palais antiques, lions, panth\u00e8res, palmiers et v\u00e9g\u00e9tation composent un paysage imaginaire \u00e0 explorer, comme grav\u00e9e dans le tissu. La r\u00e9alisation de ce dessin \u00e0 demand\u00e9 de nombreuses heures de travail [&hellip;]<\/p>\n","protected":false},"featured_media":4055221,"comment_status":"open","ping_status":"closed","template":"","meta":[],"product_brand":[],"product_cat":[],"product_tag":[],"acf":[],"_links":{"self":[{"href":"https:\/\/streetmarkets.fr\/app\/wp-json\/wp\/v2\/product\/4055220"}],"collection":[{"href":"https:\/\/streetmarkets.fr\/app\/wp-json\/wp\/v2\/product"}],"about":[{"href":"https:\/\/streetmarkets.fr\/app\/wp-json\/wp\/v2\/types\/product"}],"replies":[{"embeddable":true,"href":"https:\/\/streetmarkets.fr\/app\/wp-json\/wp\/v2\/comments?post=4055220"}],"wp:featuredmedia":[{"embeddable":true,"href":"https:\/\/streetmarkets.fr\/app\/wp-json\/wp\/v2\/media\/4055221"}],"wp:attachment":[{"href":"https:\/\/streetmarkets.fr\/app\/wp-json\/wp\/v2\/media?parent=4055220"}],"wp:term":[{"taxonomy":"product_brand","embeddable":true,"href":"https:\/\/streetmarkets.fr\/app\/wp-json\/wp\/v2\/product_brand?post=4055220"},{"taxonomy":"product_cat","embeddable":true,"href":"https:\/\/streetmarkets.fr\/app\/wp-json\/wp\/v2\/product_cat?post=4055220"},{"taxonomy":"product_tag","embeddable":true,"href":"https:\/\/streetmarkets.fr\/app\/wp-json\/wp\/v2\/product_tag?post=4055220"}],"curies":[{"name":"wp","href":"https:\/\/api.w.org\/{rel}","templated":true}]}}