{"id":4055207,"date":"2026-05-01T01:01:24","date_gmt":"2026-04-30T23:01:24","guid":{"rendered":"https:\/\/streetmarkets.fr\/app\/produit\/top-jalila\/"},"modified":"2026-05-10T01:00:44","modified_gmt":"2026-05-09T23:00:44","slug":"top-jalila","status":"publish","type":"product","link":"https:\/\/streetmarkets.fr\/app\/produit\/top-jalila\/","title":{"rendered":"Top Jalila"},"content":{"rendered":"<p>Top Jalila en \u00e9ponge : Le top qui donne envie de ralentir sous le soleil !\u00a0<br \/>On l\u2019enfile le matin sans r\u00e9fl\u00e9chir, avec un short, une jupe ou un pantalon l\u00e9ger. Sa coupe ample et son d\u00e9collet\u00e9 en V dessinent une silhouette facile, pens\u00e9e pour les journ\u00e9es chaudes. Mati\u00e8re \u00e9ponge douce qui apporte une sensation confortable pour un style d\u00e9contract\u00e9.<\/p>\n<p>Ce qui nous s\u00e9duit :<\/p>\n<ul data-start=\"398\" data-end=\"605\">\n<li data-section-id=\"1vu4j74\" data-start=\"449\" data-end=\"502\">Sa coupe ample qui laisse respirer la silhouette.<\/li>\n<li data-section-id=\"1gei548\" data-start=\"503\" data-end=\"550\">Son d\u00e9collet\u00e9 en V qui \u00e9quilibre le volume.<\/li>\n<li data-section-id=\"u734ek\" data-start=\"551\" data-end=\"605\">Ses manches l\u00e9g\u00e8rement tombantes pour un look relax.<\/li>\n<\/ul>\n<p>C\u00f4t\u00e9 mati\u00e8re \/ fabrication :<br data-start=\"639\" data-end=\"642\">Top confectionn\u00e9 dans une mati\u00e8re \u00e9ponge douce, id\u00e9ale pour la saison printemps-\u00e9t\u00e9.<\/p>\n<p>Le petit + qu\u2019on adore : Cette texture \u00e9ponge inattendue qui change du t-shirt classique et donne tout son style au mod\u00e8le.<\/p>\n","protected":false},"excerpt":{"rendered":"<p>Top Jalila en \u00e9ponge : Le top qui donne envie de ralentir sous le soleil !\u00a0On l\u2019enfile le matin sans r\u00e9fl\u00e9chir, avec un short, une jupe ou un pantalon l\u00e9ger. Sa coupe ample et son d\u00e9collet\u00e9 en V dessinent une silhouette facile, pens\u00e9e pour les journ\u00e9es chaudes. Mati\u00e8re \u00e9ponge douce qui apporte une sensation confortable [&hellip;]<\/p>\n","protected":false},"featured_media":4055208,"comment_status":"open","ping_status":"closed","template":"","meta":[],"product_brand":[],"product_cat":[],"product_tag":[],"acf":[],"_links":{"self":[{"href":"https:\/\/streetmarkets.fr\/app\/wp-json\/wp\/v2\/product\/4055207"}],"collection":[{"href":"https:\/\/streetmarkets.fr\/app\/wp-json\/wp\/v2\/product"}],"about":[{"href":"https:\/\/streetmarkets.fr\/app\/wp-json\/wp\/v2\/types\/product"}],"replies":[{"embeddable":true,"href":"https:\/\/streetmarkets.fr\/app\/wp-json\/wp\/v2\/comments?post=4055207"}],"wp:featuredmedia":[{"embeddable":true,"href":"https:\/\/streetmarkets.fr\/app\/wp-json\/wp\/v2\/media\/4055208"}],"wp:attachment":[{"href":"https:\/\/streetmarkets.fr\/app\/wp-json\/wp\/v2\/media?parent=4055207"}],"wp:term":[{"taxonomy":"product_brand","embeddable":true,"href":"https:\/\/streetmarkets.fr\/app\/wp-json\/wp\/v2\/product_brand?post=4055207"},{"taxonomy":"product_cat","embeddable":true,"href":"https:\/\/streetmarkets.fr\/app\/wp-json\/wp\/v2\/product_cat?post=4055207"},{"taxonomy":"product_tag","embeddable":true,"href":"https:\/\/streetmarkets.fr\/app\/wp-json\/wp\/v2\/product_tag?post=4055207"}],"curies":[{"name":"wp","href":"https:\/\/api.w.org\/{rel}","templated":true}]}}