{"id":4055197,"date":"2026-05-01T01:00:33","date_gmt":"2026-04-30T23:00:33","guid":{"rendered":"https:\/\/streetmarkets.fr\/app\/produit\/chaussettes-chat-gris\/"},"modified":"2026-05-08T01:00:51","modified_gmt":"2026-05-07T23:00:51","slug":"chaussettes-chat-gris","status":"publish","type":"product","link":"https:\/\/streetmarkets.fr\/app\/produit\/chaussettes-chat-gris\/","title":{"rendered":"Chaussettes Chat Gris"},"content":{"rendered":"<p>Chaussettes\u202fChat Gris : Le persan le plus chill de nos tiroirs !\u00a0<br \/>Qui peut r\u00e9sister \u00e0 ces petits chats gris ultra poilus ? Certainement pas nous. Tiss\u00e9s avec soin sur un fond cr\u00e8me tout doux, ces persans dodus et duveteux nous suivent partout avec leur bouille calme et leur allure royale. De vraies chaussettes doudou, qui font ronronner nos pieds d\u00e8s le matin.<\/p>\n<p>On aime :<br data-start=\"375\" data-end=\"378\">\u2013 Les chats persans gris au poil (presque) aussi doux qu\u2019en vrai.<br data-start=\"442\" data-end=\"445\">\u2013 Le contraste cr\u00e8me\/gris qui va avec tout.<br data-start=\"487\" data-end=\"490\">\u2013 Le confort moelleux du coton italien.<br data-start=\"528\" data-end=\"531\" data-is-only-node=\"\">\u2013 La taille unique mixte, pour tous les petons du 35 au 44.<\/p>\n","protected":false},"excerpt":{"rendered":"<p>Chaussettes\u202fChat Gris : Le persan le plus chill de nos tiroirs !\u00a0Qui peut r\u00e9sister \u00e0 ces petits chats gris ultra poilus ? Certainement pas nous. Tiss\u00e9s avec soin sur un fond cr\u00e8me tout doux, ces persans dodus et duveteux nous suivent partout avec leur bouille calme et leur allure royale. De vraies chaussettes doudou, qui [&hellip;]<\/p>\n","protected":false},"featured_media":4055198,"comment_status":"open","ping_status":"closed","template":"","meta":[],"product_brand":[],"product_cat":[],"product_tag":[],"acf":[],"_links":{"self":[{"href":"https:\/\/streetmarkets.fr\/app\/wp-json\/wp\/v2\/product\/4055197"}],"collection":[{"href":"https:\/\/streetmarkets.fr\/app\/wp-json\/wp\/v2\/product"}],"about":[{"href":"https:\/\/streetmarkets.fr\/app\/wp-json\/wp\/v2\/types\/product"}],"replies":[{"embeddable":true,"href":"https:\/\/streetmarkets.fr\/app\/wp-json\/wp\/v2\/comments?post=4055197"}],"wp:featuredmedia":[{"embeddable":true,"href":"https:\/\/streetmarkets.fr\/app\/wp-json\/wp\/v2\/media\/4055198"}],"wp:attachment":[{"href":"https:\/\/streetmarkets.fr\/app\/wp-json\/wp\/v2\/media?parent=4055197"}],"wp:term":[{"taxonomy":"product_brand","embeddable":true,"href":"https:\/\/streetmarkets.fr\/app\/wp-json\/wp\/v2\/product_brand?post=4055197"},{"taxonomy":"product_cat","embeddable":true,"href":"https:\/\/streetmarkets.fr\/app\/wp-json\/wp\/v2\/product_cat?post=4055197"},{"taxonomy":"product_tag","embeddable":true,"href":"https:\/\/streetmarkets.fr\/app\/wp-json\/wp\/v2\/product_tag?post=4055197"}],"curies":[{"name":"wp","href":"https:\/\/api.w.org\/{rel}","templated":true}]}}