{"id":4055171,"date":"2026-05-01T00:59:30","date_gmt":"2026-04-30T22:59:30","guid":{"rendered":"https:\/\/streetmarkets.fr\/app\/produit\/trousse-neptune-bleu\/"},"modified":"2026-05-05T00:59:39","modified_gmt":"2026-05-04T22:59:39","slug":"trousse-neptune-bleu","status":"publish","type":"product","link":"https:\/\/streetmarkets.fr\/app\/produit\/trousse-neptune-bleu\/","title":{"rendered":"Trousse Neptune Bleu"},"content":{"rendered":"<p>Trousse Neptune Bleu : La trousse qui suit tous nos essentiels avec style !\u00a0<br \/>On la glisse dans un sac, une valise ou on la garde \u00e0 port\u00e9e de main au quotidien.<br \/>Bleu intense et motif riche en d\u00e9tails, entre coraux et poissons fa\u00e7on gravure, elle donne une vraie personnalit\u00e9 \u00e0 notre organisation.<br \/>C\u00f4t\u00e9 mati\u00e8re \/ fabrication :<br data-start=\"698\" data-end=\"701\">Corps en 100 % polyester recycl\u00e9. Finitions et zip en cuir de bovin italien. Fabriqu\u00e9e en Inde dans un atelier expert du tissage traditionnel.<\/p>\n<p>Ce qui nous pla\u00eet :<\/p>\n<ul data-start=\"395\" data-end=\"664\">\n<li data-section-id=\"9c481i\" data-start=\"395\" data-end=\"463\">Son motif d\u00e9taill\u00e9, plein de caract\u00e8re.<\/li>\n<li data-section-id=\"d0pobh\" data-start=\"464\" data-end=\"529\">Son tissu technique en polyester recycl\u00e9, l\u00e9ger et adaptable.<\/li>\n<li data-section-id=\"1kgp1xc\" data-start=\"530\" data-end=\"604\">Son format <span>30 x 17 x 12 cm<\/span>, parfait pour maquillage ou essentiels.<\/li>\n<li data-section-id=\"fuchgc\" data-start=\"605\" data-end=\"664\">Ses finitions en cuir italien qui structurent l\u2019ensemble.<\/li>\n<\/ul>\n<p>\u00a0<\/p>\n","protected":false},"excerpt":{"rendered":"<p>Trousse Neptune Bleu : La trousse qui suit tous nos essentiels avec style !\u00a0On la glisse dans un sac, une valise ou on la garde \u00e0 port\u00e9e de main au quotidien.Bleu intense et motif riche en d\u00e9tails, entre coraux et poissons fa\u00e7on gravure, elle donne une vraie personnalit\u00e9 \u00e0 notre organisation.C\u00f4t\u00e9 mati\u00e8re \/ fabrication :Corps [&hellip;]<\/p>\n","protected":false},"featured_media":4055172,"comment_status":"open","ping_status":"closed","template":"","meta":[],"product_brand":[],"product_cat":[],"product_tag":[],"acf":[],"_links":{"self":[{"href":"https:\/\/streetmarkets.fr\/app\/wp-json\/wp\/v2\/product\/4055171"}],"collection":[{"href":"https:\/\/streetmarkets.fr\/app\/wp-json\/wp\/v2\/product"}],"about":[{"href":"https:\/\/streetmarkets.fr\/app\/wp-json\/wp\/v2\/types\/product"}],"replies":[{"embeddable":true,"href":"https:\/\/streetmarkets.fr\/app\/wp-json\/wp\/v2\/comments?post=4055171"}],"wp:featuredmedia":[{"embeddable":true,"href":"https:\/\/streetmarkets.fr\/app\/wp-json\/wp\/v2\/media\/4055172"}],"wp:attachment":[{"href":"https:\/\/streetmarkets.fr\/app\/wp-json\/wp\/v2\/media?parent=4055171"}],"wp:term":[{"taxonomy":"product_brand","embeddable":true,"href":"https:\/\/streetmarkets.fr\/app\/wp-json\/wp\/v2\/product_brand?post=4055171"},{"taxonomy":"product_cat","embeddable":true,"href":"https:\/\/streetmarkets.fr\/app\/wp-json\/wp\/v2\/product_cat?post=4055171"},{"taxonomy":"product_tag","embeddable":true,"href":"https:\/\/streetmarkets.fr\/app\/wp-json\/wp\/v2\/product_tag?post=4055171"}],"curies":[{"name":"wp","href":"https:\/\/api.w.org\/{rel}","templated":true}]}}