{"id":4054618,"date":"2026-04-30T02:40:36","date_gmt":"2026-04-30T00:40:36","guid":{"rendered":"https:\/\/streetmarkets.fr\/app\/produit\/1906r-pour-homme-242-m-grey\/"},"modified":"2026-05-16T02:46:54","modified_gmt":"2026-05-16T00:46:54","slug":"1906r-pour-homme-242-m-grey","status":"publish","type":"product","link":"https:\/\/streetmarkets.fr\/app\/produit\/1906r-pour-homme-242-m-grey\/","title":{"rendered":"1906R pour Homme (242 \/ M \/ GREY)"},"content":{"rendered":"<p>La chaussure de running New Balance 1906R pr\u00e9sente une empeigne en mesh avec des empi\u00e8cements synth\u00e9tiques, ainsi qu&#8217;une semelle interm\u00e9diaire et un talon dot\u00e9s d&#8217;un amorti sp\u00e9cifique.<\/p>\n<ul>\n<li>Mod\u00e8le\u00a0: M1906RER<\/li>\n<li>Couleur\u00a0: Argent m\u00e9tallis\u00e9 avec noir et sel de mer<\/li>\n<\/ul>\n","protected":false},"excerpt":{"rendered":"<p>La chaussure de running New Balance 1906R pr\u00e9sente une empeigne en mesh avec des empi\u00e8cements synth\u00e9tiques, ainsi qu&#8217;une semelle interm\u00e9diaire et un talon dot\u00e9s d&#8217;un amorti sp\u00e9cifique. Mod\u00e8le\u00a0: M1906RER Couleur\u00a0: Argent m\u00e9tallis\u00e9 avec noir et sel de mer<\/p>\n","protected":false},"featured_media":4146468,"comment_status":"open","ping_status":"closed","template":"","meta":[],"product_brand":[7132],"product_cat":[],"product_tag":[],"acf":[],"_links":{"self":[{"href":"https:\/\/streetmarkets.fr\/app\/wp-json\/wp\/v2\/product\/4054618"}],"collection":[{"href":"https:\/\/streetmarkets.fr\/app\/wp-json\/wp\/v2\/product"}],"about":[{"href":"https:\/\/streetmarkets.fr\/app\/wp-json\/wp\/v2\/types\/product"}],"replies":[{"embeddable":true,"href":"https:\/\/streetmarkets.fr\/app\/wp-json\/wp\/v2\/comments?post=4054618"}],"wp:featuredmedia":[{"embeddable":true,"href":"https:\/\/streetmarkets.fr\/app\/wp-json\/wp\/v2\/media\/4146468"}],"wp:attachment":[{"href":"https:\/\/streetmarkets.fr\/app\/wp-json\/wp\/v2\/media?parent=4054618"}],"wp:term":[{"taxonomy":"product_brand","embeddable":true,"href":"https:\/\/streetmarkets.fr\/app\/wp-json\/wp\/v2\/product_brand?post=4054618"},{"taxonomy":"product_cat","embeddable":true,"href":"https:\/\/streetmarkets.fr\/app\/wp-json\/wp\/v2\/product_cat?post=4054618"},{"taxonomy":"product_tag","embeddable":true,"href":"https:\/\/streetmarkets.fr\/app\/wp-json\/wp\/v2\/product_tag?post=4054618"}],"curies":[{"name":"wp","href":"https:\/\/api.w.org\/{rel}","templated":true}]}}