{"id":4054605,"date":"2026-04-30T02:40:35","date_gmt":"2026-04-30T00:40:35","guid":{"rendered":"https:\/\/streetmarkets.fr\/app\/produit\/medalist-low-pour-homme-251-m-black\/"},"modified":"2026-05-09T02:54:27","modified_gmt":"2026-05-09T00:54:27","slug":"medalist-low-pour-homme-251-m-black","status":"publish","type":"product","link":"https:\/\/streetmarkets.fr\/app\/produit\/medalist-low-pour-homme-251-m-black\/","title":{"rendered":"Medalist Low pour Homme (251 \/ M \/ BLACK)"},"content":{"rendered":"<p>La Autry Medalist Low est dot\u00e9e d&#8217;une tige en cuir blanc, d&#8217;un bout perfor\u00e9 et d&#8217;un col de cheville rembourr\u00e9 noir.<\/p>\n<ul>\n<li>Taille normalement<\/li>\n<li>Hauteur de la semelle : 2,5 &#8211; 3,5 cm<\/li>\n<li>Mod\u00e8le : AULM-LL22<\/li>\n<li>Couleur : Cuir blanc et noir<\/li>\n<\/ul>\n","protected":false},"excerpt":{"rendered":"<p>La Autry Medalist Low est dot\u00e9e d&#8217;une tige en cuir blanc, d&#8217;un bout perfor\u00e9 et d&#8217;un col de cheville rembourr\u00e9 noir. Taille normalement Hauteur de la semelle : 2,5 &#8211; 3,5 cm Mod\u00e8le : AULM-LL22 Couleur : Cuir blanc et noir<\/p>\n","protected":false},"featured_media":4108224,"comment_status":"open","ping_status":"closed","template":"","meta":[],"product_brand":[2532],"product_cat":[],"product_tag":[],"acf":[],"_links":{"self":[{"href":"https:\/\/streetmarkets.fr\/app\/wp-json\/wp\/v2\/product\/4054605"}],"collection":[{"href":"https:\/\/streetmarkets.fr\/app\/wp-json\/wp\/v2\/product"}],"about":[{"href":"https:\/\/streetmarkets.fr\/app\/wp-json\/wp\/v2\/types\/product"}],"replies":[{"embeddable":true,"href":"https:\/\/streetmarkets.fr\/app\/wp-json\/wp\/v2\/comments?post=4054605"}],"wp:featuredmedia":[{"embeddable":true,"href":"https:\/\/streetmarkets.fr\/app\/wp-json\/wp\/v2\/media\/4108224"}],"wp:attachment":[{"href":"https:\/\/streetmarkets.fr\/app\/wp-json\/wp\/v2\/media?parent=4054605"}],"wp:term":[{"taxonomy":"product_brand","embeddable":true,"href":"https:\/\/streetmarkets.fr\/app\/wp-json\/wp\/v2\/product_brand?post=4054605"},{"taxonomy":"product_cat","embeddable":true,"href":"https:\/\/streetmarkets.fr\/app\/wp-json\/wp\/v2\/product_cat?post=4054605"},{"taxonomy":"product_tag","embeddable":true,"href":"https:\/\/streetmarkets.fr\/app\/wp-json\/wp\/v2\/product_tag?post=4054605"}],"curies":[{"name":"wp","href":"https:\/\/api.w.org\/{rel}","templated":true}]}}