{"id":4054594,"date":"2026-04-30T02:40:24","date_gmt":"2026-04-30T00:40:24","guid":{"rendered":"https:\/\/streetmarkets.fr\/app\/produit\/medalist-low-pour-femme-251-w-white\/"},"modified":"2026-05-10T02:57:57","modified_gmt":"2026-05-10T00:57:57","slug":"medalist-low-pour-femme-251-w-white","status":"publish","type":"product","link":"https:\/\/streetmarkets.fr\/app\/produit\/medalist-low-pour-femme-251-w-white\/","title":{"rendered":"Medalist Low pour Femme (251 \/ W \/ WHITE)"},"content":{"rendered":"<p>La sneaker Autry Medalist Low pr\u00e9sente une tige en cuir blanc souple avec des empi\u00e8cements en daim doux, un bout perfor\u00e9 et un empi\u00e8cement au talon en cuir blanc.<\/p>\n<ul>\n<li>Taille normalement<\/li>\n<li>Hauteur de la semelle\u00a0: 2.5 cm &#8211; 3.5 cm<\/li>\n<li>Mod\u00e8le\u00a0: AULW-LS33<\/li>\n<li>Couleur\u00a0: Cuir blanc et daim beige<\/li>\n<\/ul>\n","protected":false},"excerpt":{"rendered":"<p>La sneaker Autry Medalist Low pr\u00e9sente une tige en cuir blanc souple avec des empi\u00e8cements en daim doux, un bout perfor\u00e9 et un empi\u00e8cement au talon en cuir blanc. Taille normalement Hauteur de la semelle\u00a0: 2.5 cm &#8211; 3.5 cm Mod\u00e8le\u00a0: AULW-LS33 Couleur\u00a0: Cuir blanc et daim beige<\/p>\n","protected":false},"featured_media":4113223,"comment_status":"open","ping_status":"closed","template":"","meta":[],"product_brand":[2532],"product_cat":[],"product_tag":[],"acf":[],"_links":{"self":[{"href":"https:\/\/streetmarkets.fr\/app\/wp-json\/wp\/v2\/product\/4054594"}],"collection":[{"href":"https:\/\/streetmarkets.fr\/app\/wp-json\/wp\/v2\/product"}],"about":[{"href":"https:\/\/streetmarkets.fr\/app\/wp-json\/wp\/v2\/types\/product"}],"replies":[{"embeddable":true,"href":"https:\/\/streetmarkets.fr\/app\/wp-json\/wp\/v2\/comments?post=4054594"}],"wp:featuredmedia":[{"embeddable":true,"href":"https:\/\/streetmarkets.fr\/app\/wp-json\/wp\/v2\/media\/4113223"}],"wp:attachment":[{"href":"https:\/\/streetmarkets.fr\/app\/wp-json\/wp\/v2\/media?parent=4054594"}],"wp:term":[{"taxonomy":"product_brand","embeddable":true,"href":"https:\/\/streetmarkets.fr\/app\/wp-json\/wp\/v2\/product_brand?post=4054594"},{"taxonomy":"product_cat","embeddable":true,"href":"https:\/\/streetmarkets.fr\/app\/wp-json\/wp\/v2\/product_cat?post=4054594"},{"taxonomy":"product_tag","embeddable":true,"href":"https:\/\/streetmarkets.fr\/app\/wp-json\/wp\/v2\/product_tag?post=4054594"}],"curies":[{"name":"wp","href":"https:\/\/api.w.org\/{rel}","templated":true}]}}