{"id":4054588,"date":"2026-04-30T02:40:24","date_gmt":"2026-04-30T00:40:24","guid":{"rendered":"https:\/\/streetmarkets.fr\/app\/produit\/bagues-doreilles-creoles-capucine-251-w-gold\/"},"modified":"2026-05-10T02:57:57","modified_gmt":"2026-05-10T00:57:57","slug":"bagues-doreilles-creoles-capucine-251-w-gold","status":"publish","type":"product","link":"https:\/\/streetmarkets.fr\/app\/produit\/bagues-doreilles-creoles-capucine-251-w-gold\/","title":{"rendered":"Bagues d&#8217;oreilles cr\u00e9oles Capucine (251 \/ W \/ GOLD)"},"content":{"rendered":"<p>Les bagues d&#8217;oreille Capucine Hoop de BDM Studio se composent de d\u00e9licats anneaux, chacun plaqu\u00e9 or 24 carats. L&#8217;une se porte \u00e0 l&#8217;avant de l&#8217;oreille, tandis que l&#8217;autre se fixe \u00e0 l&#8217;arri\u00e8re.<\/p>\n<ul>\n<li>Boucles d&#8217;oreilles vendues par paire<\/li>\n<li>Pour oreilles perc\u00e9es<\/li>\n<li>Longueur\u00a0: 2 cm<\/li>\n<li>Style\u00a0: Capucine<\/li>\n<li>Couleur\u00a0: Dor\u00e9<\/li>\n<\/ul>\n","protected":false},"excerpt":{"rendered":"<p>Les bagues d&#8217;oreille Capucine Hoop de BDM Studio se composent de d\u00e9licats anneaux, chacun plaqu\u00e9 or 24 carats. L&#8217;une se porte \u00e0 l&#8217;avant de l&#8217;oreille, tandis que l&#8217;autre se fixe \u00e0 l&#8217;arri\u00e8re. Boucles d&#8217;oreilles vendues par paire Pour oreilles perc\u00e9es Longueur\u00a0: 2 cm Style\u00a0: Capucine Couleur\u00a0: Dor\u00e9<\/p>\n","protected":false},"featured_media":4113219,"comment_status":"open","ping_status":"closed","template":"","meta":[],"product_brand":[],"product_cat":[],"product_tag":[],"acf":[],"_links":{"self":[{"href":"https:\/\/streetmarkets.fr\/app\/wp-json\/wp\/v2\/product\/4054588"}],"collection":[{"href":"https:\/\/streetmarkets.fr\/app\/wp-json\/wp\/v2\/product"}],"about":[{"href":"https:\/\/streetmarkets.fr\/app\/wp-json\/wp\/v2\/types\/product"}],"replies":[{"embeddable":true,"href":"https:\/\/streetmarkets.fr\/app\/wp-json\/wp\/v2\/comments?post=4054588"}],"wp:featuredmedia":[{"embeddable":true,"href":"https:\/\/streetmarkets.fr\/app\/wp-json\/wp\/v2\/media\/4113219"}],"wp:attachment":[{"href":"https:\/\/streetmarkets.fr\/app\/wp-json\/wp\/v2\/media?parent=4054588"}],"wp:term":[{"taxonomy":"product_brand","embeddable":true,"href":"https:\/\/streetmarkets.fr\/app\/wp-json\/wp\/v2\/product_brand?post=4054588"},{"taxonomy":"product_cat","embeddable":true,"href":"https:\/\/streetmarkets.fr\/app\/wp-json\/wp\/v2\/product_cat?post=4054588"},{"taxonomy":"product_tag","embeddable":true,"href":"https:\/\/streetmarkets.fr\/app\/wp-json\/wp\/v2\/product_tag?post=4054588"}],"curies":[{"name":"wp","href":"https:\/\/api.w.org\/{rel}","templated":true}]}}