{"id":4054490,"date":"2026-04-30T02:40:15","date_gmt":"2026-04-30T00:40:15","guid":{"rendered":"https:\/\/streetmarkets.fr\/app\/produit\/t-shirt-col-rond-bleu-vice-252-w-parker\/"},"modified":"2026-05-12T02:45:28","modified_gmt":"2026-05-12T00:45:28","slug":"t-shirt-col-rond-bleu-vice-252-w-parker","status":"publish","type":"product","link":"https:\/\/streetmarkets.fr\/app\/produit\/t-shirt-col-rond-bleu-vice-252-w-parker\/","title":{"rendered":"T-shirt col rond bleu Vice (252 \/ W \/ PARKER)"},"content":{"rendered":"<p>T-shirt bleu fonc\u00e9 \u00e0 \u00e9paules repli\u00e9es et encolure ronde en jersey de coton.<\/p>\n<ul>\n<li>Coupe classique<\/li>\n<li>Col rond, c\u00f4tel\u00e9<\/li>\n<li>Large emmanchure<\/li>\n<li>\u00c9paules repli\u00e9es et exag\u00e9r\u00e9es<\/li>\n<li>Jersey de poids moyen<\/li>\n<\/ul>\n","protected":false},"excerpt":{"rendered":"<p>T-shirt bleu fonc\u00e9 \u00e0 \u00e9paules repli\u00e9es et encolure ronde en jersey de coton. Coupe classique Col rond, c\u00f4tel\u00e9 Large emmanchure \u00c9paules repli\u00e9es et exag\u00e9r\u00e9es Jersey de poids moyen<\/p>\n","protected":false},"featured_media":4124048,"comment_status":"open","ping_status":"closed","template":"","meta":[],"product_brand":[2529],"product_cat":[],"product_tag":[],"acf":[],"_links":{"self":[{"href":"https:\/\/streetmarkets.fr\/app\/wp-json\/wp\/v2\/product\/4054490"}],"collection":[{"href":"https:\/\/streetmarkets.fr\/app\/wp-json\/wp\/v2\/product"}],"about":[{"href":"https:\/\/streetmarkets.fr\/app\/wp-json\/wp\/v2\/types\/product"}],"replies":[{"embeddable":true,"href":"https:\/\/streetmarkets.fr\/app\/wp-json\/wp\/v2\/comments?post=4054490"}],"wp:featuredmedia":[{"embeddable":true,"href":"https:\/\/streetmarkets.fr\/app\/wp-json\/wp\/v2\/media\/4124048"}],"wp:attachment":[{"href":"https:\/\/streetmarkets.fr\/app\/wp-json\/wp\/v2\/media?parent=4054490"}],"wp:term":[{"taxonomy":"product_brand","embeddable":true,"href":"https:\/\/streetmarkets.fr\/app\/wp-json\/wp\/v2\/product_brand?post=4054490"},{"taxonomy":"product_cat","embeddable":true,"href":"https:\/\/streetmarkets.fr\/app\/wp-json\/wp\/v2\/product_cat?post=4054490"},{"taxonomy":"product_tag","embeddable":true,"href":"https:\/\/streetmarkets.fr\/app\/wp-json\/wp\/v2\/product_tag?post=4054490"}],"curies":[{"name":"wp","href":"https:\/\/api.w.org\/{rel}","templated":true}]}}