{"id":4054475,"date":"2026-04-30T02:40:14","date_gmt":"2026-04-30T00:40:14","guid":{"rendered":"https:\/\/streetmarkets.fr\/app\/produit\/pantalon-paperbag-bleu-marine-lilo-252-w-stripe-a\/"},"modified":"2026-05-13T02:45:25","modified_gmt":"2026-05-13T00:45:25","slug":"pantalon-paperbag-bleu-marine-lilo-252-w-stripe-a","status":"publish","type":"product","link":"https:\/\/streetmarkets.fr\/app\/produit\/pantalon-paperbag-bleu-marine-lilo-252-w-stripe-a\/","title":{"rendered":"Pantalon paperbag bleu marine Lilo (252 \/ W \/ STRIPE A)"},"content":{"rendered":"<p>Pantalon d\u00e9contract\u00e9 avec une taille paperbag, des jambes fusel\u00e9es et des boutons sur le devant, en s\u00e8rge de coton et chanvre \u00e0 rayures marine et \u00e9cru.<\/p>\n<ul>\n<li>Coupe d\u00e9contract\u00e9e<\/li>\n<li>Taille \u00e9lastique style paperbag<\/li>\n<li>Jambes tapered et courtes<\/li>\n<li>Sans \u00e9lasticit\u00e9<\/li>\n<li>Boutons en corne sur le devant<\/li>\n<li>Poche arri\u00e8re plaqu\u00e9e<\/li>\n<\/ul>\n","protected":false},"excerpt":{"rendered":"<p>Pantalon d\u00e9contract\u00e9 avec une taille paperbag, des jambes fusel\u00e9es et des boutons sur le devant, en s\u00e8rge de coton et chanvre \u00e0 rayures marine et \u00e9cru. Coupe d\u00e9contract\u00e9e Taille \u00e9lastique style paperbag Jambes tapered et courtes Sans \u00e9lasticit\u00e9 Boutons en corne sur le devant Poche arri\u00e8re plaqu\u00e9e<\/p>\n","protected":false},"featured_media":4130390,"comment_status":"open","ping_status":"closed","template":"","meta":[],"product_brand":[2529],"product_cat":[],"product_tag":[],"acf":[],"_links":{"self":[{"href":"https:\/\/streetmarkets.fr\/app\/wp-json\/wp\/v2\/product\/4054475"}],"collection":[{"href":"https:\/\/streetmarkets.fr\/app\/wp-json\/wp\/v2\/product"}],"about":[{"href":"https:\/\/streetmarkets.fr\/app\/wp-json\/wp\/v2\/types\/product"}],"replies":[{"embeddable":true,"href":"https:\/\/streetmarkets.fr\/app\/wp-json\/wp\/v2\/comments?post=4054475"}],"wp:featuredmedia":[{"embeddable":true,"href":"https:\/\/streetmarkets.fr\/app\/wp-json\/wp\/v2\/media\/4130390"}],"wp:attachment":[{"href":"https:\/\/streetmarkets.fr\/app\/wp-json\/wp\/v2\/media?parent=4054475"}],"wp:term":[{"taxonomy":"product_brand","embeddable":true,"href":"https:\/\/streetmarkets.fr\/app\/wp-json\/wp\/v2\/product_brand?post=4054475"},{"taxonomy":"product_cat","embeddable":true,"href":"https:\/\/streetmarkets.fr\/app\/wp-json\/wp\/v2\/product_cat?post=4054475"},{"taxonomy":"product_tag","embeddable":true,"href":"https:\/\/streetmarkets.fr\/app\/wp-json\/wp\/v2\/product_tag?post=4054475"}],"curies":[{"name":"wp","href":"https:\/\/api.w.org\/{rel}","templated":true}]}}