{"id":4054449,"date":"2026-04-30T02:40:12","date_gmt":"2026-04-30T00:40:12","guid":{"rendered":"https:\/\/streetmarkets.fr\/app\/produit\/jean-slim-bleu-denim-n-04-251-m-md-blue-marble\/"},"modified":"2026-05-08T02:54:43","modified_gmt":"2026-05-08T00:54:43","slug":"jean-slim-bleu-denim-n-04-251-m-md-blue-marble","status":"publish","type":"product","link":"https:\/\/streetmarkets.fr\/app\/produit\/jean-slim-bleu-denim-n-04-251-m-md-blue-marble\/","title":{"rendered":"Jean slim bleu &#8211; Denim N. 04 (251 \/ M \/ MD BLUE MARBLE)"},"content":{"rendered":"<p>Jean slim taille basse avec des jambes fusel\u00e9es en denim de coton d\u00e9lav\u00e9 bleu moyen.<\/p>\n<ul>\n<li>Coupe slim<\/li>\n<li>Taille basse, jambes fusel\u00e9es<\/li>\n<li>Denim non extensible de poids moyen<\/li>\n<li>Fermeture zipp\u00e9e<\/li>\n<li>Longueur entrejambe : 81 cm (pour la taille 32)<\/li>\n<li>La longueur de l&#8217;entrejambe varie l\u00e9g\u00e8rement en fonction de la taille choisie afin d&#8217;assurer une coupe proportionn\u00e9e.<\/li>\n<li>Ourlet : 17,5 cm<\/li>\n<li>Anciennement connu sous le nom de Keegan Jeans<\/li>\n<li>Ensemble assorti avec la surchemise en denim Poach<\/li>\n<\/ul>\n","protected":false},"excerpt":{"rendered":"<p>Jean slim taille basse avec des jambes fusel\u00e9es en denim de coton d\u00e9lav\u00e9 bleu moyen. Coupe slim Taille basse, jambes fusel\u00e9es Denim non extensible de poids moyen Fermeture zipp\u00e9e Longueur entrejambe : 81 cm (pour la taille 32) La longueur de l&#8217;entrejambe varie l\u00e9g\u00e8rement en fonction de la taille choisie afin d&#8217;assurer une coupe proportionn\u00e9e. [&hellip;]<\/p>\n","protected":false},"featured_media":4102623,"comment_status":"open","ping_status":"closed","template":"","meta":[],"product_brand":[2529],"product_cat":[],"product_tag":[],"acf":[],"_links":{"self":[{"href":"https:\/\/streetmarkets.fr\/app\/wp-json\/wp\/v2\/product\/4054449"}],"collection":[{"href":"https:\/\/streetmarkets.fr\/app\/wp-json\/wp\/v2\/product"}],"about":[{"href":"https:\/\/streetmarkets.fr\/app\/wp-json\/wp\/v2\/types\/product"}],"replies":[{"embeddable":true,"href":"https:\/\/streetmarkets.fr\/app\/wp-json\/wp\/v2\/comments?post=4054449"}],"wp:featuredmedia":[{"embeddable":true,"href":"https:\/\/streetmarkets.fr\/app\/wp-json\/wp\/v2\/media\/4102623"}],"wp:attachment":[{"href":"https:\/\/streetmarkets.fr\/app\/wp-json\/wp\/v2\/media?parent=4054449"}],"wp:term":[{"taxonomy":"product_brand","embeddable":true,"href":"https:\/\/streetmarkets.fr\/app\/wp-json\/wp\/v2\/product_brand?post=4054449"},{"taxonomy":"product_cat","embeddable":true,"href":"https:\/\/streetmarkets.fr\/app\/wp-json\/wp\/v2\/product_cat?post=4054449"},{"taxonomy":"product_tag","embeddable":true,"href":"https:\/\/streetmarkets.fr\/app\/wp-json\/wp\/v2\/product_tag?post=4054449"}],"curies":[{"name":"wp","href":"https:\/\/api.w.org\/{rel}","templated":true}]}}