{"id":4054339,"date":"2026-04-30T02:40:00","date_gmt":"2026-04-30T00:40:00","guid":{"rendered":"https:\/\/streetmarkets.fr\/app\/produit\/pantalon-decontracte-kaki-pasop-252-w-army\/"},"modified":"2026-05-11T02:54:13","modified_gmt":"2026-05-11T00:54:13","slug":"pantalon-decontracte-kaki-pasop-252-w-army","status":"publish","type":"product","link":"https:\/\/streetmarkets.fr\/app\/produit\/pantalon-decontracte-kaki-pasop-252-w-army\/","title":{"rendered":"Pantalon d\u00e9contract\u00e9 kaki Pasop (252 \/ W \/ ARMY)"},"content":{"rendered":"<p>Pantalon d\u00e9contract\u00e9 avec taille arri\u00e8re \u00e9lastiqu\u00e9e, en coton et lin kaki.<\/p>\n<ul>\n<li>Coupe d\u00e9contract\u00e9e<\/li>\n<li>Jambes droites<\/li>\n<li>Taille arri\u00e8re \u00e9lastiqu\u00e9e<\/li>\n<li>Sans \u00e9lasticit\u00e9<\/li>\n<li>Poche \u00e0 l&#8217;arri\u00e8re<\/li>\n<li>Fermeture zipp\u00e9e et bouton sur le devant<\/li>\n<\/ul>\n","protected":false},"excerpt":{"rendered":"<p>Pantalon d\u00e9contract\u00e9 avec taille arri\u00e8re \u00e9lastiqu\u00e9e, en coton et lin kaki. Coupe d\u00e9contract\u00e9e Jambes droites Taille arri\u00e8re \u00e9lastiqu\u00e9e Sans \u00e9lasticit\u00e9 Poche \u00e0 l&#8217;arri\u00e8re Fermeture zipp\u00e9e et bouton sur le devant<\/p>\n","protected":false},"featured_media":4118849,"comment_status":"open","ping_status":"closed","template":"","meta":[],"product_brand":[2529],"product_cat":[],"product_tag":[],"acf":[],"_links":{"self":[{"href":"https:\/\/streetmarkets.fr\/app\/wp-json\/wp\/v2\/product\/4054339"}],"collection":[{"href":"https:\/\/streetmarkets.fr\/app\/wp-json\/wp\/v2\/product"}],"about":[{"href":"https:\/\/streetmarkets.fr\/app\/wp-json\/wp\/v2\/types\/product"}],"replies":[{"embeddable":true,"href":"https:\/\/streetmarkets.fr\/app\/wp-json\/wp\/v2\/comments?post=4054339"}],"wp:featuredmedia":[{"embeddable":true,"href":"https:\/\/streetmarkets.fr\/app\/wp-json\/wp\/v2\/media\/4118849"}],"wp:attachment":[{"href":"https:\/\/streetmarkets.fr\/app\/wp-json\/wp\/v2\/media?parent=4054339"}],"wp:term":[{"taxonomy":"product_brand","embeddable":true,"href":"https:\/\/streetmarkets.fr\/app\/wp-json\/wp\/v2\/product_brand?post=4054339"},{"taxonomy":"product_cat","embeddable":true,"href":"https:\/\/streetmarkets.fr\/app\/wp-json\/wp\/v2\/product_cat?post=4054339"},{"taxonomy":"product_tag","embeddable":true,"href":"https:\/\/streetmarkets.fr\/app\/wp-json\/wp\/v2\/product_tag?post=4054339"}],"curies":[{"name":"wp","href":"https:\/\/api.w.org\/{rel}","templated":true}]}}