{"id":4054296,"date":"2026-04-30T02:39:56","date_gmt":"2026-04-30T00:39:56","guid":{"rendered":"https:\/\/streetmarkets.fr\/app\/produit\/jean-large-noir-denim-n-64-252-w-used-black\/"},"modified":"2026-05-11T02:54:13","modified_gmt":"2026-05-11T00:54:13","slug":"jean-large-noir-denim-n-64-252-w-used-black","status":"publish","type":"product","link":"https:\/\/streetmarkets.fr\/app\/produit\/jean-large-noir-denim-n-64-252-w-used-black\/","title":{"rendered":"Jean large noir &#8211; Denim N. 64 (252 \/ W \/ USED BLACK)"},"content":{"rendered":"<p>Jean boyfriend en denim noir d\u00e9lav\u00e9, jambes larges et taille mi-haute, avec d\u00e9tails us\u00e9s sur l&#8217;ourlet.<\/p>\n<ul>\n<li><b>Choisissez une taille en dessous pour une coupe plus ajust\u00e9e et une taille plus haute.<\/b><\/li>\n<li>Coupe d\u00e9contract\u00e9e : Plus ample au niveau des hanches pour plus d&#8217;aisance et de confort.<\/li>\n<li>Taille mi-haute, jambes larges<\/li>\n<li>Denim de poids moyen, sans \u00e9lasticit\u00e9<\/li>\n<li>Lavage noir d\u00e9lav\u00e9<\/li>\n<li>Braguette zipp\u00e9e<\/li>\n<li>Entrejambe : 32&#8243; (bas\u00e9 sur une taille 26)<\/li>\n<li>La longueur d\u2019entrejambe s\u2019ajuste l\u00e9g\u00e8rement en fonction de la taille s\u00e9lectionn\u00e9e pour garantir une coupe proportionn\u00e9e.<\/li>\n<li>Pr\u00e9c\u00e9demment : Jean Parthe<\/li>\n<\/ul>\n","protected":false},"excerpt":{"rendered":"<p>Jean boyfriend en denim noir d\u00e9lav\u00e9, jambes larges et taille mi-haute, avec d\u00e9tails us\u00e9s sur l&#8217;ourlet. Choisissez une taille en dessous pour une coupe plus ajust\u00e9e et une taille plus haute. Coupe d\u00e9contract\u00e9e : Plus ample au niveau des hanches pour plus d&#8217;aisance et de confort. Taille mi-haute, jambes larges Denim de poids moyen, sans [&hellip;]<\/p>\n","protected":false},"featured_media":4118826,"comment_status":"open","ping_status":"closed","template":"","meta":[],"product_brand":[2529],"product_cat":[],"product_tag":[],"acf":[],"_links":{"self":[{"href":"https:\/\/streetmarkets.fr\/app\/wp-json\/wp\/v2\/product\/4054296"}],"collection":[{"href":"https:\/\/streetmarkets.fr\/app\/wp-json\/wp\/v2\/product"}],"about":[{"href":"https:\/\/streetmarkets.fr\/app\/wp-json\/wp\/v2\/types\/product"}],"replies":[{"embeddable":true,"href":"https:\/\/streetmarkets.fr\/app\/wp-json\/wp\/v2\/comments?post=4054296"}],"wp:featuredmedia":[{"embeddable":true,"href":"https:\/\/streetmarkets.fr\/app\/wp-json\/wp\/v2\/media\/4118826"}],"wp:attachment":[{"href":"https:\/\/streetmarkets.fr\/app\/wp-json\/wp\/v2\/media?parent=4054296"}],"wp:term":[{"taxonomy":"product_brand","embeddable":true,"href":"https:\/\/streetmarkets.fr\/app\/wp-json\/wp\/v2\/product_brand?post=4054296"},{"taxonomy":"product_cat","embeddable":true,"href":"https:\/\/streetmarkets.fr\/app\/wp-json\/wp\/v2\/product_cat?post=4054296"},{"taxonomy":"product_tag","embeddable":true,"href":"https:\/\/streetmarkets.fr\/app\/wp-json\/wp\/v2\/product_tag?post=4054296"}],"curies":[{"name":"wp","href":"https:\/\/api.w.org\/{rel}","templated":true}]}}