{"id":4054271,"date":"2026-04-30T02:39:54","date_gmt":"2026-04-30T00:39:54","guid":{"rendered":"https:\/\/streetmarkets.fr\/app\/produit\/chemise-blanche-en-popeline-de-coton-giorgia-252-w-white\/"},"modified":"2026-05-11T02:54:13","modified_gmt":"2026-05-11T00:54:13","slug":"chemise-blanche-en-popeline-de-coton-giorgia-252-w-white","status":"publish","type":"product","link":"https:\/\/streetmarkets.fr\/app\/produit\/chemise-blanche-en-popeline-de-coton-giorgia-252-w-white\/","title":{"rendered":"Chemise blanche en popeline de coton Giorgia (252 \/ W \/ WHITE)"},"content":{"rendered":"<p>Chemise oversized en popeline de coton blanc \u00e0 col classique, avec \u00e9paules tombantes et poche poitrine.<\/p>\n<ul>\n<li>Coupe oversized : Choisissez votre taille habituelle pour le look oversize ou optez pour une taille en dessous pour un style plus ajust\u00e9.<\/li>\n<li>Manches longues avec poignets boutonn\u00e9s<\/li>\n<li>Fermeture boutonn\u00e9e sur le devant<\/li>\n<li>\u00c9paules tombantes<\/li>\n<li>Poche poitrine plaqu\u00e9e<\/li>\n<li>Ourlets incurv\u00e9s<\/li>\n<\/ul>\n","protected":false},"excerpt":{"rendered":"<p>Chemise oversized en popeline de coton blanc \u00e0 col classique, avec \u00e9paules tombantes et poche poitrine. Coupe oversized : Choisissez votre taille habituelle pour le look oversize ou optez pour une taille en dessous pour un style plus ajust\u00e9. Manches longues avec poignets boutonn\u00e9s Fermeture boutonn\u00e9e sur le devant \u00c9paules tombantes Poche poitrine plaqu\u00e9e Ourlets [&hellip;]<\/p>\n","protected":false},"featured_media":4118811,"comment_status":"open","ping_status":"closed","template":"","meta":[],"product_brand":[2529],"product_cat":[],"product_tag":[],"acf":[],"_links":{"self":[{"href":"https:\/\/streetmarkets.fr\/app\/wp-json\/wp\/v2\/product\/4054271"}],"collection":[{"href":"https:\/\/streetmarkets.fr\/app\/wp-json\/wp\/v2\/product"}],"about":[{"href":"https:\/\/streetmarkets.fr\/app\/wp-json\/wp\/v2\/types\/product"}],"replies":[{"embeddable":true,"href":"https:\/\/streetmarkets.fr\/app\/wp-json\/wp\/v2\/comments?post=4054271"}],"wp:featuredmedia":[{"embeddable":true,"href":"https:\/\/streetmarkets.fr\/app\/wp-json\/wp\/v2\/media\/4118811"}],"wp:attachment":[{"href":"https:\/\/streetmarkets.fr\/app\/wp-json\/wp\/v2\/media?parent=4054271"}],"wp:term":[{"taxonomy":"product_brand","embeddable":true,"href":"https:\/\/streetmarkets.fr\/app\/wp-json\/wp\/v2\/product_brand?post=4054271"},{"taxonomy":"product_cat","embeddable":true,"href":"https:\/\/streetmarkets.fr\/app\/wp-json\/wp\/v2\/product_cat?post=4054271"},{"taxonomy":"product_tag","embeddable":true,"href":"https:\/\/streetmarkets.fr\/app\/wp-json\/wp\/v2\/product_tag?post=4054271"}],"curies":[{"name":"wp","href":"https:\/\/api.w.org\/{rel}","templated":true}]}}